{"id":4810,"date":"2022-05-03T23:34:18","date_gmt":"2022-05-03T23:34:18","guid":{"rendered":"https:\/\/tavapy.gov.py\/biblioteca\/?post_type=product&#038;p=4810"},"modified":"2022-05-03T23:34:18","modified_gmt":"2022-05-03T23:34:18","slug":"patas-arriba-la-escuela-del-mundo-al-reves","status":"publish","type":"product","link":"https:\/\/tavapy.gov.py\/biblioteca\/product\/patas-arriba-la-escuela-del-mundo-al-reves\/","title":{"rendered":"PATAS ARRIBA: LA ESCUELA DEL MUNDO AL REV\u00c9S."},"content":{"rendered":"","protected":false},"excerpt":{"rendered":"<p>Al fin del milenio, el mundo al rev\u00e9s est\u00e1 a la vista: es el mundo tal cual es, con la izquierda a la derecha, el ombligo en la espalda y la cabeza en los pies.<\/p>\n<p>En este libro publicado en 1.998, Galeano muestra por qu\u00e9 el mundo est\u00e1 al rev\u00e9s. Recuerda a Alicia en su viaje a trav\u00e9s del espejo y as\u00ed, recorre temas como la impunidad del poder, la sociedad de consumo, la injusticia, el racismo y el machismo.<\/p>\n<p>El autor se destaca en esta obra por su inconfundible estilo que cruza el ensayo, la poes\u00eda, la narraci\u00f3n y la cr\u00f3nica para mostrar sin tapujos las miserias de la sociedad contempor\u00e1nea.<\/p>\n<p><a href=\"https:\/\/tavapy.gov.py\/biblioteca\/wp-content\/uploads\/2022\/04\/GaleanoE-Patas-arriba.pdf\" target=\"_blank\" rel=\"attachment noopener wp-att-4712\"><img loading=\"lazy\" decoding=\"async\" class=\"size-full wp-image-4712 alignleft\" src=\"https:\/\/tavapy.gov.py\/biblioteca\/wp-content\/uploads\/2022\/04\/icono-PDF-copia-4.png\" alt=\"\" width=\"121\" height=\"140\" \/><\/a><\/p>\n","protected":false},"featured_media":4440,"comment_status":"open","ping_status":"closed","template":"","meta":{"spay_email":""},"product_cat":[249],"product_tag":[],"class_list":{"0":"post-4810","1":"product","2":"type-product","3":"status-publish","4":"has-post-thumbnail","6":"book_author-eduardo-galeano","7":"product_cat-ensayo-sociedad-y-politica","8":"entry"},"_links":{"self":[{"href":"https:\/\/tavapy.gov.py\/biblioteca\/wp-json\/wp\/v2\/product\/4810","targetHints":{"allow":["GET"]}}],"collection":[{"href":"https:\/\/tavapy.gov.py\/biblioteca\/wp-json\/wp\/v2\/product"}],"about":[{"href":"https:\/\/tavapy.gov.py\/biblioteca\/wp-json\/wp\/v2\/types\/product"}],"replies":[{"embeddable":true,"href":"https:\/\/tavapy.gov.py\/biblioteca\/wp-json\/wp\/v2\/comments?post=4810"}],"wp:featuredmedia":[{"embeddable":true,"href":"https:\/\/tavapy.gov.py\/biblioteca\/wp-json\/wp\/v2\/media\/4440"}],"wp:attachment":[{"href":"https:\/\/tavapy.gov.py\/biblioteca\/wp-json\/wp\/v2\/media?parent=4810"}],"wp:term":[{"taxonomy":"product_cat","embeddable":true,"href":"https:\/\/tavapy.gov.py\/biblioteca\/wp-json\/wp\/v2\/product_cat?post=4810"},{"taxonomy":"product_tag","embeddable":true,"href":"https:\/\/tavapy.gov.py\/biblioteca\/wp-json\/wp\/v2\/product_tag?post=4810"}],"curies":[{"name":"wp","href":"https:\/\/api.w.org\/{rel}","templated":true}]}}