{"id":4811,"date":"2022-05-03T23:41:22","date_gmt":"2022-05-03T23:41:22","guid":{"rendered":"https:\/\/tavapy.gov.py\/biblioteca\/?post_type=product&#038;p=4811"},"modified":"2022-05-03T23:41:22","modified_gmt":"2022-05-03T23:41:22","slug":"el-arte-de-amar","status":"publish","type":"product","link":"https:\/\/tavapy.gov.py\/biblioteca\/product\/el-arte-de-amar\/","title":{"rendered":"EL ARTE DE AMAR."},"content":{"rendered":"","protected":false},"excerpt":{"rendered":"<p>El arte de amar es un libro escrito por el soci\u00f3logo, psic\u00f3logo, fil\u00f3sofo y humanista jud\u00edo alem\u00e1n Erich Fromm, publicado en 1.956. Fromm fue miembro de la llamada Escuela de Frankfurt.<\/p>\n<p>En este libro, Fromm recapitula y complementa los principios te\u00f3ricos acerca de la naturaleza humana que ya hab\u00eda comenzado a desarrollar en El miedo a la libertad y en \u00c9tica y psicoan\u00e1lisis. Fromm postula que el amor puede ser producto de un estudio te\u00f3rico puesto que es un arte, \u00abas\u00ed como es un arte el vivir\u00bb y, para el dominio de cualquier arte es imperiosamente necesario que se llegue a un dominio profundo, tanto de la teor\u00eda como de la pr\u00e1ctica.\u200b<\/p>\n<p>El libro postula principalmente que el amor es la respuesta al problema de la existencia humana, puesto que el desarrollo de \u00e9ste conlleva a una disoluci\u00f3n del estado de separaci\u00f3n o separatividad sin perder la propia individualidad.<\/p>\n<p>Asimismo, estudia la naturaleza del amor en sus diversas formas: amor fraternal, amor de padre y de madre, amor a uno mismo, amor er\u00f3tico y amor a Dios. El autor postula que los elementos necesarios para el desarrollo de un amor maduro son el cuidado, la responsabilidad, el respeto y el conocimiento.<\/p>\n<p>En el cap\u00edtulo tres Fromm realiza un an\u00e1lisis del amor y su significado en la sociedad actual, con base en el cual llega a la conclusi\u00f3n de que el modo capitalista de producci\u00f3n tiende a enajenar al hombre y a imposibilitarlo -al menos socialmente- para amar.<\/p>\n<p><a href=\"https:\/\/tavapy.gov.py\/biblioteca\/wp-content\/uploads\/2022\/04\/Fromm-el-arte-de-amar.pdf\" target=\"_blank\" rel=\"attachment noopener wp-att-4712\"><img loading=\"lazy\" decoding=\"async\" class=\"size-full wp-image-4712 alignleft\" src=\"https:\/\/tavapy.gov.py\/biblioteca\/wp-content\/uploads\/2022\/04\/icono-PDF-copia-4.png\" alt=\"\" width=\"121\" height=\"140\" \/><\/a><\/p>\n","protected":false},"featured_media":4437,"comment_status":"open","ping_status":"closed","template":"","meta":{"spay_email":""},"product_cat":[498],"product_tag":[],"class_list":{"0":"post-4811","1":"product","2":"type-product","3":"status-publish","4":"has-post-thumbnail","6":"book_author-erich-fromm","7":"product_cat-psicologia-psicoanalisis-psicologia-social","8":"entry"},"_links":{"self":[{"href":"https:\/\/tavapy.gov.py\/biblioteca\/wp-json\/wp\/v2\/product\/4811","targetHints":{"allow":["GET"]}}],"collection":[{"href":"https:\/\/tavapy.gov.py\/biblioteca\/wp-json\/wp\/v2\/product"}],"about":[{"href":"https:\/\/tavapy.gov.py\/biblioteca\/wp-json\/wp\/v2\/types\/product"}],"replies":[{"embeddable":true,"href":"https:\/\/tavapy.gov.py\/biblioteca\/wp-json\/wp\/v2\/comments?post=4811"}],"wp:featuredmedia":[{"embeddable":true,"href":"https:\/\/tavapy.gov.py\/biblioteca\/wp-json\/wp\/v2\/media\/4437"}],"wp:attachment":[{"href":"https:\/\/tavapy.gov.py\/biblioteca\/wp-json\/wp\/v2\/media?parent=4811"}],"wp:term":[{"taxonomy":"product_cat","embeddable":true,"href":"https:\/\/tavapy.gov.py\/biblioteca\/wp-json\/wp\/v2\/product_cat?post=4811"},{"taxonomy":"product_tag","embeddable":true,"href":"https:\/\/tavapy.gov.py\/biblioteca\/wp-json\/wp\/v2\/product_tag?post=4811"}],"curies":[{"name":"wp","href":"https:\/\/api.w.org\/{rel}","templated":true}]}}