{"id":4812,"date":"2022-05-03T23:46:27","date_gmt":"2022-05-03T23:46:27","guid":{"rendered":"https:\/\/tavapy.gov.py\/biblioteca\/?post_type=product&#038;p=4812"},"modified":"2022-05-03T23:46:28","modified_gmt":"2022-05-03T23:46:28","slug":"lo-inconsciente","status":"publish","type":"product","link":"https:\/\/tavapy.gov.py\/biblioteca\/product\/lo-inconsciente\/","title":{"rendered":"LO INCONSCIENTE."},"content":{"rendered":"","protected":false},"excerpt":{"rendered":"<p>Fue el neur\u00f3logo austr\u00edaco quien dio una nueva dimensi\u00f3n a un t\u00e9rmino del que ya hab\u00edan teorizado fil\u00f3sofos como Eduard Von Hartmann o el mismo Arthur Schopenhauer. \u201cFreud le da un significado mucho m\u00e1s amplio y complejo\u201d, explica. Es el primero que lo aplica en el campo de la Psicolog\u00eda y el que inventa un nuevo m\u00e9todo para estudiarlo.<\/p>\n<p>Para Freud, conforme lo indicado en esta obra publicada en 1.915, el inconsciente \u201ces una instancia de nuestra psique (concepto que engloba todos los procesos mentales conscientes e inconscientes que lleva a cabo una persona) que est\u00e1 detr\u00e1s de lo que hacemos, decimos o deseamos\u201d.<\/p>\n<p>Esta obra signific\u00f3 el inicio del estudio de la mente desde una interesante perspectiva que dio pie a muchas teor\u00edas posteriores que trataron de explicar la psique humana y el funcionamiento de nuestro cerebro.<\/p>\n<p><a href=\"https:\/\/tavapy.gov.py\/biblioteca\/wp-content\/uploads\/2022\/04\/FreudS-Lo-inconsciente.pdf\" target=\"_blank\" rel=\"attachment noopener wp-att-4712\"><img loading=\"lazy\" decoding=\"async\" class=\"size-full wp-image-4712 alignleft\" src=\"https:\/\/tavapy.gov.py\/biblioteca\/wp-content\/uploads\/2022\/04\/icono-PDF-copia-4.png\" alt=\"\" width=\"121\" height=\"140\" \/><\/a><\/p>\n","protected":false},"featured_media":4436,"comment_status":"open","ping_status":"closed","template":"","meta":{"spay_email":""},"product_cat":[475],"product_tag":[],"class_list":{"0":"post-4812","1":"product","2":"type-product","3":"status-publish","4":"has-post-thumbnail","6":"book_author-sigmund-freud","7":"product_cat-psicologia-psicoanalisis","8":"entry"},"_links":{"self":[{"href":"https:\/\/tavapy.gov.py\/biblioteca\/wp-json\/wp\/v2\/product\/4812","targetHints":{"allow":["GET"]}}],"collection":[{"href":"https:\/\/tavapy.gov.py\/biblioteca\/wp-json\/wp\/v2\/product"}],"about":[{"href":"https:\/\/tavapy.gov.py\/biblioteca\/wp-json\/wp\/v2\/types\/product"}],"replies":[{"embeddable":true,"href":"https:\/\/tavapy.gov.py\/biblioteca\/wp-json\/wp\/v2\/comments?post=4812"}],"wp:featuredmedia":[{"embeddable":true,"href":"https:\/\/tavapy.gov.py\/biblioteca\/wp-json\/wp\/v2\/media\/4436"}],"wp:attachment":[{"href":"https:\/\/tavapy.gov.py\/biblioteca\/wp-json\/wp\/v2\/media?parent=4812"}],"wp:term":[{"taxonomy":"product_cat","embeddable":true,"href":"https:\/\/tavapy.gov.py\/biblioteca\/wp-json\/wp\/v2\/product_cat?post=4812"},{"taxonomy":"product_tag","embeddable":true,"href":"https:\/\/tavapy.gov.py\/biblioteca\/wp-json\/wp\/v2\/product_tag?post=4812"}],"curies":[{"name":"wp","href":"https:\/\/api.w.org\/{rel}","templated":true}]}}