{"id":4813,"date":"2022-05-03T23:53:32","date_gmt":"2022-05-03T23:53:32","guid":{"rendered":"https:\/\/tavapy.gov.py\/biblioteca\/?post_type=product&#038;p=4813"},"modified":"2022-05-03T23:53:32","modified_gmt":"2022-05-03T23:53:32","slug":"pedagogia-de-la-esperanza","status":"publish","type":"product","link":"https:\/\/tavapy.gov.py\/biblioteca\/product\/pedagogia-de-la-esperanza\/","title":{"rendered":"PEDAGOG\u00cdA DE LA ESPERANZA."},"content":{"rendered":"","protected":false},"excerpt":{"rendered":"<p>El destacado pedagogo brasile\u00f1o vuelve ahora a su obra Pedagog\u00eda del oprimido para reconsiderar sus fundamentos a la luz de los grandes cambios ocurridos en Am\u00e9rica Latina desde su primera edici\u00f3n.<\/p>\n<p>Pero lo hace en un tono autobiogr\u00e1fico desembarazado que convierte a esta Pedagog\u00eda de la esperanza, publicado en 1.992 en un libro sumamente atractivo.<\/p>\n<p><a href=\"https:\/\/tavapy.gov.py\/biblioteca\/wp-content\/uploads\/2022\/04\/FreireP-Pedagogia-de-la-esp.pdf\" target=\"_blank\" rel=\"attachment noopener wp-att-4712\"><img loading=\"lazy\" decoding=\"async\" class=\"size-full wp-image-4712 alignleft\" src=\"https:\/\/tavapy.gov.py\/biblioteca\/wp-content\/uploads\/2022\/04\/icono-PDF-copia-4.png\" alt=\"\" width=\"121\" height=\"140\" \/><\/a><\/p>\n","protected":false},"featured_media":4432,"comment_status":"open","ping_status":"closed","template":"","meta":{"spay_email":""},"product_cat":[500],"product_tag":[],"class_list":{"0":"post-4813","1":"product","2":"type-product","3":"status-publish","4":"has-post-thumbnail","6":"book_author-paulo-freire","7":"product_cat-pedagogia-sociedad-y-politica","8":"entry"},"_links":{"self":[{"href":"https:\/\/tavapy.gov.py\/biblioteca\/wp-json\/wp\/v2\/product\/4813","targetHints":{"allow":["GET"]}}],"collection":[{"href":"https:\/\/tavapy.gov.py\/biblioteca\/wp-json\/wp\/v2\/product"}],"about":[{"href":"https:\/\/tavapy.gov.py\/biblioteca\/wp-json\/wp\/v2\/types\/product"}],"replies":[{"embeddable":true,"href":"https:\/\/tavapy.gov.py\/biblioteca\/wp-json\/wp\/v2\/comments?post=4813"}],"wp:featuredmedia":[{"embeddable":true,"href":"https:\/\/tavapy.gov.py\/biblioteca\/wp-json\/wp\/v2\/media\/4432"}],"wp:attachment":[{"href":"https:\/\/tavapy.gov.py\/biblioteca\/wp-json\/wp\/v2\/media?parent=4813"}],"wp:term":[{"taxonomy":"product_cat","embeddable":true,"href":"https:\/\/tavapy.gov.py\/biblioteca\/wp-json\/wp\/v2\/product_cat?post=4813"},{"taxonomy":"product_tag","embeddable":true,"href":"https:\/\/tavapy.gov.py\/biblioteca\/wp-json\/wp\/v2\/product_tag?post=4813"}],"curies":[{"name":"wp","href":"https:\/\/api.w.org\/{rel}","templated":true}]}}