{"id":4814,"date":"2022-05-03T23:59:27","date_gmt":"2022-05-03T23:59:27","guid":{"rendered":"https:\/\/tavapy.gov.py\/biblioteca\/?post_type=product&#038;p=4814"},"modified":"2022-05-03T23:59:27","modified_gmt":"2022-05-03T23:59:27","slug":"que-te-importa-lo-que-piensen-los-demas","status":"publish","type":"product","link":"https:\/\/tavapy.gov.py\/biblioteca\/product\/que-te-importa-lo-que-piensen-los-demas\/","title":{"rendered":"\u00bfQU\u00c9 TE IMPORTA LO QUE PIENSEN LOS DEM\u00c1S?"},"content":{"rendered":"","protected":false},"excerpt":{"rendered":"<p>\u00bfQu\u00e9 te importa lo que piensen los dem\u00e1s? es una obra publicada en 1.988 y es una transcripci\u00f3n de las conversaciones que el genial f\u00edsico mantuviera con Ralph Leighton, bi\u00f3grafo y productor de cine estadounidense.<\/p>\n<p>Las divertid\u00edsimas an\u00e9cdotas que ponen de manifiesto el sentido del humor de Feynman, se completan con un fascinante relato de la investigaci\u00f3n que sigui\u00f3 a la explosi\u00f3n del transbordador espacial Challenger en 1986 y c\u00f3mo Feynman ilustr\u00f3 las causas del desastre mediante un elegante experimento consistente en algo tan sencillo como sumergir un anillo de goma en un vaso de agua fr\u00eda.<\/p>\n<p>El libro, junto con \u00bfESTA USTED DE BROMA, SR. FEYNMAN?, constituye el mejor ejemplo de c\u00f3mo los genios de la ciencia pueden ser sumamente atractivo y divertidos.<\/p>\n<p><a href=\"https:\/\/tavapy.gov.py\/biblioteca\/wp-content\/uploads\/2022\/04\/Feynman-Que-te-importa-lo-que-piensen.pdf\" target=\"_blank\" rel=\"attachment noopener wp-att-4712\"><img loading=\"lazy\" decoding=\"async\" class=\"size-full wp-image-4712 alignleft\" src=\"https:\/\/tavapy.gov.py\/biblioteca\/wp-content\/uploads\/2022\/04\/icono-PDF-copia-4.png\" alt=\"\" width=\"121\" height=\"140\" \/><\/a><\/p>\n","protected":false},"featured_media":4431,"comment_status":"open","ping_status":"closed","template":"","meta":{"spay_email":""},"product_cat":[227],"product_tag":[],"class_list":{"0":"post-4814","1":"product","2":"type-product","3":"status-publish","4":"has-post-thumbnail","6":"book_author-richard-feynman","7":"product_cat-ciencia-divulgacion-cientifica","8":"entry"},"_links":{"self":[{"href":"https:\/\/tavapy.gov.py\/biblioteca\/wp-json\/wp\/v2\/product\/4814","targetHints":{"allow":["GET"]}}],"collection":[{"href":"https:\/\/tavapy.gov.py\/biblioteca\/wp-json\/wp\/v2\/product"}],"about":[{"href":"https:\/\/tavapy.gov.py\/biblioteca\/wp-json\/wp\/v2\/types\/product"}],"replies":[{"embeddable":true,"href":"https:\/\/tavapy.gov.py\/biblioteca\/wp-json\/wp\/v2\/comments?post=4814"}],"wp:featuredmedia":[{"embeddable":true,"href":"https:\/\/tavapy.gov.py\/biblioteca\/wp-json\/wp\/v2\/media\/4431"}],"wp:attachment":[{"href":"https:\/\/tavapy.gov.py\/biblioteca\/wp-json\/wp\/v2\/media?parent=4814"}],"wp:term":[{"taxonomy":"product_cat","embeddable":true,"href":"https:\/\/tavapy.gov.py\/biblioteca\/wp-json\/wp\/v2\/product_cat?post=4814"},{"taxonomy":"product_tag","embeddable":true,"href":"https:\/\/tavapy.gov.py\/biblioteca\/wp-json\/wp\/v2\/product_tag?post=4814"}],"curies":[{"name":"wp","href":"https:\/\/api.w.org\/{rel}","templated":true}]}}