{"id":4815,"date":"2022-05-04T02:34:04","date_gmt":"2022-05-04T02:34:04","guid":{"rendered":"https:\/\/tavapy.gov.py\/biblioteca\/?post_type=product&#038;p=4815"},"modified":"2022-05-04T02:34:04","modified_gmt":"2022-05-04T02:34:04","slug":"jesus-los-origenes-historicos-del-cristianismo","status":"publish","type":"product","link":"https:\/\/tavapy.gov.py\/biblioteca\/product\/jesus-los-origenes-historicos-del-cristianismo\/","title":{"rendered":"JES\u00daS: LOS OR\u00cdGENES HIST\u00d3RICOS DEL CRISTIANISMO."},"content":{"rendered":"","protected":false},"excerpt":{"rendered":"<p>Esta obra publicada en el 2.007 aborda con perspectiva hist\u00f3rica, el periodo que va desde el inicio del ministerio de Jes\u00fas, a\u00f1o 28, hasta el Concilio de Jerusal\u00e9n, a\u00f1o 48, que casi coincide con la fecha de redacci\u00f3n del escrito m\u00e1s antiguo del Nuevo Testamento. Estudia, entonces, el per\u00edodo en que se establecieron las convicciones centrales acerca de Jesucristo.<\/p>\n<p>La perspectiva hist\u00f3rica evita la argumentaci\u00f3n deductiva y se basa en el examen atento de las fuentes antiguas. Su fruto es mostrar la solidez hist\u00f3rica de la opci\u00f3n de los creyentes, pues la fe no es un asentimiento ciego, tampoco el resultado necesario de la argumentaci\u00f3n racional.<\/p>\n<p>Esta obra enfrenta algunas dificultades que a\u00f1os atr\u00e1s preocupaban s\u00f3lo al ambiente acad\u00e9mico, pero que hoy los medios de comunicaci\u00f3n se han encargado de propagar, no siempre de la mejor manera. Este libro quiere prestar un servicio a los cada vez m\u00e1s numerosos lectores -creyentes y no creyentes- que desean conocer m\u00e1s de cerca la apasionante persona de Jes\u00fas y los or\u00edgenes del cristianismo.<\/p>\n<p><a href=\"https:\/\/tavapy.gov.py\/biblioteca\/wp-content\/uploads\/2022\/04\/FernandezS-Jesus-Origenes-historicos.pdf\" target=\"_blank\" rel=\"attachment noopener wp-att-4712\"><img loading=\"lazy\" decoding=\"async\" class=\"size-full wp-image-4712 alignleft\" src=\"https:\/\/tavapy.gov.py\/biblioteca\/wp-content\/uploads\/2022\/04\/icono-PDF-copia-4.png\" alt=\"\" width=\"121\" height=\"140\" \/><\/a><\/p>\n","protected":false},"featured_media":4426,"comment_status":"open","ping_status":"closed","template":"","meta":{"spay_email":""},"product_cat":[445],"product_tag":[],"class_list":{"0":"post-4815","1":"product","2":"type-product","3":"status-publish","4":"has-post-thumbnail","6":"book_author-samuel-fernandez","7":"product_cat-historia-cristianismo","8":"entry"},"_links":{"self":[{"href":"https:\/\/tavapy.gov.py\/biblioteca\/wp-json\/wp\/v2\/product\/4815","targetHints":{"allow":["GET"]}}],"collection":[{"href":"https:\/\/tavapy.gov.py\/biblioteca\/wp-json\/wp\/v2\/product"}],"about":[{"href":"https:\/\/tavapy.gov.py\/biblioteca\/wp-json\/wp\/v2\/types\/product"}],"replies":[{"embeddable":true,"href":"https:\/\/tavapy.gov.py\/biblioteca\/wp-json\/wp\/v2\/comments?post=4815"}],"wp:featuredmedia":[{"embeddable":true,"href":"https:\/\/tavapy.gov.py\/biblioteca\/wp-json\/wp\/v2\/media\/4426"}],"wp:attachment":[{"href":"https:\/\/tavapy.gov.py\/biblioteca\/wp-json\/wp\/v2\/media?parent=4815"}],"wp:term":[{"taxonomy":"product_cat","embeddable":true,"href":"https:\/\/tavapy.gov.py\/biblioteca\/wp-json\/wp\/v2\/product_cat?post=4815"},{"taxonomy":"product_tag","embeddable":true,"href":"https:\/\/tavapy.gov.py\/biblioteca\/wp-json\/wp\/v2\/product_tag?post=4815"}],"curies":[{"name":"wp","href":"https:\/\/api.w.org\/{rel}","templated":true}]}}