{"id":4816,"date":"2022-05-04T02:39:36","date_gmt":"2022-05-04T02:39:36","guid":{"rendered":"https:\/\/tavapy.gov.py\/biblioteca\/?post_type=product&#038;p=4816"},"modified":"2022-05-04T02:39:36","modified_gmt":"2022-05-04T02:39:36","slug":"el-cielo-es-el-limite","status":"publish","type":"product","link":"https:\/\/tavapy.gov.py\/biblioteca\/product\/el-cielo-es-el-limite\/","title":{"rendered":"EL CIELO ES EL L\u00cdMITE."},"content":{"rendered":"","protected":false},"excerpt":{"rendered":"<p>El cielo es el l\u00edmite es una obra publicada en 1.980, llena de ingenio, sabidur\u00eda y sentido com\u00fan, los ingredientes que usted necesita para conseguir la fuerza y la confianza necesarias para abordar sin demora su propio cambio.<\/p>\n<p>Si su l\u00edmite es el cielo&#8230; quiere decir que no existen l\u00edmites para usted, y eso significa que los \u00fanicos l\u00edmites que en realidad existen son los que usted, en su interior, se marca, muchas veces sin quererlo. Porque realmente usted puede cambiar su vida, puede convertirse en una persona aut\u00f3noma, due\u00f1a en cada momento de sus actos y de sus proyectos, de sus decisiones y de la realizaci\u00f3n de sus esperanzas.<\/p>\n<p><a href=\"https:\/\/tavapy.gov.py\/biblioteca\/wp-content\/uploads\/2022\/04\/DyerW-El-cielo-es-el-limite.pdf\" target=\"_blank\" rel=\"attachment noopener wp-att-4712\"><img loading=\"lazy\" decoding=\"async\" class=\"size-full wp-image-4712 alignleft\" src=\"https:\/\/tavapy.gov.py\/biblioteca\/wp-content\/uploads\/2022\/04\/icono-PDF-copia-4.png\" alt=\"\" width=\"121\" height=\"140\" \/><\/a><\/p>\n","protected":false},"featured_media":4423,"comment_status":"open","ping_status":"closed","template":"","meta":{"spay_email":""},"product_cat":[408],"product_tag":[],"class_list":{"0":"post-4816","1":"product","2":"type-product","3":"status-publish","4":"has-post-thumbnail","6":"book_author-wayne-dyer","7":"product_cat-autoayuda-psicologia-espiritualidad","8":"entry"},"_links":{"self":[{"href":"https:\/\/tavapy.gov.py\/biblioteca\/wp-json\/wp\/v2\/product\/4816","targetHints":{"allow":["GET"]}}],"collection":[{"href":"https:\/\/tavapy.gov.py\/biblioteca\/wp-json\/wp\/v2\/product"}],"about":[{"href":"https:\/\/tavapy.gov.py\/biblioteca\/wp-json\/wp\/v2\/types\/product"}],"replies":[{"embeddable":true,"href":"https:\/\/tavapy.gov.py\/biblioteca\/wp-json\/wp\/v2\/comments?post=4816"}],"wp:featuredmedia":[{"embeddable":true,"href":"https:\/\/tavapy.gov.py\/biblioteca\/wp-json\/wp\/v2\/media\/4423"}],"wp:attachment":[{"href":"https:\/\/tavapy.gov.py\/biblioteca\/wp-json\/wp\/v2\/media?parent=4816"}],"wp:term":[{"taxonomy":"product_cat","embeddable":true,"href":"https:\/\/tavapy.gov.py\/biblioteca\/wp-json\/wp\/v2\/product_cat?post=4816"},{"taxonomy":"product_tag","embeddable":true,"href":"https:\/\/tavapy.gov.py\/biblioteca\/wp-json\/wp\/v2\/product_tag?post=4816"}],"curies":[{"name":"wp","href":"https:\/\/api.w.org\/{rel}","templated":true}]}}