{"id":4817,"date":"2022-05-04T02:45:22","date_gmt":"2022-05-04T02:45:22","guid":{"rendered":"https:\/\/tavapy.gov.py\/biblioteca\/?post_type=product&#038;p=4817"},"modified":"2022-05-04T02:45:23","modified_gmt":"2022-05-04T02:45:23","slug":"las-5-claves-de-peter-drucker-el-liderazgo-que-marca-la-diferencia","status":"publish","type":"product","link":"https:\/\/tavapy.gov.py\/biblioteca\/product\/las-5-claves-de-peter-drucker-el-liderazgo-que-marca-la-diferencia\/","title":{"rendered":"LAS 5 CLAVES DE PETER DRUCKER: EL LIDERAZGO QUE MARCA LA DIFERENCIA."},"content":{"rendered":"","protected":false},"excerpt":{"rendered":"<p>Las t\u00e9cnicas de uno de los mayores gur\u00fas del siglo XX sobre el liderazgo y la gesti\u00f3n empresarial actual. Este libro es la soluci\u00f3n para los l\u00edderes de hoy y para aquellos que esperan serlo y quieren contar con m\u00e9todos de gesti\u00f3n simples que les gu\u00eden para entender sus acciones, el por qu\u00e9 y qu\u00e9 deben hacer para conseguir el \u00e9xito.<\/p>\n<p>Conocido como el padre de la gesti\u00f3n empresarial actual, Peter F. Drucker asegur\u00f3 que la autoevaluaci\u00f3n es la primera acci\u00f3n que debe realizar todo l\u00edder. Las 5 claves de Peter Drucker, obra publicada en el 2.016 les ayudar\u00e1 a tener nuevos puntos de vista y a desarrollar una estructura s\u00f3lida sobre la que construir un futuro de \u00e9xito, para ellos y sus empresas. Complejos y fascinantes, los temas de este libro son tan esenciales como relevantes y son aplicables a todo tipo de organizaciones.<\/p>\n<p>Abordando con intensidad estas cinco claves, los l\u00edderes podr\u00e1n identificar sus fortalezas, sus retos, potenciar la innovaci\u00f3n, aceptar y atender las sugerencias de los consumidores, identificar tendencias y oportunidades m\u00e1s all\u00e1 de la organizaci\u00f3n, impulsar un cambio planificado y obtener unos mejores resultados.<\/p>\n<p><a href=\"https:\/\/tavapy.gov.py\/biblioteca\/wp-content\/uploads\/2022\/04\/DruckerP-Las-5-claves-de-Peter-Drucker.pdf\" target=\"_blank\" rel=\"attachment noopener wp-att-4712\"><img loading=\"lazy\" decoding=\"async\" class=\"size-full wp-image-4712 alignleft\" src=\"https:\/\/tavapy.gov.py\/biblioteca\/wp-content\/uploads\/2022\/04\/icono-PDF-copia-4.png\" alt=\"\" width=\"121\" height=\"140\" \/><\/a><\/p>\n","protected":false},"featured_media":4422,"comment_status":"open","ping_status":"closed","template":"","meta":{"spay_email":""},"product_cat":[505],"product_tag":[],"class_list":{"0":"post-4817","1":"product","2":"type-product","3":"status-publish","4":"has-post-thumbnail","6":"book_author-peter-drucker","7":"product_cat-liderazgo-gestion-empresarial","8":"entry"},"_links":{"self":[{"href":"https:\/\/tavapy.gov.py\/biblioteca\/wp-json\/wp\/v2\/product\/4817","targetHints":{"allow":["GET"]}}],"collection":[{"href":"https:\/\/tavapy.gov.py\/biblioteca\/wp-json\/wp\/v2\/product"}],"about":[{"href":"https:\/\/tavapy.gov.py\/biblioteca\/wp-json\/wp\/v2\/types\/product"}],"replies":[{"embeddable":true,"href":"https:\/\/tavapy.gov.py\/biblioteca\/wp-json\/wp\/v2\/comments?post=4817"}],"wp:featuredmedia":[{"embeddable":true,"href":"https:\/\/tavapy.gov.py\/biblioteca\/wp-json\/wp\/v2\/media\/4422"}],"wp:attachment":[{"href":"https:\/\/tavapy.gov.py\/biblioteca\/wp-json\/wp\/v2\/media?parent=4817"}],"wp:term":[{"taxonomy":"product_cat","embeddable":true,"href":"https:\/\/tavapy.gov.py\/biblioteca\/wp-json\/wp\/v2\/product_cat?post=4817"},{"taxonomy":"product_tag","embeddable":true,"href":"https:\/\/tavapy.gov.py\/biblioteca\/wp-json\/wp\/v2\/product_tag?post=4817"}],"curies":[{"name":"wp","href":"https:\/\/api.w.org\/{rel}","templated":true}]}}