{"id":4818,"date":"2022-05-04T02:53:08","date_gmt":"2022-05-04T02:53:08","guid":{"rendered":"https:\/\/tavapy.gov.py\/biblioteca\/?post_type=product&#038;p=4818"},"modified":"2022-05-04T02:53:09","modified_gmt":"2022-05-04T02:53:09","slug":"la-gerencia-efectiva","status":"publish","type":"product","link":"https:\/\/tavapy.gov.py\/biblioteca\/product\/la-gerencia-efectiva\/","title":{"rendered":"LA GERENCIA EFECTIVA."},"content":{"rendered":"","protected":false},"excerpt":{"rendered":"<p>Un manual indispensable para hombres de empresa, gerentes y administradores. El autor de esta obra publicada en 1.964, ense\u00f1a en estas p\u00e1ginas a organizar las tareas administrativas de un modo sistem\u00e1tico y racional que contemple todos los posibles escenarios.<\/p>\n<p>Aunque el libro es m\u00e1s pr\u00e1ctico que te\u00f3rico, tiene sin embargo una tesis de importancia b\u00e1sica: el resultado econ\u00f3mico es la funci\u00f3n espec\u00edfica de la empresa. La gerencia efectiva estudia estas cuestiones de un modo org\u00e1nico fundando as\u00ed lo que podr\u00eda llamarse la nueva disciplina de la administraci\u00f3n eficiente.<\/p>\n<p><a href=\"https:\/\/tavapy.gov.py\/biblioteca\/wp-content\/uploads\/2022\/04\/DruckerP-La-gerencia-efectiva.pdf\" target=\"_blank\" rel=\"attachment noopener wp-att-4712\"><img loading=\"lazy\" decoding=\"async\" class=\"size-full wp-image-4712 alignleft\" src=\"https:\/\/tavapy.gov.py\/biblioteca\/wp-content\/uploads\/2022\/04\/icono-PDF-copia-4.png\" alt=\"\" width=\"121\" height=\"140\" \/><\/a><\/p>\n","protected":false},"featured_media":4419,"comment_status":"open","ping_status":"closed","template":"","meta":{"spay_email":""},"product_cat":[506],"product_tag":[],"class_list":{"0":"post-4818","1":"product","2":"type-product","3":"status-publish","4":"has-post-thumbnail","6":"book_author-peter-drucker","7":"product_cat-administracion-gestion-empresarial","8":"entry"},"_links":{"self":[{"href":"https:\/\/tavapy.gov.py\/biblioteca\/wp-json\/wp\/v2\/product\/4818","targetHints":{"allow":["GET"]}}],"collection":[{"href":"https:\/\/tavapy.gov.py\/biblioteca\/wp-json\/wp\/v2\/product"}],"about":[{"href":"https:\/\/tavapy.gov.py\/biblioteca\/wp-json\/wp\/v2\/types\/product"}],"replies":[{"embeddable":true,"href":"https:\/\/tavapy.gov.py\/biblioteca\/wp-json\/wp\/v2\/comments?post=4818"}],"wp:featuredmedia":[{"embeddable":true,"href":"https:\/\/tavapy.gov.py\/biblioteca\/wp-json\/wp\/v2\/media\/4419"}],"wp:attachment":[{"href":"https:\/\/tavapy.gov.py\/biblioteca\/wp-json\/wp\/v2\/media?parent=4818"}],"wp:term":[{"taxonomy":"product_cat","embeddable":true,"href":"https:\/\/tavapy.gov.py\/biblioteca\/wp-json\/wp\/v2\/product_cat?post=4818"},{"taxonomy":"product_tag","embeddable":true,"href":"https:\/\/tavapy.gov.py\/biblioteca\/wp-json\/wp\/v2\/product_tag?post=4818"}],"curies":[{"name":"wp","href":"https:\/\/api.w.org\/{rel}","templated":true}]}}