{"id":4820,"date":"2022-05-04T03:03:16","date_gmt":"2022-05-04T03:03:16","guid":{"rendered":"https:\/\/tavapy.gov.py\/biblioteca\/?post_type=product&#038;p=4820"},"modified":"2026-02-21T03:37:01","modified_gmt":"2026-02-21T03:37:01","slug":"el-ejecutivo-eficaz","status":"publish","type":"product","link":"https:\/\/tavapy.gov.py\/biblioteca\/product\/el-ejecutivo-eficaz\/","title":{"rendered":"EL EJECUTIVO EFICAZ."},"content":{"rendered":"","protected":false},"excerpt":{"rendered":"<p>El valor de un ejecutivo, nos recuerda Peter Drucker, en su obra publicada en 1.966, depende de su capacidad para hacer bien las cosas correctas. Com\u00fanmente esto significa hacer lo que otra gente ha pasado por alto, tanto como evitar lo que es improductivo. Drucker se\u00f1ala cinco talentos como esenciales para una administraci\u00f3n eficaz, y afirma que estos talentos pueden aprenderse, as\u00ed como el estudiante de piano aprende a dominar las distintas escalas.<\/p>\n<p>Uno de estos talentos es la administraci\u00f3n del tiempo; el segundo, saber discernir lo m\u00e1s adecuado para una organizaci\u00f3n particular; el tercero, distinguir donde y como aplicar nuestras fuerzas para obtener los mejores resultados; el cuarto, reconocer las prioridades y el quinto, la combinaci\u00f3n de los otros cuatro, tal como se manifiesta en el acto de decidir correctamente.<\/p>\n<p>Drucker muestra a lo largo del libro como pueden desarrollarse estos talentos examinando desde perspectivas enteramente nuevas &#8211; en un nivel b\u00e1sico, personal &#8211; los problemas cotidianos de una empresa.<\/p>\n<p><a href=\"https:\/\/tavapy.gov.py\/biblioteca\/wp-content\/uploads\/2022\/04\/DruckerP-El-Ejecutivo-Eficaz.pdf\" target=\"_blank\" rel=\"attachment noopener wp-att-4712\"><img loading=\"lazy\" decoding=\"async\" class=\"size-full wp-image-4712 alignleft\" src=\"https:\/\/tavapy.gov.py\/biblioteca\/wp-content\/uploads\/2022\/04\/icono-PDF-copia-4.png\" alt=\"\" width=\"121\" height=\"140\" \/><\/a><\/p>\n","protected":false},"featured_media":4415,"comment_status":"open","ping_status":"closed","template":"","meta":{"spay_email":""},"product_cat":[506],"product_tag":[],"class_list":{"0":"post-4820","1":"product","2":"type-product","3":"status-publish","4":"has-post-thumbnail","6":"book_author-peter-drucker","7":"product_cat-administracion-gestion-empresarial","8":"entry"},"_links":{"self":[{"href":"https:\/\/tavapy.gov.py\/biblioteca\/wp-json\/wp\/v2\/product\/4820","targetHints":{"allow":["GET"]}}],"collection":[{"href":"https:\/\/tavapy.gov.py\/biblioteca\/wp-json\/wp\/v2\/product"}],"about":[{"href":"https:\/\/tavapy.gov.py\/biblioteca\/wp-json\/wp\/v2\/types\/product"}],"replies":[{"embeddable":true,"href":"https:\/\/tavapy.gov.py\/biblioteca\/wp-json\/wp\/v2\/comments?post=4820"}],"wp:featuredmedia":[{"embeddable":true,"href":"https:\/\/tavapy.gov.py\/biblioteca\/wp-json\/wp\/v2\/media\/4415"}],"wp:attachment":[{"href":"https:\/\/tavapy.gov.py\/biblioteca\/wp-json\/wp\/v2\/media?parent=4820"}],"wp:term":[{"taxonomy":"product_cat","embeddable":true,"href":"https:\/\/tavapy.gov.py\/biblioteca\/wp-json\/wp\/v2\/product_cat?post=4820"},{"taxonomy":"product_tag","embeddable":true,"href":"https:\/\/tavapy.gov.py\/biblioteca\/wp-json\/wp\/v2\/product_tag?post=4820"}],"curies":[{"name":"wp","href":"https:\/\/api.w.org\/{rel}","templated":true}]}}