{"id":4821,"date":"2022-05-04T03:14:22","date_gmt":"2022-05-04T03:14:22","guid":{"rendered":"https:\/\/tavapy.gov.py\/biblioteca\/?post_type=product&#038;p=4821"},"modified":"2022-05-04T03:14:22","modified_gmt":"2022-05-04T03:14:22","slug":"la-dimension-espiritual-de-grandes-cientificos","status":"publish","type":"product","link":"https:\/\/tavapy.gov.py\/biblioteca\/product\/la-dimension-espiritual-de-grandes-cientificos\/","title":{"rendered":"LA DIMENSI\u00d3N ESPIRITUAL DE GRANDES CIENT\u00cdFICOS."},"content":{"rendered":"","protected":false},"excerpt":{"rendered":"<p>El texto publicado en el 2.014 incluye frases de varios Premios Nobel de F\u00edsica, de Medicina y Fisiolog\u00eda, y de Qu\u00edmica; algunos de ellos fundadores de diferentes \u00e1reas cient\u00edficas como la cosmolog\u00eda, la astronom\u00eda f\u00edsica y la \u00f3ptica moderna, la geometr\u00eda anal\u00edtica, el m\u00e9todo cient\u00edfico inductivo, el c\u00e1lculo diferencial e integral, y la astron\u00e1utica.<\/p>\n<p>Entre ellos se encuentran Nicol\u00e1s Cop\u00e9rnico, Galileo Galilei, Ren\u00e9 Descartes, Isaac Newton, Charles Darwin, Louis Pasteur, Max Planck y Albert Einstein.<\/p>\n<p><a href=\"https:\/\/tavapy.gov.py\/biblioteca\/wp-content\/uploads\/2022\/04\/DimitrovT-La-dimension-espiritual-de-grandes..pdf\" target=\"_blank\" rel=\"attachment noopener wp-att-4712\"><img loading=\"lazy\" decoding=\"async\" class=\"size-full wp-image-4712 alignleft\" src=\"https:\/\/tavapy.gov.py\/biblioteca\/wp-content\/uploads\/2022\/04\/icono-PDF-copia-4.png\" alt=\"\" width=\"121\" height=\"140\" \/><\/a><\/p>\n","protected":false},"featured_media":4413,"comment_status":"open","ping_status":"closed","template":"","meta":{"spay_email":""},"product_cat":[419],"product_tag":[],"class_list":{"0":"post-4821","1":"product","2":"type-product","3":"status-publish","4":"has-post-thumbnail","6":"book_author-tihomir-dimitrov","7":"product_cat-ciencia-religion","8":"entry"},"_links":{"self":[{"href":"https:\/\/tavapy.gov.py\/biblioteca\/wp-json\/wp\/v2\/product\/4821","targetHints":{"allow":["GET"]}}],"collection":[{"href":"https:\/\/tavapy.gov.py\/biblioteca\/wp-json\/wp\/v2\/product"}],"about":[{"href":"https:\/\/tavapy.gov.py\/biblioteca\/wp-json\/wp\/v2\/types\/product"}],"replies":[{"embeddable":true,"href":"https:\/\/tavapy.gov.py\/biblioteca\/wp-json\/wp\/v2\/comments?post=4821"}],"wp:featuredmedia":[{"embeddable":true,"href":"https:\/\/tavapy.gov.py\/biblioteca\/wp-json\/wp\/v2\/media\/4413"}],"wp:attachment":[{"href":"https:\/\/tavapy.gov.py\/biblioteca\/wp-json\/wp\/v2\/media?parent=4821"}],"wp:term":[{"taxonomy":"product_cat","embeddable":true,"href":"https:\/\/tavapy.gov.py\/biblioteca\/wp-json\/wp\/v2\/product_cat?post=4821"},{"taxonomy":"product_tag","embeddable":true,"href":"https:\/\/tavapy.gov.py\/biblioteca\/wp-json\/wp\/v2\/product_tag?post=4821"}],"curies":[{"name":"wp","href":"https:\/\/api.w.org\/{rel}","templated":true}]}}