{"id":4822,"date":"2022-05-04T03:19:49","date_gmt":"2022-05-04T03:19:49","guid":{"rendered":"https:\/\/tavapy.gov.py\/biblioteca\/?post_type=product&#038;p=4822"},"modified":"2022-05-04T03:19:49","modified_gmt":"2022-05-04T03:19:49","slug":"como-pensamos","status":"publish","type":"product","link":"https:\/\/tavapy.gov.py\/biblioteca\/product\/como-pensamos\/","title":{"rendered":"C\u00d3MO PENSAMOS."},"content":{"rendered":"","protected":false},"excerpt":{"rendered":"<p>Este libro publicado en 1.910, expone la convicci\u00f3n de que el imprescindible factor estabilizador y centralizador se halla en la adopci\u00f3n de la actitud mental y del h\u00e1bito de pensamiento que denominamos cient\u00edficos. Podr\u00eda pensarse que en la ense\u00f1anza dirigida a ni\u00f1os y adolescentes esta actitud mental est\u00e1 fuera de lugar.<\/p>\n<p>Pero este libro tambi\u00e9n representa la convicci\u00f3n de que eso no es cierto, de que la actitud innata y pura del ni\u00f1o -caracterizada por una viv\u00edsima curiosidad, una f\u00e9rtil imaginaci\u00f3n y un sincero amor a la investigaci\u00f3n experimental- se aproxima mucho, much\u00edsimo a la actitud del esp\u00edritu cient\u00edfico.<\/p>\n<p>Estas p\u00e1ginas tienen como principal objetivo captar ese parentesco, e invitan a considerar seriamente que su reconocimiento en el campo de la pr\u00e1ctica educativa contribuir\u00eda a una inmensa satisfacci\u00f3n por parte de los maestros y a una enorme reducci\u00f3n del gasto social.<\/p>\n<p><a href=\"https:\/\/tavapy.gov.py\/biblioteca\/wp-content\/uploads\/2022\/04\/DeweyJ-Como-pensamos.pdf\" target=\"_blank\" rel=\"attachment noopener wp-att-4712\"><img loading=\"lazy\" decoding=\"async\" class=\"size-full wp-image-4712 alignleft\" src=\"https:\/\/tavapy.gov.py\/biblioteca\/wp-content\/uploads\/2022\/04\/icono-PDF-copia-4.png\" alt=\"\" width=\"121\" height=\"140\" \/><\/a><\/p>\n","protected":false},"featured_media":4408,"comment_status":"open","ping_status":"closed","template":"","meta":{"spay_email":""},"product_cat":[196],"product_tag":[],"class_list":{"0":"post-4822","1":"product","2":"type-product","3":"status-publish","4":"has-post-thumbnail","6":"book_author-john-dewey","7":"product_cat-psicologia-educacion","8":"entry"},"_links":{"self":[{"href":"https:\/\/tavapy.gov.py\/biblioteca\/wp-json\/wp\/v2\/product\/4822","targetHints":{"allow":["GET"]}}],"collection":[{"href":"https:\/\/tavapy.gov.py\/biblioteca\/wp-json\/wp\/v2\/product"}],"about":[{"href":"https:\/\/tavapy.gov.py\/biblioteca\/wp-json\/wp\/v2\/types\/product"}],"replies":[{"embeddable":true,"href":"https:\/\/tavapy.gov.py\/biblioteca\/wp-json\/wp\/v2\/comments?post=4822"}],"wp:featuredmedia":[{"embeddable":true,"href":"https:\/\/tavapy.gov.py\/biblioteca\/wp-json\/wp\/v2\/media\/4408"}],"wp:attachment":[{"href":"https:\/\/tavapy.gov.py\/biblioteca\/wp-json\/wp\/v2\/media?parent=4822"}],"wp:term":[{"taxonomy":"product_cat","embeddable":true,"href":"https:\/\/tavapy.gov.py\/biblioteca\/wp-json\/wp\/v2\/product_cat?post=4822"},{"taxonomy":"product_tag","embeddable":true,"href":"https:\/\/tavapy.gov.py\/biblioteca\/wp-json\/wp\/v2\/product_tag?post=4822"}],"curies":[{"name":"wp","href":"https:\/\/api.w.org\/{rel}","templated":true}]}}