{"id":4823,"date":"2022-05-04T03:23:55","date_gmt":"2022-05-04T03:23:55","guid":{"rendered":"https:\/\/tavapy.gov.py\/biblioteca\/?post_type=product&#038;p=4823"},"modified":"2022-05-04T03:28:34","modified_gmt":"2022-05-04T03:28:34","slug":"la-universidad-en-el-siglo-xxi","status":"publish","type":"product","link":"https:\/\/tavapy.gov.py\/biblioteca\/product\/la-universidad-en-el-siglo-xxi\/","title":{"rendered":"LA UNIVERSIDAD EN EL SIGLO XXI."},"content":{"rendered":"","protected":false},"excerpt":{"rendered":"<p>En el libro publicado en el 2.005, La universidad en el siglo XXI Para una reforma democr\u00e1tica y emancipadora de la universidad, el autor portugu\u00e9s aborda de manera pol\u00e9mica un tema de preocupaci\u00f3n mundial: el agotamiento del actual modelo universitario y la necesidad de enfrentar los desaf\u00edos impuestos por esta nueva fase del capital.<\/p>\n<p>Es innegable que el sistema de educaci\u00f3n superior ha experimentado enormes transformaciones, sin embargo, como De Sousa se\u00f1ala, una de las m\u00e1s importantes es la globalizaci\u00f3n capitalista de la universidad.<\/p>\n<p>Este fen\u00f3meno ha provocado en las universidades p\u00fablicas una crisis financiera ante la disminuci\u00f3n de la inversi\u00f3n del Estado y una crisis hegem\u00f3nica ante el desarrollo de un mercado universitario de dimensi\u00f3n transnacional.<\/p>\n<p><a href=\"https:\/\/tavapy.gov.py\/biblioteca\/wp-content\/uploads\/2022\/04\/De-SousaB-La-universidad-en-el-siglo-XXI.pdf\" target=\"_blank\" rel=\"attachment noopener wp-att-4712\"><img loading=\"lazy\" decoding=\"async\" class=\"size-full wp-image-4712 alignleft\" src=\"https:\/\/tavapy.gov.py\/biblioteca\/wp-content\/uploads\/2022\/04\/icono-PDF-copia-4.png\" alt=\"\" width=\"121\" height=\"140\" \/><\/a><\/p>\n","protected":false},"featured_media":4406,"comment_status":"open","ping_status":"closed","template":"","meta":{"spay_email":""},"product_cat":[510],"product_tag":[],"class_list":{"0":"post-4823","1":"product","2":"type-product","3":"status-publish","4":"has-post-thumbnail","6":"book_author-boaventura-de-sousa-santos","7":"product_cat-educacion-sociologia","8":"entry"},"_links":{"self":[{"href":"https:\/\/tavapy.gov.py\/biblioteca\/wp-json\/wp\/v2\/product\/4823","targetHints":{"allow":["GET"]}}],"collection":[{"href":"https:\/\/tavapy.gov.py\/biblioteca\/wp-json\/wp\/v2\/product"}],"about":[{"href":"https:\/\/tavapy.gov.py\/biblioteca\/wp-json\/wp\/v2\/types\/product"}],"replies":[{"embeddable":true,"href":"https:\/\/tavapy.gov.py\/biblioteca\/wp-json\/wp\/v2\/comments?post=4823"}],"wp:featuredmedia":[{"embeddable":true,"href":"https:\/\/tavapy.gov.py\/biblioteca\/wp-json\/wp\/v2\/media\/4406"}],"wp:attachment":[{"href":"https:\/\/tavapy.gov.py\/biblioteca\/wp-json\/wp\/v2\/media?parent=4823"}],"wp:term":[{"taxonomy":"product_cat","embeddable":true,"href":"https:\/\/tavapy.gov.py\/biblioteca\/wp-json\/wp\/v2\/product_cat?post=4823"},{"taxonomy":"product_tag","embeddable":true,"href":"https:\/\/tavapy.gov.py\/biblioteca\/wp-json\/wp\/v2\/product_tag?post=4823"}],"curies":[{"name":"wp","href":"https:\/\/api.w.org\/{rel}","templated":true}]}}