{"id":4824,"date":"2022-05-04T03:37:25","date_gmt":"2022-05-04T03:37:25","guid":{"rendered":"https:\/\/tavapy.gov.py\/biblioteca\/?post_type=product&#038;p=4824"},"modified":"2022-05-04T03:37:25","modified_gmt":"2022-05-04T03:37:25","slug":"mente-mundo-y-accion-claves-para-una-interpretacion","status":"publish","type":"product","link":"https:\/\/tavapy.gov.py\/biblioteca\/product\/mente-mundo-y-accion-claves-para-una-interpretacion\/","title":{"rendered":"MENTE, MUNDO Y ACCI\u00d3N: CLAVES PARA UNA INTERPRETACI\u00d3N."},"content":{"rendered":"","protected":false},"excerpt":{"rendered":"<p>La obra de Donald Davidson publicada en 1.002 representa un punto de referencia central en distintos e importantes campos de la filosof\u00eda del presente. Sus ideas han influido decisivamente en el desarrollo de la filosof\u00eda de la mente y de la acci\u00f3n, la filosof\u00eda del lenguaje, la ontolog\u00eda y la teor\u00eda del conocimiento. Partiendo de la obra de Quine, Davidson ha avanzado hacia posiciones propias en todos estos \u00e1mbitos, renunciando al empirismo de su maestro.<\/p>\n<p>Su concepci\u00f3n causal de la mente, el significado y la acci\u00f3n no excluye el \u00e9nfasis en el car\u00e1cter racional que singulariza estos fen\u00f3menos frente a otros procesos causales y los sit\u00faa m\u00e1s all\u00e1 del alcance de las leyes cient\u00edficas. La original combinaci\u00f3n de estas dos perspectivas, causal y racional, naturalista y humanista, tradicionalmente enfrentadas, ha suscitado una viva pol\u00e9mica, testimonio claro del inter\u00e9s y profundidad de la posici\u00f3n que le ha dado origen.<\/p>\n<p>El presente volumen incluye una amplia y representativa muestra del pensamiento davidsoniano, seleccionada expresamente por el propio autor para esta edici\u00f3n castellana. Estos trabajos van precedidos por una cuidada introducci\u00f3n a cargo, de Carlos Moya, profesor titular de filosof\u00eda en la Universidad de Valencia, que ha llevado tambi\u00e9n a cabo la traducci\u00f3n y la ha completado con notas aclaratorias. El conjunto constituye un instrumento fundamental para el conocimiento de la filosof\u00eda davidsoniana.<\/p>\n<p><a href=\"https:\/\/tavapy.gov.py\/biblioteca\/wp-content\/uploads\/2022\/04\/DavidsonD-Mente-mundo-y-accion.pdf\" target=\"_blank\" rel=\"attachment noopener wp-att-4712\"><img loading=\"lazy\" decoding=\"async\" class=\"size-full wp-image-4712 alignleft\" src=\"https:\/\/tavapy.gov.py\/biblioteca\/wp-content\/uploads\/2022\/04\/icono-PDF-copia-4.png\" alt=\"\" width=\"121\" height=\"140\" \/><\/a><\/p>\n","protected":false},"featured_media":4402,"comment_status":"open","ping_status":"closed","template":"","meta":{"spay_email":""},"product_cat":[59],"product_tag":[],"class_list":{"0":"post-4824","1":"product","2":"type-product","3":"status-publish","4":"has-post-thumbnail","6":"book_author-donald-davidson","7":"product_cat-filosofia","8":"entry"},"_links":{"self":[{"href":"https:\/\/tavapy.gov.py\/biblioteca\/wp-json\/wp\/v2\/product\/4824","targetHints":{"allow":["GET"]}}],"collection":[{"href":"https:\/\/tavapy.gov.py\/biblioteca\/wp-json\/wp\/v2\/product"}],"about":[{"href":"https:\/\/tavapy.gov.py\/biblioteca\/wp-json\/wp\/v2\/types\/product"}],"replies":[{"embeddable":true,"href":"https:\/\/tavapy.gov.py\/biblioteca\/wp-json\/wp\/v2\/comments?post=4824"}],"wp:featuredmedia":[{"embeddable":true,"href":"https:\/\/tavapy.gov.py\/biblioteca\/wp-json\/wp\/v2\/media\/4402"}],"wp:attachment":[{"href":"https:\/\/tavapy.gov.py\/biblioteca\/wp-json\/wp\/v2\/media?parent=4824"}],"wp:term":[{"taxonomy":"product_cat","embeddable":true,"href":"https:\/\/tavapy.gov.py\/biblioteca\/wp-json\/wp\/v2\/product_cat?post=4824"},{"taxonomy":"product_tag","embeddable":true,"href":"https:\/\/tavapy.gov.py\/biblioteca\/wp-json\/wp\/v2\/product_tag?post=4824"}],"curies":[{"name":"wp","href":"https:\/\/api.w.org\/{rel}","templated":true}]}}