{"id":4825,"date":"2022-05-04T03:42:05","date_gmt":"2022-05-04T03:42:05","guid":{"rendered":"https:\/\/tavapy.gov.py\/biblioteca\/?post_type=product&#038;p=4825"},"modified":"2022-05-04T03:42:06","modified_gmt":"2022-05-04T03:42:06","slug":"el-origen-de-las-especies","status":"publish","type":"product","link":"https:\/\/tavapy.gov.py\/biblioteca\/product\/el-origen-de-las-especies\/","title":{"rendered":"EL ORIGEN DE LAS ESPECIES."},"content":{"rendered":"","protected":false},"excerpt":{"rendered":"<p>El origen de las especies es un libro de Charles Darwin publicado en 1.859, considerado uno de los trabajos precursores de la literatura cient\u00edfica y el fundamento de la teor\u00eda de la biolog\u00eda evolutiva.<\/p>\n<p>El libro de Darwin introdujo la teor\u00eda cient\u00edfica de que las poblaciones evolucionan durante el transcurso de las generaciones mediante un proceso conocido como selecci\u00f3n natural. Present\u00f3 pruebas de que la diversidad de la vida surgi\u00f3 de la descendencia com\u00fan a trav\u00e9s de un patr\u00f3n ramificado de evoluci\u00f3n.<\/p>\n<p>Darwin incluy\u00f3 las pruebas que reuni\u00f3 en su expedici\u00f3n en el viaje del Beagle en la d\u00e9cada de 1830 y sus descubrimientos posteriores mediante la investigaci\u00f3n, la correspondencia y la experimentaci\u00f3n.<\/p>\n<p><a href=\"https:\/\/tavapy.gov.py\/biblioteca\/wp-content\/uploads\/2022\/04\/DarwinCh-el-origen-de-las-especies.pdf\" target=\"_blank\" rel=\"attachment noopener wp-att-4712\"><img loading=\"lazy\" decoding=\"async\" class=\"size-full wp-image-4712 alignleft\" src=\"https:\/\/tavapy.gov.py\/biblioteca\/wp-content\/uploads\/2022\/04\/icono-PDF-copia-4.png\" alt=\"\" width=\"121\" height=\"140\" \/><\/a><\/p>\n","protected":false},"featured_media":4400,"comment_status":"open","ping_status":"closed","template":"","meta":{"spay_email":""},"product_cat":[513],"product_tag":[],"class_list":{"0":"post-4825","1":"product","2":"type-product","3":"status-publish","4":"has-post-thumbnail","6":"book_author-charles-darwin","7":"product_cat-biologia-evolucion","8":"entry"},"_links":{"self":[{"href":"https:\/\/tavapy.gov.py\/biblioteca\/wp-json\/wp\/v2\/product\/4825","targetHints":{"allow":["GET"]}}],"collection":[{"href":"https:\/\/tavapy.gov.py\/biblioteca\/wp-json\/wp\/v2\/product"}],"about":[{"href":"https:\/\/tavapy.gov.py\/biblioteca\/wp-json\/wp\/v2\/types\/product"}],"replies":[{"embeddable":true,"href":"https:\/\/tavapy.gov.py\/biblioteca\/wp-json\/wp\/v2\/comments?post=4825"}],"wp:featuredmedia":[{"embeddable":true,"href":"https:\/\/tavapy.gov.py\/biblioteca\/wp-json\/wp\/v2\/media\/4400"}],"wp:attachment":[{"href":"https:\/\/tavapy.gov.py\/biblioteca\/wp-json\/wp\/v2\/media?parent=4825"}],"wp:term":[{"taxonomy":"product_cat","embeddable":true,"href":"https:\/\/tavapy.gov.py\/biblioteca\/wp-json\/wp\/v2\/product_cat?post=4825"},{"taxonomy":"product_tag","embeddable":true,"href":"https:\/\/tavapy.gov.py\/biblioteca\/wp-json\/wp\/v2\/product_tag?post=4825"}],"curies":[{"name":"wp","href":"https:\/\/api.w.org\/{rel}","templated":true}]}}