{"id":4828,"date":"2022-05-04T03:53:34","date_gmt":"2022-05-04T03:53:34","guid":{"rendered":"https:\/\/tavapy.gov.py\/biblioteca\/?post_type=product&#038;p=4828"},"modified":"2022-05-04T03:53:34","modified_gmt":"2022-05-04T03:53:34","slug":"teoria-del-metodo-teologico","status":"publish","type":"product","link":"https:\/\/tavapy.gov.py\/biblioteca\/product\/teoria-del-metodo-teologico\/","title":{"rendered":"TEOR\u00cdA DEL M\u00c9TODO TEOL\u00d3GICO."},"content":{"rendered":"","protected":false},"excerpt":{"rendered":"<p>Con esta obra publicada en 1.998, el autor busca auxiliar al principalmente al joven te\u00f3logo en su iniciaci\u00f3n en la ciencia teol\u00f3gica. Boff presenta al lector los diferentes estilos arquitect\u00f3nicos que componen el edificio teol\u00f3gico, preocupado siempre con la armon\u00eda del conjunto de la visi\u00f3n de la ciencia teol\u00f3gica. El autor se detiene sobre todo en los fundamentos que le dan la sustentaci\u00f3n bien como en los en los materiales utilizados para construirlo.<\/p>\n<p>Con esta presentaci\u00f3n sin duda el autor brinda una importante contribuci\u00f3n a los estudiantes de teolog\u00eda y a los interesados en profundizar en el m\u00e9todo de la ciencia teol\u00f3gica. Y brinda una herramienta te\u00f3rica muy importante para la teolog\u00eda latinoamericana, ya que propone toda una epistemolog\u00eda teol\u00f3gica espec\u00edfica para la reflexi\u00f3n teol\u00f3gica de nuestro continente.<\/p>\n<p><a href=\"https:\/\/tavapy.gov.py\/biblioteca\/wp-content\/uploads\/2022\/04\/BoffC-Teoria-del-metodo-teologico.pdf\" target=\"_blank\" rel=\"attachment noopener wp-att-4712\"><img loading=\"lazy\" decoding=\"async\" class=\"size-full wp-image-4712 alignleft\" src=\"https:\/\/tavapy.gov.py\/biblioteca\/wp-content\/uploads\/2022\/04\/icono-PDF-copia-4.png\" alt=\"\" width=\"121\" height=\"140\" \/><\/a><\/p>\n","protected":false},"featured_media":4395,"comment_status":"open","ping_status":"closed","template":"","meta":{"spay_email":""},"product_cat":[135],"product_tag":[],"class_list":{"0":"post-4828","1":"product","2":"type-product","3":"status-publish","4":"has-post-thumbnail","6":"book_author-clodovis-boff","7":"product_cat-teologia","8":"entry"},"_links":{"self":[{"href":"https:\/\/tavapy.gov.py\/biblioteca\/wp-json\/wp\/v2\/product\/4828","targetHints":{"allow":["GET"]}}],"collection":[{"href":"https:\/\/tavapy.gov.py\/biblioteca\/wp-json\/wp\/v2\/product"}],"about":[{"href":"https:\/\/tavapy.gov.py\/biblioteca\/wp-json\/wp\/v2\/types\/product"}],"replies":[{"embeddable":true,"href":"https:\/\/tavapy.gov.py\/biblioteca\/wp-json\/wp\/v2\/comments?post=4828"}],"wp:featuredmedia":[{"embeddable":true,"href":"https:\/\/tavapy.gov.py\/biblioteca\/wp-json\/wp\/v2\/media\/4395"}],"wp:attachment":[{"href":"https:\/\/tavapy.gov.py\/biblioteca\/wp-json\/wp\/v2\/media?parent=4828"}],"wp:term":[{"taxonomy":"product_cat","embeddable":true,"href":"https:\/\/tavapy.gov.py\/biblioteca\/wp-json\/wp\/v2\/product_cat?post=4828"},{"taxonomy":"product_tag","embeddable":true,"href":"https:\/\/tavapy.gov.py\/biblioteca\/wp-json\/wp\/v2\/product_tag?post=4828"}],"curies":[{"name":"wp","href":"https:\/\/api.w.org\/{rel}","templated":true}]}}