{"id":4829,"date":"2022-05-04T04:01:34","date_gmt":"2022-05-04T04:01:34","guid":{"rendered":"https:\/\/tavapy.gov.py\/biblioteca\/?post_type=product&#038;p=4829"},"modified":"2022-05-04T04:01:34","modified_gmt":"2022-05-04T04:01:34","slug":"espiritu-y-naturaleza","status":"publish","type":"product","link":"https:\/\/tavapy.gov.py\/biblioteca\/product\/espiritu-y-naturaleza\/","title":{"rendered":"ESP\u00cdRITU Y NATURALEZA."},"content":{"rendered":"","protected":false},"excerpt":{"rendered":"<p>Esp\u00edritu y Naturaleza, publicada en 1.979, es la obra cumbre de este ecl\u00e9ctico pensador anglosaj\u00f3n y gran epistem\u00f3logo. Bateson recorri\u00f3 en su heterodoxa aventura intelectual los campos de la biolog\u00eda, la antropolog\u00eda, la cibern\u00e9tica, la teor\u00eda de la comunicaci\u00f3n, hasta desembocar en su \u00abecolog\u00eda del esp\u00edritu\u00bb.<\/p>\n<p>\u00abDebemos suponer -aseveraba- que la misma clase de leyes opera en la estructura del cristal y en la estructura de la sociedad\u00bb, ofreci\u00e9ndonos una nueva manera de contemplar el mundo que nos rodea. \u00abSi queremos vivir en armon\u00eda con los dem\u00e1s seres vivos del planeta debemos aprender a pensar como piensa la naturaleza.<\/p>\n<p>El pensamiento cuantitativo occidental es en verdad contrario al orden natural. Y en la medida en que somos un proceso espiritual, debemos suponer que el mundo natural ha de mostrar id\u00e9nticas caracter\u00edsticas de espiritualidad\u00bb.<\/p>\n<p><a href=\"https:\/\/tavapy.gov.py\/biblioteca\/wp-content\/uploads\/2022\/04\/BatesonG-Espiritu-y-naturaleza.pdf\" target=\"_blank\" rel=\"attachment noopener wp-att-4712\"><img loading=\"lazy\" decoding=\"async\" class=\"size-full wp-image-4712 alignleft\" src=\"https:\/\/tavapy.gov.py\/biblioteca\/wp-content\/uploads\/2022\/04\/icono-PDF-copia-4.png\" alt=\"\" width=\"121\" height=\"140\" \/><\/a><\/p>\n","protected":false},"featured_media":4391,"comment_status":"open","ping_status":"closed","template":"","meta":{"spay_email":""},"product_cat":[162],"product_tag":[],"class_list":{"0":"post-4829","1":"product","2":"type-product","3":"status-publish","4":"has-post-thumbnail","6":"book_author-gregory-bateson","7":"product_cat-estudio-interdisciplinario","8":"entry"},"_links":{"self":[{"href":"https:\/\/tavapy.gov.py\/biblioteca\/wp-json\/wp\/v2\/product\/4829","targetHints":{"allow":["GET"]}}],"collection":[{"href":"https:\/\/tavapy.gov.py\/biblioteca\/wp-json\/wp\/v2\/product"}],"about":[{"href":"https:\/\/tavapy.gov.py\/biblioteca\/wp-json\/wp\/v2\/types\/product"}],"replies":[{"embeddable":true,"href":"https:\/\/tavapy.gov.py\/biblioteca\/wp-json\/wp\/v2\/comments?post=4829"}],"wp:featuredmedia":[{"embeddable":true,"href":"https:\/\/tavapy.gov.py\/biblioteca\/wp-json\/wp\/v2\/media\/4391"}],"wp:attachment":[{"href":"https:\/\/tavapy.gov.py\/biblioteca\/wp-json\/wp\/v2\/media?parent=4829"}],"wp:term":[{"taxonomy":"product_cat","embeddable":true,"href":"https:\/\/tavapy.gov.py\/biblioteca\/wp-json\/wp\/v2\/product_cat?post=4829"},{"taxonomy":"product_tag","embeddable":true,"href":"https:\/\/tavapy.gov.py\/biblioteca\/wp-json\/wp\/v2\/product_tag?post=4829"}],"curies":[{"name":"wp","href":"https:\/\/api.w.org\/{rel}","templated":true}]}}