{"id":4834,"date":"2022-05-09T12:01:50","date_gmt":"2022-05-09T12:01:50","guid":{"rendered":"https:\/\/tavapy.gov.py\/biblioteca\/?post_type=product&#038;p=4834"},"modified":"2022-05-09T12:01:50","modified_gmt":"2022-05-09T12:01:50","slug":"el-paraiso-de-las-damas","status":"publish","type":"product","link":"https:\/\/tavapy.gov.py\/biblioteca\/product\/el-paraiso-de-las-damas\/","title":{"rendered":"EL PARAISO DE LAS DAMAS."},"content":{"rendered":"","protected":false},"excerpt":{"rendered":"<p>A los veinte a\u00f1os, hu\u00e9rfana y con dos hermanos a cuestas, Denise llega a Par\u00eds dispuesta a trabajar en la pa\u00f1er\u00eda de su t\u00edo Baudu. Pero corren tiempos dif\u00edciles, el peque\u00f1o comercio est\u00e1 en crisis y el nuevo gigante de los grandes almacenes amenaza con acabar con \u00e9l.<\/p>\n<p>As\u00ed las cosas, Denise tiene que emplearse en El Para\u00edso de las Damas &#8211; \u00ab\u00a1una tienda de novedades con diecinueve departamentos y cuatrocientos tres empleados!\u00bb-, propiedad de Octave Mouret. Y mientras Mouret rige los destinos de \u00abun pueblo de coquetas\u00bb y los peque\u00f1os comerciantes resisten heroicamente, nace una historia de amor desafiante, turbadora y ardiente entre el patr\u00f3n y la empleada.<\/p>\n<p>La obra \u201cEl para\u00edso de las damas\u201d fue publicada en 1.883.<\/p>\n<p><a href=\"https:\/\/tavapy.gov.py\/biblioteca\/wp-content\/uploads\/2022\/05\/ZolaE-El-paraiso-de-las-damas.pdf\" target=\"_blank\" rel=\"attachment noopener wp-att-4712\"><img loading=\"lazy\" decoding=\"async\" class=\"size-full wp-image-4712 alignleft\" src=\"https:\/\/tavapy.gov.py\/biblioteca\/wp-content\/uploads\/2022\/04\/icono-PDF-copia-4.png\" alt=\"\" width=\"121\" height=\"140\" \/><\/a><\/p>\n","protected":false},"featured_media":4959,"comment_status":"open","ping_status":"closed","template":"","meta":{"spay_email":""},"product_cat":[57],"product_tag":[],"class_list":{"0":"post-4834","1":"product","2":"type-product","3":"status-publish","4":"has-post-thumbnail","6":"book_author-emile-zola","7":"product_cat-novela","8":"entry"},"_links":{"self":[{"href":"https:\/\/tavapy.gov.py\/biblioteca\/wp-json\/wp\/v2\/product\/4834","targetHints":{"allow":["GET"]}}],"collection":[{"href":"https:\/\/tavapy.gov.py\/biblioteca\/wp-json\/wp\/v2\/product"}],"about":[{"href":"https:\/\/tavapy.gov.py\/biblioteca\/wp-json\/wp\/v2\/types\/product"}],"replies":[{"embeddable":true,"href":"https:\/\/tavapy.gov.py\/biblioteca\/wp-json\/wp\/v2\/comments?post=4834"}],"wp:featuredmedia":[{"embeddable":true,"href":"https:\/\/tavapy.gov.py\/biblioteca\/wp-json\/wp\/v2\/media\/4959"}],"wp:attachment":[{"href":"https:\/\/tavapy.gov.py\/biblioteca\/wp-json\/wp\/v2\/media?parent=4834"}],"wp:term":[{"taxonomy":"product_cat","embeddable":true,"href":"https:\/\/tavapy.gov.py\/biblioteca\/wp-json\/wp\/v2\/product_cat?post=4834"},{"taxonomy":"product_tag","embeddable":true,"href":"https:\/\/tavapy.gov.py\/biblioteca\/wp-json\/wp\/v2\/product_tag?post=4834"}],"curies":[{"name":"wp","href":"https:\/\/api.w.org\/{rel}","templated":true}]}}