{"id":4962,"date":"2022-05-09T12:12:50","date_gmt":"2022-05-09T12:12:50","guid":{"rendered":"https:\/\/tavapy.gov.py\/biblioteca\/?post_type=product&#038;p=4962"},"modified":"2022-05-09T12:12:51","modified_gmt":"2022-05-09T12:12:51","slug":"homo-deus-breve-historia-del-manana","status":"publish","type":"product","link":"https:\/\/tavapy.gov.py\/biblioteca\/product\/homo-deus-breve-historia-del-manana\/","title":{"rendered":"HOMO DEUS: BREVE HISTORIA DEL MA\u00d1ANA."},"content":{"rendered":"","protected":false},"excerpt":{"rendered":"<p>Yuval Noah Harari, autor de Sapiens, un fen\u00f3meno internacional un\u00e1nimemente aclamado por la cr\u00edtica, regresa con una secuela igualmente original, convincente y provocadora, centrando su atenci\u00f3n en el futuro de la humanidad y en nuestra obsesi\u00f3n por convertirnos en dioses.<\/p>\n<p>A lo largo del \u00faltimo siglo, la humanidad ha logrado lo imposible frenando la hambruna, la peste y la guerra. Por primera vez en la historia, m\u00e1s personas mueren por obesidad que por pasar hambre y hay m\u00e1s probabilidades de quitarse la vida que de morir en un conflicto b\u00e9lico o un atentado terrorista.<\/p>\n<p>\u00bfQu\u00e9 pasar\u00e1 con la democracia cuando Google y Facebook lleguen a conocer nuestros gustos y preferencias pol\u00edticas mejor que nos conocemos a nosotros mismos? \u00bfQu\u00e9 pasar\u00e1 con el estado de bienestar cuando la inteligencia artificial expulse a los individuos del mercado laboral, creando una \u00abclase innecesaria\u00bb de humanos? \u00bfC\u00f3mo podremos lidiar con los avances en ingenier\u00eda gen\u00e9tica? \u00bfTerminar\u00e1 Silicon Valley por establecer nuevas religiones en lugar de enfocarse a producir \u00fanicamente dispositivos inteligentes?<\/p>\n<p>Homo Deus libro publicado en el 2.015, explora los proyectos, los sue\u00f1os y las pesadillas que configurar\u00e1n el siglo XXI: desde superar la muerte hasta la creaci\u00f3n de la inteligencia y la vida artificial.<\/p>\n<p><a href=\"https:\/\/tavapy.gov.py\/biblioteca\/wp-content\/uploads\/2022\/05\/Yuval-Noah-Homo-Deus.pdf\" target=\"_blank\" rel=\"attachment noopener wp-att-4712\"><img loading=\"lazy\" decoding=\"async\" class=\"size-full wp-image-4712 alignleft\" src=\"https:\/\/tavapy.gov.py\/biblioteca\/wp-content\/uploads\/2022\/04\/icono-PDF-copia-4.png\" alt=\"\" width=\"121\" height=\"140\" \/><\/a><\/p>\n","protected":false},"featured_media":4958,"comment_status":"open","ping_status":"closed","template":"","meta":{"spay_email":""},"product_cat":[519],"product_tag":[],"class_list":{"0":"post-4962","1":"product","2":"type-product","3":"status-publish","4":"has-post-thumbnail","6":"book_author-yuval-noah-harari","7":"product_cat-historia-universal","8":"entry"},"_links":{"self":[{"href":"https:\/\/tavapy.gov.py\/biblioteca\/wp-json\/wp\/v2\/product\/4962","targetHints":{"allow":["GET"]}}],"collection":[{"href":"https:\/\/tavapy.gov.py\/biblioteca\/wp-json\/wp\/v2\/product"}],"about":[{"href":"https:\/\/tavapy.gov.py\/biblioteca\/wp-json\/wp\/v2\/types\/product"}],"replies":[{"embeddable":true,"href":"https:\/\/tavapy.gov.py\/biblioteca\/wp-json\/wp\/v2\/comments?post=4962"}],"wp:featuredmedia":[{"embeddable":true,"href":"https:\/\/tavapy.gov.py\/biblioteca\/wp-json\/wp\/v2\/media\/4958"}],"wp:attachment":[{"href":"https:\/\/tavapy.gov.py\/biblioteca\/wp-json\/wp\/v2\/media?parent=4962"}],"wp:term":[{"taxonomy":"product_cat","embeddable":true,"href":"https:\/\/tavapy.gov.py\/biblioteca\/wp-json\/wp\/v2\/product_cat?post=4962"},{"taxonomy":"product_tag","embeddable":true,"href":"https:\/\/tavapy.gov.py\/biblioteca\/wp-json\/wp\/v2\/product_tag?post=4962"}],"curies":[{"name":"wp","href":"https:\/\/api.w.org\/{rel}","templated":true}]}}