{"id":4965,"date":"2022-05-09T12:45:19","date_gmt":"2022-05-09T12:45:19","guid":{"rendered":"https:\/\/tavapy.gov.py\/biblioteca\/?post_type=product&#038;p=4965"},"modified":"2022-05-09T12:45:20","modified_gmt":"2022-05-09T12:45:20","slug":"el-paradigma-holografico","status":"publish","type":"product","link":"https:\/\/tavapy.gov.py\/biblioteca\/product\/el-paradigma-holografico\/","title":{"rendered":"EL PARADIGMA HOLOGR\u00c1FICO."},"content":{"rendered":"","protected":false},"excerpt":{"rendered":"<p>El paradigma hologr\u00e1fico, libro publicado en 1.982, se enfrenta con una radical revoluci\u00f3n conceptual en las nociones de materia y mente. Cient\u00edficos eminentes y pensadores de diversas tendencias afrontan el gran tema de la relaci\u00f3n entre Cerebro y Mente, Materia y Esp\u00edritu.<\/p>\n<p>\u00abEl cerebro es un holograma que interpreta un universo hologr\u00e1fico\u00bb, resume Marilyn Ferguson. \u00abLa fragmentariedad es una ilusi\u00f3n de la mente: el verdadero estado de las cosas es una totalidad indivisible\u00bb, proclama David Bohm.<\/p>\n<p>Niveles de materia, niveles de mente: \u00bfconvergen la Ciencia y la M\u00edstica? Fritjof Capra lo cree. Ken Wilber lo niega. Pero la discusi\u00f3n es apasionante.<\/p>\n<p>Autores de prestigio tan reconocido como Karl Pribram, David Bohm, Fritjof Carpa, Marilyn Ferguson, Ren\u00e9e Weber, Sam Keen y Ken Wilber convergen en un punto: se da una fascinante intersecci\u00f3n entre f\u00edsica cu\u00e1ntica, neurobiolog\u00eda, holograf\u00eda, psicolog\u00eda. Emerge un nuevo paradigma, es el paradigma hologr\u00e1fico: Una nueva concepci\u00f3n del mundo.<\/p>\n<p><a href=\"https:\/\/tavapy.gov.py\/biblioteca\/wp-content\/uploads\/2022\/05\/WilberK-Coord-El-Paradigma-Holografico.pdf\" target=\"_blank\" rel=\"attachment noopener wp-att-4712\"><img loading=\"lazy\" decoding=\"async\" class=\"size-full wp-image-4712 alignleft\" src=\"https:\/\/tavapy.gov.py\/biblioteca\/wp-content\/uploads\/2022\/04\/icono-PDF-copia-4.png\" alt=\"\" width=\"121\" height=\"140\" \/><\/a><\/p>\n","protected":false},"featured_media":4955,"comment_status":"open","ping_status":"closed","template":"","meta":{"spay_email":""},"product_cat":[162],"product_tag":[],"class_list":{"0":"post-4965","1":"product","2":"type-product","3":"status-publish","4":"has-post-thumbnail","6":"book_author-ken-wilber","7":"product_cat-estudio-interdisciplinario","8":"entry"},"_links":{"self":[{"href":"https:\/\/tavapy.gov.py\/biblioteca\/wp-json\/wp\/v2\/product\/4965","targetHints":{"allow":["GET"]}}],"collection":[{"href":"https:\/\/tavapy.gov.py\/biblioteca\/wp-json\/wp\/v2\/product"}],"about":[{"href":"https:\/\/tavapy.gov.py\/biblioteca\/wp-json\/wp\/v2\/types\/product"}],"replies":[{"embeddable":true,"href":"https:\/\/tavapy.gov.py\/biblioteca\/wp-json\/wp\/v2\/comments?post=4965"}],"wp:featuredmedia":[{"embeddable":true,"href":"https:\/\/tavapy.gov.py\/biblioteca\/wp-json\/wp\/v2\/media\/4955"}],"wp:attachment":[{"href":"https:\/\/tavapy.gov.py\/biblioteca\/wp-json\/wp\/v2\/media?parent=4965"}],"wp:term":[{"taxonomy":"product_cat","embeddable":true,"href":"https:\/\/tavapy.gov.py\/biblioteca\/wp-json\/wp\/v2\/product_cat?post=4965"},{"taxonomy":"product_tag","embeddable":true,"href":"https:\/\/tavapy.gov.py\/biblioteca\/wp-json\/wp\/v2\/product_tag?post=4965"}],"curies":[{"name":"wp","href":"https:\/\/api.w.org\/{rel}","templated":true}]}}