{"id":4967,"date":"2022-05-09T13:01:41","date_gmt":"2022-05-09T13:01:41","guid":{"rendered":"https:\/\/tavapy.gov.py\/biblioteca\/?post_type=product&#038;p=4967"},"modified":"2022-05-09T13:01:42","modified_gmt":"2022-05-09T13:01:42","slug":"la-sociedad-transparente","status":"publish","type":"product","link":"https:\/\/tavapy.gov.py\/biblioteca\/product\/la-sociedad-transparente\/","title":{"rendered":"LA SOCIEDAD TRANSPARENTE."},"content":{"rendered":"","protected":false},"excerpt":{"rendered":"<p>Los medios de comunicaci\u00f3n de masas desempe\u00f1an un papel determinante en el nacimiento de la sociedad posmoderna. El incremento de estos medios, no obstante, no hace que la sociedad sea m\u00e1s \u00abtransparente\u00bb, que est\u00e9 m\u00e1s informada de s\u00ed misma, m\u00e1s iluminada: los mass media intentan reproducir los sucesos en el tiempo real, multiplicando su complejidad en vez de reducirla.<\/p>\n<p>La tesis de Vattimo en esta obra publicada en 1.989, es que justamente en este \u00abcaos\u00bb relativo es donde se hallan nuestras esperanzas de emancipaci\u00f3n. La falta de transparencia no es pues un fen\u00f3meno que haya que combatir; al contrario, es el s\u00edntoma de un gran cambio de orientaci\u00f3n en el que queda implicado todo el \u00e1mbito de la existencia: la liberaci\u00f3n de las minor\u00edas y la creaci\u00f3n de un nuevo \u00abestado de \u00e1nimo\u00bb: una experiencia cotidiana con caracteres m\u00e1s fluidos, que adquiere los rasgos de la oscilaci\u00f3n, del desarraigo, del juego.<\/p>\n<p><a href=\"https:\/\/tavapy.gov.py\/biblioteca\/wp-content\/uploads\/2022\/05\/VattimoG-La-sociedad-transparente.pdf\" target=\"_blank\" rel=\"attachment noopener wp-att-4712\"><img loading=\"lazy\" decoding=\"async\" class=\"size-full wp-image-4712 alignleft\" src=\"https:\/\/tavapy.gov.py\/biblioteca\/wp-content\/uploads\/2022\/04\/icono-PDF-copia-4.png\" alt=\"\" width=\"121\" height=\"140\" \/><\/a><\/p>\n","protected":false},"featured_media":4951,"comment_status":"open","ping_status":"closed","template":"","meta":{"spay_email":""},"product_cat":[355],"product_tag":[],"class_list":{"0":"post-4967","1":"product","2":"type-product","3":"status-publish","4":"has-post-thumbnail","6":"book_author-gianni-vattimo","7":"product_cat-filosofia-ensayo","8":"entry"},"_links":{"self":[{"href":"https:\/\/tavapy.gov.py\/biblioteca\/wp-json\/wp\/v2\/product\/4967","targetHints":{"allow":["GET"]}}],"collection":[{"href":"https:\/\/tavapy.gov.py\/biblioteca\/wp-json\/wp\/v2\/product"}],"about":[{"href":"https:\/\/tavapy.gov.py\/biblioteca\/wp-json\/wp\/v2\/types\/product"}],"replies":[{"embeddable":true,"href":"https:\/\/tavapy.gov.py\/biblioteca\/wp-json\/wp\/v2\/comments?post=4967"}],"wp:featuredmedia":[{"embeddable":true,"href":"https:\/\/tavapy.gov.py\/biblioteca\/wp-json\/wp\/v2\/media\/4951"}],"wp:attachment":[{"href":"https:\/\/tavapy.gov.py\/biblioteca\/wp-json\/wp\/v2\/media?parent=4967"}],"wp:term":[{"taxonomy":"product_cat","embeddable":true,"href":"https:\/\/tavapy.gov.py\/biblioteca\/wp-json\/wp\/v2\/product_cat?post=4967"},{"taxonomy":"product_tag","embeddable":true,"href":"https:\/\/tavapy.gov.py\/biblioteca\/wp-json\/wp\/v2\/product_tag?post=4967"}],"curies":[{"name":"wp","href":"https:\/\/api.w.org\/{rel}","templated":true}]}}