{"id":4968,"date":"2022-05-09T13:10:33","date_gmt":"2022-05-09T13:10:33","guid":{"rendered":"https:\/\/tavapy.gov.py\/biblioteca\/?post_type=product&#038;p=4968"},"modified":"2022-05-09T13:10:34","modified_gmt":"2022-05-09T13:10:34","slug":"la-etica-de-la-autenticidad","status":"publish","type":"product","link":"https:\/\/tavapy.gov.py\/biblioteca\/product\/la-etica-de-la-autenticidad\/","title":{"rendered":"LA \u00c9TICA DE LA AUTENTICIDAD."},"content":{"rendered":"","protected":false},"excerpt":{"rendered":"<p>El ensayo que se traduce en este volumen, La \u00e9tica de la autenticidad, seg\u00fan el t\u00edtulo de la edici\u00f3n estadounidense, obra publicada en 1.992, es el \u00faltimo libro publicado por el fil\u00f3sofo canadiense.<\/p>\n<p>El trabajo de Taylor, profesor de filosof\u00eda en la Universidad de McGill, Montreal, Canad\u00e1, es exponente de una perspectiva hermen\u00e9utica que se encamina a la cr\u00edtica social y cultural.<\/p>\n<p>El presente ensayo indaga las formas y las causadas del individualismo \u00e9tico moderno frente al cual realiza un esfuerzo de recuperaci\u00f3n de las fuentes sustantivas de valoraci\u00f3n de determinadas tradiciones culturales.<\/p>\n<p>Charles Taylor muestra aqu\u00ed, tambi\u00e9n, un ejercicio de su comunitarismo democr\u00e1tico al reivindicar el lugar central de las comunidades en la constituci\u00f3n de la identidad personal y colectiva.<\/p>\n<p><a href=\"https:\/\/tavapy.gov.py\/biblioteca\/wp-content\/uploads\/2022\/05\/TaylorC-La_etica_de_la_autenticidad.pdf\" target=\"_blank\" rel=\"attachment noopener wp-att-4712\"><img loading=\"lazy\" decoding=\"async\" class=\"size-full wp-image-4712 alignleft\" src=\"https:\/\/tavapy.gov.py\/biblioteca\/wp-content\/uploads\/2022\/04\/icono-PDF-copia-4.png\" alt=\"\" width=\"121\" height=\"140\" \/><\/a><\/p>\n","protected":false},"featured_media":4949,"comment_status":"open","ping_status":"closed","template":"","meta":{"spay_email":""},"product_cat":[524],"product_tag":[],"class_list":{"0":"post-4968","1":"product","2":"type-product","3":"status-publish","4":"has-post-thumbnail","6":"book_author-charles-taylor","7":"product_cat-etica-filosofia-contemporanea","8":"entry"},"_links":{"self":[{"href":"https:\/\/tavapy.gov.py\/biblioteca\/wp-json\/wp\/v2\/product\/4968","targetHints":{"allow":["GET"]}}],"collection":[{"href":"https:\/\/tavapy.gov.py\/biblioteca\/wp-json\/wp\/v2\/product"}],"about":[{"href":"https:\/\/tavapy.gov.py\/biblioteca\/wp-json\/wp\/v2\/types\/product"}],"replies":[{"embeddable":true,"href":"https:\/\/tavapy.gov.py\/biblioteca\/wp-json\/wp\/v2\/comments?post=4968"}],"wp:featuredmedia":[{"embeddable":true,"href":"https:\/\/tavapy.gov.py\/biblioteca\/wp-json\/wp\/v2\/media\/4949"}],"wp:attachment":[{"href":"https:\/\/tavapy.gov.py\/biblioteca\/wp-json\/wp\/v2\/media?parent=4968"}],"wp:term":[{"taxonomy":"product_cat","embeddable":true,"href":"https:\/\/tavapy.gov.py\/biblioteca\/wp-json\/wp\/v2\/product_cat?post=4968"},{"taxonomy":"product_tag","embeddable":true,"href":"https:\/\/tavapy.gov.py\/biblioteca\/wp-json\/wp\/v2\/product_tag?post=4968"}],"curies":[{"name":"wp","href":"https:\/\/api.w.org\/{rel}","templated":true}]}}