{"id":4969,"date":"2022-05-09T13:42:57","date_gmt":"2022-05-09T13:42:57","guid":{"rendered":"https:\/\/tavapy.gov.py\/biblioteca\/?post_type=product&#038;p=4969"},"modified":"2022-05-09T13:42:57","modified_gmt":"2022-05-09T13:42:57","slug":"bohr-y-la-teoria-cuantica","status":"publish","type":"product","link":"https:\/\/tavapy.gov.py\/biblioteca\/product\/bohr-y-la-teoria-cuantica\/","title":{"rendered":"BOHR Y LA TEOR\u00cdA CU\u00c1NTICA."},"content":{"rendered":"","protected":false},"excerpt":{"rendered":"<p>Los descubrimientos de Niels Bohr en el campo de la teor\u00eda cu\u00e1ntica llevaron a avances monumentales en la f\u00edsica y en nuestra comprensi\u00f3n de la estructura at\u00f3mica. Bohr gan\u00f3 el premio Nobel por su labor en 1922 y sus ideas, a\u00fan hoy, siguen impulsando a la f\u00edsica hacia nuevos descubrimientos.<\/p>\n<p>\u00bfPero qu\u00e9 es la teor\u00eda cu\u00e1ntica? La mayor\u00eda de nosotros no entendemos ni los conceptos m\u00e1s b\u00e1sicos, aunque en ella reside la clave para comprender realidades tan complejas como los agujeros negros o la bomba at\u00f3mica.<\/p>\n<p>Bohr y la teor\u00eda cu\u00e1ntica publicada en 1.998, presenta un brillante relato de la vida y obra de Bohr, y ofrece una explicaci\u00f3n clara y accesible del significado e importancia de su descubrimiento y de lo que implica para nuestras vidas y para el futuro.<\/p>\n<p><a href=\"https:\/\/tavapy.gov.py\/biblioteca\/wp-content\/uploads\/2022\/05\/StrathernP-Bohr-y-la-teoria-cuantica.pdf\" target=\"_blank\" rel=\"attachment noopener wp-att-4712\"><img loading=\"lazy\" decoding=\"async\" class=\"size-full wp-image-4712 alignleft\" src=\"https:\/\/tavapy.gov.py\/biblioteca\/wp-content\/uploads\/2022\/04\/icono-PDF-copia-4.png\" alt=\"\" width=\"121\" height=\"140\" \/><\/a><\/p>\n","protected":false},"featured_media":4945,"comment_status":"open","ping_status":"closed","template":"","meta":{"spay_email":""},"product_cat":[526],"product_tag":[],"class_list":{"0":"post-4969","1":"product","2":"type-product","3":"status-publish","4":"has-post-thumbnail","6":"book_author-paul-strathern","7":"product_cat-biografia-ciencia-fisica","8":"entry"},"_links":{"self":[{"href":"https:\/\/tavapy.gov.py\/biblioteca\/wp-json\/wp\/v2\/product\/4969","targetHints":{"allow":["GET"]}}],"collection":[{"href":"https:\/\/tavapy.gov.py\/biblioteca\/wp-json\/wp\/v2\/product"}],"about":[{"href":"https:\/\/tavapy.gov.py\/biblioteca\/wp-json\/wp\/v2\/types\/product"}],"replies":[{"embeddable":true,"href":"https:\/\/tavapy.gov.py\/biblioteca\/wp-json\/wp\/v2\/comments?post=4969"}],"wp:featuredmedia":[{"embeddable":true,"href":"https:\/\/tavapy.gov.py\/biblioteca\/wp-json\/wp\/v2\/media\/4945"}],"wp:attachment":[{"href":"https:\/\/tavapy.gov.py\/biblioteca\/wp-json\/wp\/v2\/media?parent=4969"}],"wp:term":[{"taxonomy":"product_cat","embeddable":true,"href":"https:\/\/tavapy.gov.py\/biblioteca\/wp-json\/wp\/v2\/product_cat?post=4969"},{"taxonomy":"product_tag","embeddable":true,"href":"https:\/\/tavapy.gov.py\/biblioteca\/wp-json\/wp\/v2\/product_tag?post=4969"}],"curies":[{"name":"wp","href":"https:\/\/api.w.org\/{rel}","templated":true}]}}