{"id":4971,"date":"2022-05-09T13:57:52","date_gmt":"2022-05-09T13:57:52","guid":{"rendered":"https:\/\/tavapy.gov.py\/biblioteca\/?post_type=product&#038;p=4971"},"modified":"2022-05-09T13:57:52","modified_gmt":"2022-05-09T13:57:52","slug":"hamlet","status":"publish","type":"product","link":"https:\/\/tavapy.gov.py\/biblioteca\/product\/hamlet\/","title":{"rendered":"HAMLET."},"content":{"rendered":"","protected":false},"excerpt":{"rendered":"<p>Obra publicada en 1.603 en la que brilla con especial fuerza el genio de William Shakespeare (1564-1616), la tragedia de Hamlet traza el admirable retrato de un legendario pr\u00edncipe de Dinamarca so\u00f1ador, contemplativo, sumido en dudas e irresoluciones, que, obligado a esclarecer los motivos que llevaron a la muerte de su padre, sucumbe ante la fatalidad de las circunstancias.<\/p>\n<p>Su ambig\u00fcedad, su ambivalencia y su desorientaci\u00f3n lo aproximan notablemente a la sensibilidad de nuestra \u00e9poca.<\/p>\n<p><a href=\"https:\/\/tavapy.gov.py\/biblioteca\/wp-content\/uploads\/2022\/05\/ShakespeareW-Hamlet.pdf\" target=\"_blank\" rel=\"attachment noopener wp-att-4712\"><img loading=\"lazy\" decoding=\"async\" class=\"size-full wp-image-4712 alignleft\" src=\"https:\/\/tavapy.gov.py\/biblioteca\/wp-content\/uploads\/2022\/04\/icono-PDF-copia-4.png\" alt=\"\" width=\"121\" height=\"140\" \/><\/a><\/p>\n","protected":false},"featured_media":4940,"comment_status":"open","ping_status":"closed","template":"","meta":{"spay_email":""},"product_cat":[528],"product_tag":[],"class_list":{"0":"post-4971","1":"product","2":"type-product","3":"status-publish","4":"has-post-thumbnail","6":"book_author-william-shakespeare","7":"product_cat-tragedia-literatura","8":"entry"},"_links":{"self":[{"href":"https:\/\/tavapy.gov.py\/biblioteca\/wp-json\/wp\/v2\/product\/4971","targetHints":{"allow":["GET"]}}],"collection":[{"href":"https:\/\/tavapy.gov.py\/biblioteca\/wp-json\/wp\/v2\/product"}],"about":[{"href":"https:\/\/tavapy.gov.py\/biblioteca\/wp-json\/wp\/v2\/types\/product"}],"replies":[{"embeddable":true,"href":"https:\/\/tavapy.gov.py\/biblioteca\/wp-json\/wp\/v2\/comments?post=4971"}],"wp:featuredmedia":[{"embeddable":true,"href":"https:\/\/tavapy.gov.py\/biblioteca\/wp-json\/wp\/v2\/media\/4940"}],"wp:attachment":[{"href":"https:\/\/tavapy.gov.py\/biblioteca\/wp-json\/wp\/v2\/media?parent=4971"}],"wp:term":[{"taxonomy":"product_cat","embeddable":true,"href":"https:\/\/tavapy.gov.py\/biblioteca\/wp-json\/wp\/v2\/product_cat?post=4971"},{"taxonomy":"product_tag","embeddable":true,"href":"https:\/\/tavapy.gov.py\/biblioteca\/wp-json\/wp\/v2\/product_tag?post=4971"}],"curies":[{"name":"wp","href":"https:\/\/api.w.org\/{rel}","templated":true}]}}