{"id":4973,"date":"2022-05-09T14:02:52","date_gmt":"2022-05-09T14:02:52","guid":{"rendered":"https:\/\/tavapy.gov.py\/biblioteca\/?post_type=product&#038;p=4973"},"modified":"2022-05-09T14:02:53","modified_gmt":"2022-05-09T14:02:53","slug":"escuelas-clasicas-del-pensamiento-antropologico","status":"publish","type":"product","link":"https:\/\/tavapy.gov.py\/biblioteca\/product\/escuelas-clasicas-del-pensamiento-antropologico\/","title":{"rendered":"ESCUELAS CL\u00c1SICAS DEL PENSAMIENTO ANTROPOL\u00d3GICO."},"content":{"rendered":"","protected":false},"excerpt":{"rendered":"<p>El libro \u201cEscuelas cl\u00e1sicas del pensamiento antropol\u00f3gico\u201d, publicado en el 2.016 constituye una s\u00edntesis de la importante contribuci\u00f3n del colombiano Eduardo Restrepo.<\/p>\n<p>La obra es una revisi\u00f3n apropiada del pensamiento antropol\u00f3gico en una l\u00ednea de reflexi\u00f3n donde se cruzan los estudios culturales, la cr\u00edtica descolonial y el pensamiento antiutilitarista.<\/p>\n<p><a href=\"https:\/\/tavapy.gov.py\/biblioteca\/wp-content\/uploads\/2022\/05\/RestrepoE-Escuelas-clasicas-del..-1.pdf\" target=\"_blank\" rel=\"attachment noopener wp-att-4712\"><img loading=\"lazy\" decoding=\"async\" class=\"size-full wp-image-4712 alignleft\" src=\"https:\/\/tavapy.gov.py\/biblioteca\/wp-content\/uploads\/2022\/04\/icono-PDF-copia-4.png\" alt=\"\" width=\"121\" height=\"140\" \/><\/a><\/p>\n","protected":false},"featured_media":4939,"comment_status":"open","ping_status":"closed","template":"","meta":{"spay_email":""},"product_cat":[116],"product_tag":[],"class_list":{"0":"post-4973","1":"product","2":"type-product","3":"status-publish","4":"has-post-thumbnail","6":"book_author-eduardo-restrepo","7":"product_cat-antropologia-socio-cultural","8":"entry"},"_links":{"self":[{"href":"https:\/\/tavapy.gov.py\/biblioteca\/wp-json\/wp\/v2\/product\/4973","targetHints":{"allow":["GET"]}}],"collection":[{"href":"https:\/\/tavapy.gov.py\/biblioteca\/wp-json\/wp\/v2\/product"}],"about":[{"href":"https:\/\/tavapy.gov.py\/biblioteca\/wp-json\/wp\/v2\/types\/product"}],"replies":[{"embeddable":true,"href":"https:\/\/tavapy.gov.py\/biblioteca\/wp-json\/wp\/v2\/comments?post=4973"}],"wp:featuredmedia":[{"embeddable":true,"href":"https:\/\/tavapy.gov.py\/biblioteca\/wp-json\/wp\/v2\/media\/4939"}],"wp:attachment":[{"href":"https:\/\/tavapy.gov.py\/biblioteca\/wp-json\/wp\/v2\/media?parent=4973"}],"wp:term":[{"taxonomy":"product_cat","embeddable":true,"href":"https:\/\/tavapy.gov.py\/biblioteca\/wp-json\/wp\/v2\/product_cat?post=4973"},{"taxonomy":"product_tag","embeddable":true,"href":"https:\/\/tavapy.gov.py\/biblioteca\/wp-json\/wp\/v2\/product_tag?post=4973"}],"curies":[{"name":"wp","href":"https:\/\/api.w.org\/{rel}","templated":true}]}}