{"id":4975,"date":"2022-05-09T14:13:35","date_gmt":"2022-05-09T14:13:35","guid":{"rendered":"https:\/\/tavapy.gov.py\/biblioteca\/?post_type=product&#038;p=4975"},"modified":"2022-05-09T14:13:36","modified_gmt":"2022-05-09T14:13:36","slug":"el-cerebro-manual-de-instrucciones","status":"publish","type":"product","link":"https:\/\/tavapy.gov.py\/biblioteca\/product\/el-cerebro-manual-de-instrucciones\/","title":{"rendered":"EL CEREBRO: MANUAL DE INSTRUCCIONES."},"content":{"rendered":"","protected":false},"excerpt":{"rendered":"<p>El autor, profesor de psiquiatr\u00eda en la Universidad de Harvard, propone que conozcamos el funcionamiento de nuestro cerebro, para entender nuestra propia vida. Un retrato de nuestra parte m\u00e1s sorprendente y misteriosa, al alcance de todos.<\/p>\n<p>El libro de John J. Ratey publicado en el 2.001, es un buen ejemplo de c\u00f3mo se puede divulgar con rigor sobre el cerebro. Para el autor, el cerebro es el responsable \u00faltimo de la personalidad, la cultura, la lengua y la raz\u00f3n, y por eso merece la pena adentrarse a fondo en esta estructura. El Dr. Ratey lo hace vali\u00e9ndose de analog\u00edas y met\u00e1foras bien escogidas, de an\u00e9cdotas de su vida y de la de sus pacientes.<\/p>\n<p>Tras la introducci\u00f3n, describe el desarrollo cerebral, la percepci\u00f3n, la atenci\u00f3n y la conciencia, el movimiento, la memoria, la emoci\u00f3n, el lenguaje, el cerebro social, el procesamiento de la informaci\u00f3n nerviosa y el cuidado y mantenimiento del estado cerebral.<\/p>\n<p><a href=\"https:\/\/tavapy.gov.py\/biblioteca\/wp-content\/uploads\/2022\/05\/RateyJ-Cerebro-Manual-de-Instrucciones.pdf\"><img loading=\"lazy\" decoding=\"async\" class=\"size-full wp-image-4974 alignleft\" src=\"https:\/\/tavapy.gov.py\/biblioteca\/wp-content\/uploads\/2022\/05\/icono-PDF-copia.png\" alt=\"\" width=\"121\" height=\"140\" \/><\/a><\/p>\n","protected":false},"featured_media":4934,"comment_status":"open","ping_status":"closed","template":"","meta":{"spay_email":""},"product_cat":[531],"product_tag":[],"class_list":{"0":"post-4975","1":"product","2":"type-product","3":"status-publish","4":"has-post-thumbnail","6":"book_author-john-joseph-ratey","7":"product_cat-neurociencia-medicina","8":"entry"},"_links":{"self":[{"href":"https:\/\/tavapy.gov.py\/biblioteca\/wp-json\/wp\/v2\/product\/4975","targetHints":{"allow":["GET"]}}],"collection":[{"href":"https:\/\/tavapy.gov.py\/biblioteca\/wp-json\/wp\/v2\/product"}],"about":[{"href":"https:\/\/tavapy.gov.py\/biblioteca\/wp-json\/wp\/v2\/types\/product"}],"replies":[{"embeddable":true,"href":"https:\/\/tavapy.gov.py\/biblioteca\/wp-json\/wp\/v2\/comments?post=4975"}],"wp:featuredmedia":[{"embeddable":true,"href":"https:\/\/tavapy.gov.py\/biblioteca\/wp-json\/wp\/v2\/media\/4934"}],"wp:attachment":[{"href":"https:\/\/tavapy.gov.py\/biblioteca\/wp-json\/wp\/v2\/media?parent=4975"}],"wp:term":[{"taxonomy":"product_cat","embeddable":true,"href":"https:\/\/tavapy.gov.py\/biblioteca\/wp-json\/wp\/v2\/product_cat?post=4975"},{"taxonomy":"product_tag","embeddable":true,"href":"https:\/\/tavapy.gov.py\/biblioteca\/wp-json\/wp\/v2\/product_tag?post=4975"}],"curies":[{"name":"wp","href":"https:\/\/api.w.org\/{rel}","templated":true}]}}