{"id":4979,"date":"2022-05-09T14:26:58","date_gmt":"2022-05-09T14:26:58","guid":{"rendered":"https:\/\/tavapy.gov.py\/biblioteca\/?post_type=product&#038;p=4979"},"modified":"2022-05-09T14:26:58","modified_gmt":"2022-05-09T14:26:58","slug":"un-judio-marginal-nueva-vision-del-jesus-historico-tomo-iii","status":"publish","type":"product","link":"https:\/\/tavapy.gov.py\/biblioteca\/product\/un-judio-marginal-nueva-vision-del-jesus-historico-tomo-iii\/","title":{"rendered":"UN JUD\u00cdO MARGINAL: NUEVA VISI\u00d3N DEL JES\u00daS HIST\u00d3RICO \u2013 TOMO III."},"content":{"rendered":"","protected":false},"excerpt":{"rendered":"<p>John P. Meier se ocupa en este tomo III de su monumental obra Un jud\u00edo marginal, publicado en el 2.001, de la decisiva red de relaciones de Jes\u00fas de Nazaret con grupos e individuos jud\u00edos, demasiado a menudo desatendida en trabajos sobre el Jes\u00fas hist\u00f3rico.<\/p>\n<p>Pero, adem\u00e1s de poner el \u00e9nfasis en las relaciones de Jes\u00fas, este tomo III est\u00e1 inextricablemente entrelazado con un segundo aspecto clave, que ha sido tambi\u00e9n pasado por alto en algunas obras modernas sobre el Jes\u00fas hist\u00f3rico: la naturaleza esencialmente jud\u00eda de esas relaciones.<\/p>\n<p><a href=\"https:\/\/tavapy.gov.py\/biblioteca\/wp-content\/uploads\/2022\/05\/MeierJ_Un-judio-marginal-III-1.pdf\" target=\"_blank\" rel=\"attachment noopener wp-att-4974\"><img loading=\"lazy\" decoding=\"async\" class=\"size-full wp-image-4974 alignleft\" src=\"https:\/\/tavapy.gov.py\/biblioteca\/wp-content\/uploads\/2022\/05\/icono-PDF-copia.png\" alt=\"\" width=\"121\" height=\"140\" \/><\/a><\/p>\n","protected":false},"featured_media":4930,"comment_status":"open","ping_status":"closed","template":"","meta":{"spay_email":""},"product_cat":[173],"product_tag":[],"class_list":{"0":"post-4979","1":"product","2":"type-product","3":"status-publish","4":"has-post-thumbnail","6":"book_author-john-paul-meier","7":"product_cat-estudios-biblicos","8":"entry"},"_links":{"self":[{"href":"https:\/\/tavapy.gov.py\/biblioteca\/wp-json\/wp\/v2\/product\/4979","targetHints":{"allow":["GET"]}}],"collection":[{"href":"https:\/\/tavapy.gov.py\/biblioteca\/wp-json\/wp\/v2\/product"}],"about":[{"href":"https:\/\/tavapy.gov.py\/biblioteca\/wp-json\/wp\/v2\/types\/product"}],"replies":[{"embeddable":true,"href":"https:\/\/tavapy.gov.py\/biblioteca\/wp-json\/wp\/v2\/comments?post=4979"}],"wp:featuredmedia":[{"embeddable":true,"href":"https:\/\/tavapy.gov.py\/biblioteca\/wp-json\/wp\/v2\/media\/4930"}],"wp:attachment":[{"href":"https:\/\/tavapy.gov.py\/biblioteca\/wp-json\/wp\/v2\/media?parent=4979"}],"wp:term":[{"taxonomy":"product_cat","embeddable":true,"href":"https:\/\/tavapy.gov.py\/biblioteca\/wp-json\/wp\/v2\/product_cat?post=4979"},{"taxonomy":"product_tag","embeddable":true,"href":"https:\/\/tavapy.gov.py\/biblioteca\/wp-json\/wp\/v2\/product_tag?post=4979"}],"curies":[{"name":"wp","href":"https:\/\/api.w.org\/{rel}","templated":true}]}}