{"id":4980,"date":"2022-05-09T14:45:45","date_gmt":"2022-05-09T14:45:45","guid":{"rendered":"https:\/\/tavapy.gov.py\/biblioteca\/?post_type=product&#038;p=4980"},"modified":"2022-05-09T14:45:45","modified_gmt":"2022-05-09T14:45:45","slug":"un-judio-marginal-nueva-vision-del-jesus-historico-tomo-ii-segunda-parte","status":"publish","type":"product","link":"https:\/\/tavapy.gov.py\/biblioteca\/product\/un-judio-marginal-nueva-vision-del-jesus-historico-tomo-ii-segunda-parte\/","title":{"rendered":"UN JUD\u00cdO MARGINAL: NUEVA VISI\u00d3N DEL JES\u00daS HIST\u00d3RICO \u2013 TOMO II \u2013 SEGUNDA PARTE."},"content":{"rendered":"","protected":false},"excerpt":{"rendered":"<p>John P. Meier aborda de manera muy exhaustiva el tema de los milagros en esta 2\u00aa parte del tomo II de la monumental obra \u201cUn jud\u00edo marginal\u201d, publicado en el 2.000.<\/p>\n<p>Para ello, en primer lugar, aborda brevemente los varios problemas a que se enfrenta la mentalidad moderna al estudiar los milagros. A continuaci\u00f3n, se enfrenta a los problemas planteados por la visi\u00f3n antigua del mundo, que sirve de tel\u00f3n de fondo a los Evangelio.<\/p>\n<p>Una vez ponderadas estas cuestiones preliminares de m\u00e9todo, se adentra en el an\u00e1lisis de los milagros de Jes\u00fas narrados en los Evangelios, su historicidad, su clasificaci\u00f3n y su contenido. Concluido el examen, los resultados se incorporan a la imagen que vamos form\u00e1ndonos del Jes\u00fas hist\u00f3rico.<\/p>\n<p><a href=\"https:\/\/tavapy.gov.py\/biblioteca\/wp-content\/uploads\/2022\/05\/MeierJ_Un-judio-marginal-II-2.pdf\" target=\"_blank\" rel=\"attachment noopener wp-att-4974\"><img loading=\"lazy\" decoding=\"async\" class=\"size-full wp-image-4974 alignleft\" src=\"https:\/\/tavapy.gov.py\/biblioteca\/wp-content\/uploads\/2022\/05\/icono-PDF-copia.png\" alt=\"\" width=\"121\" height=\"140\" \/><\/a><\/p>\n","protected":false},"featured_media":4929,"comment_status":"open","ping_status":"closed","template":"","meta":{"spay_email":""},"product_cat":[173],"product_tag":[],"class_list":{"0":"post-4980","1":"product","2":"type-product","3":"status-publish","4":"has-post-thumbnail","6":"book_author-john-paul-meier","7":"product_cat-estudios-biblicos","8":"entry"},"_links":{"self":[{"href":"https:\/\/tavapy.gov.py\/biblioteca\/wp-json\/wp\/v2\/product\/4980","targetHints":{"allow":["GET"]}}],"collection":[{"href":"https:\/\/tavapy.gov.py\/biblioteca\/wp-json\/wp\/v2\/product"}],"about":[{"href":"https:\/\/tavapy.gov.py\/biblioteca\/wp-json\/wp\/v2\/types\/product"}],"replies":[{"embeddable":true,"href":"https:\/\/tavapy.gov.py\/biblioteca\/wp-json\/wp\/v2\/comments?post=4980"}],"wp:featuredmedia":[{"embeddable":true,"href":"https:\/\/tavapy.gov.py\/biblioteca\/wp-json\/wp\/v2\/media\/4929"}],"wp:attachment":[{"href":"https:\/\/tavapy.gov.py\/biblioteca\/wp-json\/wp\/v2\/media?parent=4980"}],"wp:term":[{"taxonomy":"product_cat","embeddable":true,"href":"https:\/\/tavapy.gov.py\/biblioteca\/wp-json\/wp\/v2\/product_cat?post=4980"},{"taxonomy":"product_tag","embeddable":true,"href":"https:\/\/tavapy.gov.py\/biblioteca\/wp-json\/wp\/v2\/product_tag?post=4980"}],"curies":[{"name":"wp","href":"https:\/\/api.w.org\/{rel}","templated":true}]}}