{"id":4983,"date":"2022-05-09T14:54:19","date_gmt":"2022-05-09T14:54:19","guid":{"rendered":"https:\/\/tavapy.gov.py\/biblioteca\/?post_type=product&#038;p=4983"},"modified":"2022-05-09T14:54:19","modified_gmt":"2022-05-09T14:54:19","slug":"un-judio-marginal-nueva-vision-del-jesus-historico-tomo-i","status":"publish","type":"product","link":"https:\/\/tavapy.gov.py\/biblioteca\/product\/un-judio-marginal-nueva-vision-del-jesus-historico-tomo-i\/","title":{"rendered":"UN JUD\u00cdO MARGINAL: NUEVA VISI\u00d3N DEL JES\u00daS HIST\u00d3RICO \u2013 TOMO I."},"content":{"rendered":"","protected":false},"excerpt":{"rendered":"<p>Entre otras arduas cuestiones en este libro publicado en 1.991, se abordan algunas tan fundamentales como: \u00bffue Jes\u00fas concebido virginalmente? \u00bften\u00eda hermanos y hermanas? \u00bfestaba casado o soltero? \u00bfera analfabeto o dominaba el griego y el hebreo adem\u00e1s del arameo?<\/p>\n<p>Por su tratamiento rigurosamente cient\u00edfico y completo del Jes\u00fas hist\u00f3rico este libro constituye una trascendental aportaci\u00f3n para las ciencias b\u00edblicas.<\/p>\n<p><a href=\"https:\/\/tavapy.gov.py\/biblioteca\/wp-content\/uploads\/2022\/05\/MeierJ_Un-judio-marginal-I-1.pdf\" target=\"_blank\" rel=\"attachment noopener wp-att-4974\"><img loading=\"lazy\" decoding=\"async\" class=\"size-full wp-image-4974 alignleft\" src=\"https:\/\/tavapy.gov.py\/biblioteca\/wp-content\/uploads\/2022\/05\/icono-PDF-copia.png\" alt=\"\" width=\"121\" height=\"140\" \/><\/a><\/p>\n","protected":false},"featured_media":4925,"comment_status":"open","ping_status":"closed","template":"","meta":{"spay_email":""},"product_cat":[173],"product_tag":[],"class_list":{"0":"post-4983","1":"product","2":"type-product","3":"status-publish","4":"has-post-thumbnail","6":"book_author-john-paul-meier","7":"product_cat-estudios-biblicos","8":"entry"},"_links":{"self":[{"href":"https:\/\/tavapy.gov.py\/biblioteca\/wp-json\/wp\/v2\/product\/4983","targetHints":{"allow":["GET"]}}],"collection":[{"href":"https:\/\/tavapy.gov.py\/biblioteca\/wp-json\/wp\/v2\/product"}],"about":[{"href":"https:\/\/tavapy.gov.py\/biblioteca\/wp-json\/wp\/v2\/types\/product"}],"replies":[{"embeddable":true,"href":"https:\/\/tavapy.gov.py\/biblioteca\/wp-json\/wp\/v2\/comments?post=4983"}],"wp:featuredmedia":[{"embeddable":true,"href":"https:\/\/tavapy.gov.py\/biblioteca\/wp-json\/wp\/v2\/media\/4925"}],"wp:attachment":[{"href":"https:\/\/tavapy.gov.py\/biblioteca\/wp-json\/wp\/v2\/media?parent=4983"}],"wp:term":[{"taxonomy":"product_cat","embeddable":true,"href":"https:\/\/tavapy.gov.py\/biblioteca\/wp-json\/wp\/v2\/product_cat?post=4983"},{"taxonomy":"product_tag","embeddable":true,"href":"https:\/\/tavapy.gov.py\/biblioteca\/wp-json\/wp\/v2\/product_tag?post=4983"}],"curies":[{"name":"wp","href":"https:\/\/api.w.org\/{rel}","templated":true}]}}