{"id":4984,"date":"2022-05-09T14:59:03","date_gmt":"2022-05-09T14:59:03","guid":{"rendered":"https:\/\/tavapy.gov.py\/biblioteca\/?post_type=product&#038;p=4984"},"modified":"2022-05-09T15:00:13","modified_gmt":"2022-05-09T15:00:13","slug":"el-cerebro-del-futuro","status":"publish","type":"product","link":"https:\/\/tavapy.gov.py\/biblioteca\/product\/el-cerebro-del-futuro\/","title":{"rendered":"EL CEREBRO DEL FUTURO."},"content":{"rendered":"","protected":false},"excerpt":{"rendered":"<p>Facundo Manes y Mateo Niro unen de nuevo sus fuerzas y nos presentan un s\u00f3lido y minucioso trabajo publicado en el 2.018, en el que analizan los aspectos m\u00e1s relevantes que tendremos que afrontar de cara a un ma\u00f1ana que ya est\u00e1 entre nosotros, y aquellos otros a los que deberemos atender sin excepci\u00f3n para alcanzar una sociedad en la que el bienestar sea general.<\/p>\n<p>De este modo, desarrollan temas fundamentales como el papel que deben jugar en este contexto las neurociencias y el trabajo interdisciplinario; el impacto de las nuevas tecnolog\u00edas en el cerebro; la neuro\u00e9tica y los l\u00edmites que deber\u00e1n establecerse frente a los avances cient\u00edficos; la incidencia y los posibles tratamientos de las enfermedades mentales cada vez m\u00e1s propagadas; y una reflexi\u00f3n profunda acerca de las problem\u00e1ticas sociales actuales y el rol de la ciencia para su resoluci\u00f3n.<\/p>\n<p>Tras el enorme \u00e9xito de Usar el cerebro, Manes y Niro nos invitan en su nuevo libro a dar un paso m\u00e1s all\u00e1 en esta magn\u00edfica aventura que significa entender el presente para vivir una \u00abvida moderna\u00bb plena, desarrollada y humana.<\/p>\n<p><a href=\"https:\/\/tavapy.gov.py\/biblioteca\/wp-content\/uploads\/2022\/05\/ManesF-El-cerebro-del-futuro.pdf\" target=\"_blank\" rel=\"attachment noopener wp-att-4974\"><img loading=\"lazy\" decoding=\"async\" class=\"size-full wp-image-4974 alignleft\" src=\"https:\/\/tavapy.gov.py\/biblioteca\/wp-content\/uploads\/2022\/05\/icono-PDF-copia.png\" alt=\"\" width=\"121\" height=\"140\" \/><\/a><\/p>\n","protected":false},"featured_media":4919,"comment_status":"open","ping_status":"closed","template":"","meta":{"spay_email":""},"product_cat":[129],"product_tag":[],"class_list":{"0":"post-4984","1":"product","2":"type-product","3":"status-publish","4":"has-post-thumbnail","6":"book_author-facundo-manes","7":"product_cat-neurociencia","8":"entry"},"_links":{"self":[{"href":"https:\/\/tavapy.gov.py\/biblioteca\/wp-json\/wp\/v2\/product\/4984","targetHints":{"allow":["GET"]}}],"collection":[{"href":"https:\/\/tavapy.gov.py\/biblioteca\/wp-json\/wp\/v2\/product"}],"about":[{"href":"https:\/\/tavapy.gov.py\/biblioteca\/wp-json\/wp\/v2\/types\/product"}],"replies":[{"embeddable":true,"href":"https:\/\/tavapy.gov.py\/biblioteca\/wp-json\/wp\/v2\/comments?post=4984"}],"wp:featuredmedia":[{"embeddable":true,"href":"https:\/\/tavapy.gov.py\/biblioteca\/wp-json\/wp\/v2\/media\/4919"}],"wp:attachment":[{"href":"https:\/\/tavapy.gov.py\/biblioteca\/wp-json\/wp\/v2\/media?parent=4984"}],"wp:term":[{"taxonomy":"product_cat","embeddable":true,"href":"https:\/\/tavapy.gov.py\/biblioteca\/wp-json\/wp\/v2\/product_cat?post=4984"},{"taxonomy":"product_tag","embeddable":true,"href":"https:\/\/tavapy.gov.py\/biblioteca\/wp-json\/wp\/v2\/product_tag?post=4984"}],"curies":[{"name":"wp","href":"https:\/\/api.w.org\/{rel}","templated":true}]}}