{"id":4985,"date":"2022-05-09T15:05:46","date_gmt":"2022-05-09T15:05:46","guid":{"rendered":"https:\/\/tavapy.gov.py\/biblioteca\/?post_type=product&#038;p=4985"},"modified":"2022-05-09T15:05:46","modified_gmt":"2022-05-09T15:05:46","slug":"un-universo-de-la-nada","status":"publish","type":"product","link":"https:\/\/tavapy.gov.py\/biblioteca\/product\/un-universo-de-la-nada\/","title":{"rendered":"UN UNIVERSO DE LA NADA."},"content":{"rendered":"","protected":false},"excerpt":{"rendered":"<p>Revolucionario y entretenid\u00edsimo ensayo publicado en el 2.012 y en el que se explica por qu\u00e9 existe un Universo en lugar de Nada y qu\u00e9 papel juega esa Nada en el Universo que conocemos.<\/p>\n<p>Seg\u00fan Richard Dawkins este libro es a la f\u00edsica lo que El origen de las especies a la biolog\u00eda. En \u00e9l se explica de forma sencilla y apasionada los complejos mecanismo por los que surgi\u00f3 un Universo a partir de la Nada (con todo lo que eso conlleva) y la importancia de esa Nada (la llamada materia oscura) en el Universo que hoy habitamos.<\/p>\n<p>Por su claridad de exposici\u00f3n y su pericia narrativa a Krauss lo han comparado a menudo con Carl Sagan y al igual que \u00e9l ha colaborado en diversos programas televisivos y on-line de divulgaci\u00f3n cient\u00edfica.<\/p>\n<p><a href=\"https:\/\/tavapy.gov.py\/biblioteca\/wp-content\/uploads\/2022\/05\/KrausL-Un-universo-de-la-nada.pdf\" target=\"_blank\" rel=\"attachment noopener wp-att-4974\"><img loading=\"lazy\" decoding=\"async\" class=\"size-full wp-image-4974 alignleft\" src=\"https:\/\/tavapy.gov.py\/biblioteca\/wp-content\/uploads\/2022\/05\/icono-PDF-copia.png\" alt=\"\" width=\"121\" height=\"140\" \/><\/a><\/p>\n","protected":false},"featured_media":4915,"comment_status":"open","ping_status":"closed","template":"","meta":{"spay_email":""},"product_cat":[401],"product_tag":[],"class_list":{"0":"post-4985","1":"product","2":"type-product","3":"status-publish","4":"has-post-thumbnail","6":"book_author-lawrence-krauss","7":"product_cat-fisica-moderna-cosmologia","8":"entry"},"_links":{"self":[{"href":"https:\/\/tavapy.gov.py\/biblioteca\/wp-json\/wp\/v2\/product\/4985","targetHints":{"allow":["GET"]}}],"collection":[{"href":"https:\/\/tavapy.gov.py\/biblioteca\/wp-json\/wp\/v2\/product"}],"about":[{"href":"https:\/\/tavapy.gov.py\/biblioteca\/wp-json\/wp\/v2\/types\/product"}],"replies":[{"embeddable":true,"href":"https:\/\/tavapy.gov.py\/biblioteca\/wp-json\/wp\/v2\/comments?post=4985"}],"wp:featuredmedia":[{"embeddable":true,"href":"https:\/\/tavapy.gov.py\/biblioteca\/wp-json\/wp\/v2\/media\/4915"}],"wp:attachment":[{"href":"https:\/\/tavapy.gov.py\/biblioteca\/wp-json\/wp\/v2\/media?parent=4985"}],"wp:term":[{"taxonomy":"product_cat","embeddable":true,"href":"https:\/\/tavapy.gov.py\/biblioteca\/wp-json\/wp\/v2\/product_cat?post=4985"},{"taxonomy":"product_tag","embeddable":true,"href":"https:\/\/tavapy.gov.py\/biblioteca\/wp-json\/wp\/v2\/product_tag?post=4985"}],"curies":[{"name":"wp","href":"https:\/\/api.w.org\/{rel}","templated":true}]}}