{"id":4986,"date":"2022-05-09T15:09:43","date_gmt":"2022-05-09T15:09:43","guid":{"rendered":"https:\/\/tavapy.gov.py\/biblioteca\/?post_type=product&#038;p=4986"},"modified":"2022-05-09T15:09:43","modified_gmt":"2022-05-09T15:09:43","slug":"descubriendo-el-cerebro","status":"publish","type":"product","link":"https:\/\/tavapy.gov.py\/biblioteca\/product\/descubriendo-el-cerebro\/","title":{"rendered":"DESCUBRIENDO EL CEREBRO."},"content":{"rendered":"","protected":false},"excerpt":{"rendered":"<p>\u00bfPor qu\u00e9 un libro de neurociencia para ni\u00f1os? Porque es el cerebro el que nos permite percibir, pensar y sentir. Este fascinante \u00f3rgano juega un papel clave en el modo de hacer las cosas que hacemos, en el aprendizaje de cosas nuevas y en la aceptaci\u00f3n de que habr\u00e1 ciertas cosas que nunca podremos hacer sin importar cu\u00e1ntas veces lo intentemos.<\/p>\n<p>Los seres humanos tenemos mayores posibilidades en nuestras vidas cuando sabemos m\u00e1s y entendemos mejor. Facundo Manes y Mar\u00eda Roca est\u00e1n convencidos de que un rol importante para el cient\u00edfico del siglo XXI es salir de la torre de marfil del laboratorio y difundir el valor del conocimiento cient\u00edfico, sus m\u00e9todos, sus procedimientos y sus resultados.<\/p>\n<p>Son los ni\u00f1os los que heredar\u00e1n esta pasi\u00f3n por saber y se transformar\u00e1n en los cient\u00edficos del futuro. En este libro publicado en el 2.017, a trav\u00e9s de experimentos, juegos y actividades, los chicos y los grandes descubrir\u00e1n las funciones del cerebro a trav\u00e9s de la diversi\u00f3n y el desaf\u00edo.<\/p>\n<p><a href=\"https:\/\/tavapy.gov.py\/biblioteca\/wp-content\/uploads\/2022\/05\/ManesF-Descubriendo-el-cerebro-neurociencia-para-chicos-y-grandes.pdf\" target=\"_blank\" rel=\"attachment noopener wp-att-4974\"><img loading=\"lazy\" decoding=\"async\" class=\"size-full wp-image-4974 alignleft\" src=\"https:\/\/tavapy.gov.py\/biblioteca\/wp-content\/uploads\/2022\/05\/icono-PDF-copia.png\" alt=\"\" width=\"121\" height=\"140\" \/><\/a><\/p>\n","protected":false},"featured_media":4921,"comment_status":"open","ping_status":"closed","template":"","meta":{"spay_email":""},"product_cat":[535],"product_tag":[],"class_list":{"0":"post-4986","1":"product","2":"type-product","3":"status-publish","4":"has-post-thumbnail","6":"book_author-facundo-manes","7":"product_cat-neurociencia-publico-infantil","8":"entry"},"_links":{"self":[{"href":"https:\/\/tavapy.gov.py\/biblioteca\/wp-json\/wp\/v2\/product\/4986","targetHints":{"allow":["GET"]}}],"collection":[{"href":"https:\/\/tavapy.gov.py\/biblioteca\/wp-json\/wp\/v2\/product"}],"about":[{"href":"https:\/\/tavapy.gov.py\/biblioteca\/wp-json\/wp\/v2\/types\/product"}],"replies":[{"embeddable":true,"href":"https:\/\/tavapy.gov.py\/biblioteca\/wp-json\/wp\/v2\/comments?post=4986"}],"wp:featuredmedia":[{"embeddable":true,"href":"https:\/\/tavapy.gov.py\/biblioteca\/wp-json\/wp\/v2\/media\/4921"}],"wp:attachment":[{"href":"https:\/\/tavapy.gov.py\/biblioteca\/wp-json\/wp\/v2\/media?parent=4986"}],"wp:term":[{"taxonomy":"product_cat","embeddable":true,"href":"https:\/\/tavapy.gov.py\/biblioteca\/wp-json\/wp\/v2\/product_cat?post=4986"},{"taxonomy":"product_tag","embeddable":true,"href":"https:\/\/tavapy.gov.py\/biblioteca\/wp-json\/wp\/v2\/product_tag?post=4986"}],"curies":[{"name":"wp","href":"https:\/\/api.w.org\/{rel}","templated":true}]}}