{"id":4987,"date":"2022-05-09T21:33:10","date_gmt":"2022-05-09T21:33:10","guid":{"rendered":"https:\/\/tavapy.gov.py\/biblioteca\/?post_type=product&#038;p=4987"},"modified":"2022-05-09T21:33:11","modified_gmt":"2022-05-09T21:33:11","slug":"la-sabiduria-de-los-estoicos","status":"publish","type":"product","link":"https:\/\/tavapy.gov.py\/biblioteca\/product\/la-sabiduria-de-los-estoicos\/","title":{"rendered":"LA SABIDUR\u00cdA DE LOS ESTOICOS."},"content":{"rendered":"","protected":false},"excerpt":{"rendered":"<p>La filosof\u00eda estoica fue fundada por Zen\u00f3n, un fenicio (c, 320-c. 250 a. C.), pero nada de \u00e9l ha llegado hasta nosotros, excepto unas pocas citas fragmentarias. Le sigui\u00f3 Cleantes, luego Crisipo, y a\u00fan m\u00e1s tarde por Panecio y Posidonio.<\/p>\n<p>Pero aunque Crisipo, por ejemplo, se dice que escribi\u00f3 705 libros, pr\u00e1cticamente no queda nada de ninguno de estos fil\u00f3sofos, salvo relatos de segunda mano. Solo tres de los antiguos estoicos, S\u00e9neca, Epicteto y Marco Aurelio, sobreviven en libros completos.<\/p>\n<p>Ninguno de los tres ha tenido nunca una gran audiencia. La historia de sus reputaciones es curiosa. En el siglo XVII, S\u00e9neca fue sin duda el m\u00e1s conocido. Luego, a fines del siglo XIX y principios del siglo XX, fue casi completamente olvidado y la popularidad se altern\u00f3 entre Epicteto y Marco Aurelio.<\/p>\n<p>Bajo la influencia de Matthew Arnold, este \u00faltimo se convirti\u00f3 en una especie de \u00abdeber\u00bb cultural para mediados de la \u00e9poca victoriana.<\/p>\n<p>Est\u00e1 obra fue publicada en 1.984.<\/p>\n<p><a href=\"https:\/\/tavapy.gov.py\/biblioteca\/wp-content\/uploads\/2022\/05\/HazlittF-La-sabiduria-de-los-estoicos.pdf\" target=\"_blank\" rel=\"attachment noopener wp-att-4974\"><img loading=\"lazy\" decoding=\"async\" class=\"size-full wp-image-4974 alignleft\" src=\"https:\/\/tavapy.gov.py\/biblioteca\/wp-content\/uploads\/2022\/05\/icono-PDF-copia.png\" alt=\"\" width=\"121\" height=\"140\" \/><\/a><\/p>\n","protected":false},"featured_media":4913,"comment_status":"open","ping_status":"closed","template":"","meta":{"spay_email":""},"product_cat":[59],"product_tag":[],"class_list":{"0":"post-4987","1":"product","2":"type-product","3":"status-publish","4":"has-post-thumbnail","6":"book_author-henry-hazlitt","7":"product_cat-filosofia","8":"entry"},"_links":{"self":[{"href":"https:\/\/tavapy.gov.py\/biblioteca\/wp-json\/wp\/v2\/product\/4987","targetHints":{"allow":["GET"]}}],"collection":[{"href":"https:\/\/tavapy.gov.py\/biblioteca\/wp-json\/wp\/v2\/product"}],"about":[{"href":"https:\/\/tavapy.gov.py\/biblioteca\/wp-json\/wp\/v2\/types\/product"}],"replies":[{"embeddable":true,"href":"https:\/\/tavapy.gov.py\/biblioteca\/wp-json\/wp\/v2\/comments?post=4987"}],"wp:featuredmedia":[{"embeddable":true,"href":"https:\/\/tavapy.gov.py\/biblioteca\/wp-json\/wp\/v2\/media\/4913"}],"wp:attachment":[{"href":"https:\/\/tavapy.gov.py\/biblioteca\/wp-json\/wp\/v2\/media?parent=4987"}],"wp:term":[{"taxonomy":"product_cat","embeddable":true,"href":"https:\/\/tavapy.gov.py\/biblioteca\/wp-json\/wp\/v2\/product_cat?post=4987"},{"taxonomy":"product_tag","embeddable":true,"href":"https:\/\/tavapy.gov.py\/biblioteca\/wp-json\/wp\/v2\/product_tag?post=4987"}],"curies":[{"name":"wp","href":"https:\/\/api.w.org\/{rel}","templated":true}]}}