{"id":4988,"date":"2022-05-09T21:41:10","date_gmt":"2022-05-09T21:41:10","guid":{"rendered":"https:\/\/tavapy.gov.py\/biblioteca\/?post_type=product&#038;p=4988"},"modified":"2022-05-09T21:43:22","modified_gmt":"2022-05-09T21:43:22","slug":"lo-absurdo-y-el-misterio","status":"publish","type":"product","link":"https:\/\/tavapy.gov.py\/biblioteca\/product\/lo-absurdo-y-el-misterio\/","title":{"rendered":"LO ABSURDO Y EL MISTERIO."},"content":{"rendered":"","protected":false},"excerpt":{"rendered":"<p>Lo absurdo y el misterio: estas son las dos posibles soluciones al enigma que nos propone la experiencia de la vida. El prop\u00f3sito de este libro publicado en 1.984 es elegir entre ambas opciones, porque no hay una postura intermedia en que podamos instalamos. De grado o por fuerza, nos vemos conducidos hacia uno de estos dos t\u00e9rminos. Y este acto de libertad razonable, esta opci\u00f3n \u00faltima constituye, sin duda, la \u00faltima de nuestras elecciones.<\/p>\n<p>Todos nosotros, creyentes, no creyentes o sabios, tendremos que pasar por esta noche. En otros tiempos eran unos cuantos hombres; ahora es toda la humanidad. Anta\u00f1o los que pasaban por esta noche apenas eran conscientes de ello, salvo en el caso de que alg\u00fan profeta viniera a dec\u00edrselo. En nuestros d\u00edas no hay ya necesidad de profetas: basta el silencio.<\/p>\n<p>La opci\u00f3n que se est\u00e1 analizando en este Iibro subsiste siempre, tanto tiempo como se siga filosofando y reflexionemos sobre los misterios del cristianismo.<\/p>\n<p><a href=\"https:\/\/tavapy.gov.py\/biblioteca\/wp-content\/uploads\/2022\/05\/Guitton-Jean-Lo-Absurdo-y-El-Misterio.pdf\" target=\"_blank\" rel=\"attachment noopener wp-att-4974\"><img loading=\"lazy\" decoding=\"async\" class=\"size-full wp-image-4974 alignleft\" src=\"https:\/\/tavapy.gov.py\/biblioteca\/wp-content\/uploads\/2022\/05\/icono-PDF-copia.png\" alt=\"\" width=\"121\" height=\"140\" \/><\/a><\/p>\n","protected":false},"featured_media":4909,"comment_status":"open","ping_status":"closed","template":"","meta":{"spay_email":""},"product_cat":[355],"product_tag":[],"class_list":{"0":"post-4988","1":"product","2":"type-product","3":"status-publish","4":"has-post-thumbnail","6":"book_author-jean-guitton","7":"product_cat-filosofia-ensayo","8":"entry"},"_links":{"self":[{"href":"https:\/\/tavapy.gov.py\/biblioteca\/wp-json\/wp\/v2\/product\/4988","targetHints":{"allow":["GET"]}}],"collection":[{"href":"https:\/\/tavapy.gov.py\/biblioteca\/wp-json\/wp\/v2\/product"}],"about":[{"href":"https:\/\/tavapy.gov.py\/biblioteca\/wp-json\/wp\/v2\/types\/product"}],"replies":[{"embeddable":true,"href":"https:\/\/tavapy.gov.py\/biblioteca\/wp-json\/wp\/v2\/comments?post=4988"}],"wp:featuredmedia":[{"embeddable":true,"href":"https:\/\/tavapy.gov.py\/biblioteca\/wp-json\/wp\/v2\/media\/4909"}],"wp:attachment":[{"href":"https:\/\/tavapy.gov.py\/biblioteca\/wp-json\/wp\/v2\/media?parent=4988"}],"wp:term":[{"taxonomy":"product_cat","embeddable":true,"href":"https:\/\/tavapy.gov.py\/biblioteca\/wp-json\/wp\/v2\/product_cat?post=4988"},{"taxonomy":"product_tag","embeddable":true,"href":"https:\/\/tavapy.gov.py\/biblioteca\/wp-json\/wp\/v2\/product_tag?post=4988"}],"curies":[{"name":"wp","href":"https:\/\/api.w.org\/{rel}","templated":true}]}}