{"id":4990,"date":"2022-05-09T21:49:34","date_gmt":"2022-05-09T21:49:34","guid":{"rendered":"https:\/\/tavapy.gov.py\/biblioteca\/?post_type=product&#038;p=4990"},"modified":"2022-05-09T21:49:34","modified_gmt":"2022-05-09T21:49:34","slug":"en-busca-del-gato-de-schrodinger","status":"publish","type":"product","link":"https:\/\/tavapy.gov.py\/biblioteca\/product\/en-busca-del-gato-de-schrodinger\/","title":{"rendered":"EN BUSCA DEL GATO DE SCHR\u00d6DINGER."},"content":{"rendered":"","protected":false},"excerpt":{"rendered":"<p>En busca del gato de Schr\u00f6dinger es un libro escrito por el f\u00edsico John Gribbin y publicado en 1.984. Trata de forma amena y sencilla incluso para los menos especializados en el tema sobre los fundamentos de la f\u00edsica cu\u00e1ntica, sus aplicaciones y contribuciones, tanto en el campo cient\u00edfico como al filos\u00f3fico.<\/p>\n<p>Gribbin comienza contextualizando el desarrollo de esta rama de la f\u00edsica, a principios del siglo XX, con aportaciones de cient\u00edficos como Max Planck, Albert Einstein, Rutherford, Niels Bohr, Paul Dirac o el mencionado en el t\u00edtulo Erwin Schr\u00f6dinger, figuras claves en el mundo de la f\u00edsica del pasado siglo.<\/p>\n<p>La evoluci\u00f3n de esta teor\u00eda, los diferentes modelos, teor\u00edas, corroboraciones y refutaciones, tambi\u00e9n son descritos en el libro, terminando con una exposici\u00f3n de los actuales problemas, as\u00ed como de diferentes nuevas teor\u00edas, no terminadas, que podr\u00edan explicarlos, como la teor\u00eda de supergravedad o la teor\u00eda de cuerdas.<\/p>\n<p><a href=\"https:\/\/tavapy.gov.py\/biblioteca\/wp-content\/uploads\/2022\/05\/GribbinJ-En-busca-del-gato-de-Schrodinger.pdf\" target=\"_blank\" rel=\"attachment noopener wp-att-4974\"><img loading=\"lazy\" decoding=\"async\" class=\"size-full wp-image-4974 alignleft\" src=\"https:\/\/tavapy.gov.py\/biblioteca\/wp-content\/uploads\/2022\/05\/icono-PDF-copia.png\" alt=\"\" width=\"121\" height=\"140\" \/><\/a><\/p>\n","protected":false},"featured_media":4907,"comment_status":"open","ping_status":"closed","template":"","meta":{"spay_email":""},"product_cat":[109],"product_tag":[],"class_list":{"0":"post-4990","1":"product","2":"type-product","3":"status-publish","4":"has-post-thumbnail","6":"book_author-john-gribbin","7":"product_cat-fisica-moderna","8":"entry"},"_links":{"self":[{"href":"https:\/\/tavapy.gov.py\/biblioteca\/wp-json\/wp\/v2\/product\/4990","targetHints":{"allow":["GET"]}}],"collection":[{"href":"https:\/\/tavapy.gov.py\/biblioteca\/wp-json\/wp\/v2\/product"}],"about":[{"href":"https:\/\/tavapy.gov.py\/biblioteca\/wp-json\/wp\/v2\/types\/product"}],"replies":[{"embeddable":true,"href":"https:\/\/tavapy.gov.py\/biblioteca\/wp-json\/wp\/v2\/comments?post=4990"}],"wp:featuredmedia":[{"embeddable":true,"href":"https:\/\/tavapy.gov.py\/biblioteca\/wp-json\/wp\/v2\/media\/4907"}],"wp:attachment":[{"href":"https:\/\/tavapy.gov.py\/biblioteca\/wp-json\/wp\/v2\/media?parent=4990"}],"wp:term":[{"taxonomy":"product_cat","embeddable":true,"href":"https:\/\/tavapy.gov.py\/biblioteca\/wp-json\/wp\/v2\/product_cat?post=4990"},{"taxonomy":"product_tag","embeddable":true,"href":"https:\/\/tavapy.gov.py\/biblioteca\/wp-json\/wp\/v2\/product_tag?post=4990"}],"curies":[{"name":"wp","href":"https:\/\/api.w.org\/{rel}","templated":true}]}}