{"id":4991,"date":"2022-05-09T21:54:54","date_gmt":"2022-05-09T21:54:54","guid":{"rendered":"https:\/\/tavapy.gov.py\/biblioteca\/?post_type=product&#038;p=4991"},"modified":"2022-05-09T21:54:55","modified_gmt":"2022-05-09T21:54:55","slug":"la-realidad-oculta","status":"publish","type":"product","link":"https:\/\/tavapy.gov.py\/biblioteca\/product\/la-realidad-oculta\/","title":{"rendered":"LA REALIDAD OCULTA."},"content":{"rendered":"","protected":false},"excerpt":{"rendered":"<p>Tenemos la intuici\u00f3n de que existe una entidad que engloba y contiene \u00abtodo\u00bb. Es lo que tradicionalmente se ha denominado \u00abUniverso\u00bb.<\/p>\n<p>Semejante creencia comenz\u00f3 a ser socavada a mediados de la d\u00e9cada de 1950, cuando para evitar el serio problema conceptual que implicaba aceptar que en el proceso de observaci\u00f3n la naturaleza se manifiesta solo en una de las diferentes posibilidades f\u00edsicas, se propuso la teor\u00eda de los \u00abmuchos universos\u00bb: las restantes posibilidades f\u00edsicas se plasman en otros universos paralelos.<\/p>\n<p>Ahora bien, la mec\u00e1nica cu\u00e1ntica ya no es el \u00fanico escenario te\u00f3rico que la favorece, como muestra en este libro publicado en el 2.011, el distinguido f\u00edsico te\u00f3rico Brian Greene bas\u00e1ndose en la f\u00edsica m\u00e1s actual: en la teor\u00eda cosmol\u00f3gica inflacionaria y en diversas versiones de la teor\u00eda de cuerdas.<\/p>\n<p><a href=\"https:\/\/tavapy.gov.py\/biblioteca\/wp-content\/uploads\/2022\/05\/GreeneB-La-Realidad-Oculta.pdf\" target=\"_blank\" rel=\"attachment noopener wp-att-4974\"><img loading=\"lazy\" decoding=\"async\" class=\"size-full wp-image-4974 alignleft\" src=\"https:\/\/tavapy.gov.py\/biblioteca\/wp-content\/uploads\/2022\/05\/icono-PDF-copia.png\" alt=\"\" width=\"121\" height=\"140\" \/><\/a><\/p>\n","protected":false},"featured_media":4904,"comment_status":"open","ping_status":"closed","template":"","meta":{"spay_email":""},"product_cat":[401],"product_tag":[],"class_list":{"0":"post-4991","1":"product","2":"type-product","3":"status-publish","4":"has-post-thumbnail","6":"book_author-brian-greene","7":"product_cat-fisica-moderna-cosmologia","8":"entry"},"_links":{"self":[{"href":"https:\/\/tavapy.gov.py\/biblioteca\/wp-json\/wp\/v2\/product\/4991","targetHints":{"allow":["GET"]}}],"collection":[{"href":"https:\/\/tavapy.gov.py\/biblioteca\/wp-json\/wp\/v2\/product"}],"about":[{"href":"https:\/\/tavapy.gov.py\/biblioteca\/wp-json\/wp\/v2\/types\/product"}],"replies":[{"embeddable":true,"href":"https:\/\/tavapy.gov.py\/biblioteca\/wp-json\/wp\/v2\/comments?post=4991"}],"wp:featuredmedia":[{"embeddable":true,"href":"https:\/\/tavapy.gov.py\/biblioteca\/wp-json\/wp\/v2\/media\/4904"}],"wp:attachment":[{"href":"https:\/\/tavapy.gov.py\/biblioteca\/wp-json\/wp\/v2\/media?parent=4991"}],"wp:term":[{"taxonomy":"product_cat","embeddable":true,"href":"https:\/\/tavapy.gov.py\/biblioteca\/wp-json\/wp\/v2\/product_cat?post=4991"},{"taxonomy":"product_tag","embeddable":true,"href":"https:\/\/tavapy.gov.py\/biblioteca\/wp-json\/wp\/v2\/product_tag?post=4991"}],"curies":[{"name":"wp","href":"https:\/\/api.w.org\/{rel}","templated":true}]}}