{"id":4992,"date":"2022-05-09T21:59:22","date_gmt":"2022-05-09T21:59:22","guid":{"rendered":"https:\/\/tavapy.gov.py\/biblioteca\/?post_type=product&#038;p=4992"},"modified":"2022-05-09T21:59:23","modified_gmt":"2022-05-09T21:59:23","slug":"el-pulgar-del-panda","status":"publish","type":"product","link":"https:\/\/tavapy.gov.py\/biblioteca\/product\/el-pulgar-del-panda\/","title":{"rendered":"EL PULGAR DEL PANDA."},"content":{"rendered":"","protected":false},"excerpt":{"rendered":"<p>Como en La vida maravillosa o en \u00abBrontosaurus\u00bb y la nalga del ministro, S. J. Gould despliega en este libro publicado en 1.980, las maravillas de la naturaleza y fija nuestra atenci\u00f3n sobre algunas cuestiones enigm\u00e1ticas: \u00bfqu\u00e9 nos dicen el extra\u00f1o pulgar del panda, las migraciones de las tortugas marinas y la diversidad de los \u00abpeces pescadores\u00bb acerca de las imperfecciones que hacen de la naturaleza \u00abuna magn\u00edfica chapucera y no un divino art\u00edfice\u00bb? \u00bfQu\u00e9 prejuicios racistas se esconden tras el t\u00e9rmino \u00abmongolismo\u00bb, acu\u00f1ado por Down? \u00bfCabr\u00edamos dentro de la c\u00e9lula de una esponja?<\/p>\n<p>Pero S. J. Gould no nos desvela el secreto de estas y otras muchas cuestiones s\u00f3lo para entretener nuestro ocio, sino que utiliza estas fascinantes curiosidades para ilustrarnos acerca de la teor\u00eda de la evoluci\u00f3n \u2013\u00bblas rarezas de la naturaleza nos permiten poner a prueba las teor\u00edas sobre la historia de la vida y su significado\u00bb\u2013 y para mostrarnos que del conocimiento de la naturaleza podemos deducir \u00abmensajes para nuestras vidas\u00bb y una mejor comprensi\u00f3n de las paradojas de la condici\u00f3n humana.<\/p>\n<p><a href=\"https:\/\/tavapy.gov.py\/biblioteca\/wp-content\/uploads\/2022\/05\/GouldS-El-Pulgar-del-panda.pdf\" target=\"_blank\" rel=\"attachment noopener wp-att-4974\"><img loading=\"lazy\" decoding=\"async\" class=\"size-full wp-image-4974 alignleft\" src=\"https:\/\/tavapy.gov.py\/biblioteca\/wp-content\/uploads\/2022\/05\/icono-PDF-copia.png\" alt=\"\" width=\"121\" height=\"140\" \/><\/a><\/p>\n","protected":false},"featured_media":4903,"comment_status":"open","ping_status":"closed","template":"","meta":{"spay_email":""},"product_cat":[538],"product_tag":[],"class_list":{"0":"post-4992","1":"product","2":"type-product","3":"status-publish","4":"has-post-thumbnail","6":"book_author-stephen-jay-gould","7":"product_cat-biologia-moderna-paleontologia","8":"entry"},"_links":{"self":[{"href":"https:\/\/tavapy.gov.py\/biblioteca\/wp-json\/wp\/v2\/product\/4992","targetHints":{"allow":["GET"]}}],"collection":[{"href":"https:\/\/tavapy.gov.py\/biblioteca\/wp-json\/wp\/v2\/product"}],"about":[{"href":"https:\/\/tavapy.gov.py\/biblioteca\/wp-json\/wp\/v2\/types\/product"}],"replies":[{"embeddable":true,"href":"https:\/\/tavapy.gov.py\/biblioteca\/wp-json\/wp\/v2\/comments?post=4992"}],"wp:featuredmedia":[{"embeddable":true,"href":"https:\/\/tavapy.gov.py\/biblioteca\/wp-json\/wp\/v2\/media\/4903"}],"wp:attachment":[{"href":"https:\/\/tavapy.gov.py\/biblioteca\/wp-json\/wp\/v2\/media?parent=4992"}],"wp:term":[{"taxonomy":"product_cat","embeddable":true,"href":"https:\/\/tavapy.gov.py\/biblioteca\/wp-json\/wp\/v2\/product_cat?post=4992"},{"taxonomy":"product_tag","embeddable":true,"href":"https:\/\/tavapy.gov.py\/biblioteca\/wp-json\/wp\/v2\/product_tag?post=4992"}],"curies":[{"name":"wp","href":"https:\/\/api.w.org\/{rel}","templated":true}]}}