{"id":4993,"date":"2022-05-09T22:04:15","date_gmt":"2022-05-09T22:04:15","guid":{"rendered":"https:\/\/tavapy.gov.py\/biblioteca\/?post_type=product&#038;p=4993"},"modified":"2022-05-09T22:04:16","modified_gmt":"2022-05-09T22:04:16","slug":"desde-darwin-reflexiones-sobre-historia-natural","status":"publish","type":"product","link":"https:\/\/tavapy.gov.py\/biblioteca\/product\/desde-darwin-reflexiones-sobre-historia-natural\/","title":{"rendered":"DESDE DARWIN: REFLEXIONES SOBRE HISTORIA NATURAL."},"content":{"rendered":"","protected":false},"excerpt":{"rendered":"<p>Desde Darwin fue el primer libro que el a\u00f1orado Stephen Jay Gould (1941-2002) public\u00f3 reuniendo algunos de los ensayos que escrib\u00eda para su columna mensual del Natural History Magazine. Apareci\u00f3 en 1977 y fue la obra que le lanz\u00f3 a una fama mundial que ya nunca abandonar\u00eda. No es un libro m\u00e1s de los muchos que escribi\u00f3 el gran paleont\u00f3logo y bi\u00f3logo evolutivo de Harvard, sino uno en el que el hilo conductor son sus dos grandes amores: Darwin y su teor\u00eda de la evoluci\u00f3n.<\/p>\n<p>As\u00ed, el primer grupo de art\u00edculos explora la propia teor\u00eda de Darwin, deteni\u00e9ndose en cuestiones como \u00bfpor qu\u00e9 esper\u00f3 veinti\u00fan a\u00f1os antes de publicar su teor\u00eda? La aplicaci\u00f3n del darwinismo a la evoluci\u00f3n humana, incluyendo qu\u00e9 nos separa y qu\u00e9 nos une con las dem\u00e1s criaturas que pueblan la Tierra, es el tema de los dos siguientes grupos de trabajos, mientras que el cuarto estudia los esquemas de la historia de la vida, caracterizada seg\u00fan Gould no por la continuidad que supon\u00eda Darwin, sino por un mundo puntuado de extinciones masivas y r\u00e1pidos or\u00edgenes entre largas etapas de relativa tranquilidad.<\/p>\n<p>De la historia de la vida, pasa en los dos siguientes apartados a la historia de su morada, la Tierra, abordando cuestiones del tipo de si tiene alguna direcci\u00f3n la historia geol\u00f3gica. Finalmente, y para que no olvidemos el impacto que nuestros propios criterios sociales y pol\u00edticos tienen en la supuestamente \u00abobjetiva\u00bb ciencia, nos encontramos con ensayos en los que analiza temas tan variados como las ideas de Engels sobre la evoluci\u00f3n humana, la teor\u00eda de Lombroso de la criminalidad innata, el determinismo biol\u00f3gico o la en momentos tan popular sociobiolog\u00eda.<\/p>\n<p><a href=\"https:\/\/tavapy.gov.py\/biblioteca\/wp-content\/uploads\/2022\/05\/GouldS-Desde-Darwin.pdf\" target=\"_blank\" rel=\"attachment noopener wp-att-4974\"><img loading=\"lazy\" decoding=\"async\" class=\"size-full wp-image-4974 alignleft\" src=\"https:\/\/tavapy.gov.py\/biblioteca\/wp-content\/uploads\/2022\/05\/icono-PDF-copia.png\" alt=\"\" width=\"121\" height=\"140\" \/><\/a><\/p>\n","protected":false},"featured_media":4900,"comment_status":"open","ping_status":"closed","template":"","meta":{"spay_email":""},"product_cat":[538],"product_tag":[],"class_list":{"0":"post-4993","1":"product","2":"type-product","3":"status-publish","4":"has-post-thumbnail","6":"book_author-stephen-jay-gould","7":"product_cat-biologia-moderna-paleontologia","8":"entry"},"_links":{"self":[{"href":"https:\/\/tavapy.gov.py\/biblioteca\/wp-json\/wp\/v2\/product\/4993","targetHints":{"allow":["GET"]}}],"collection":[{"href":"https:\/\/tavapy.gov.py\/biblioteca\/wp-json\/wp\/v2\/product"}],"about":[{"href":"https:\/\/tavapy.gov.py\/biblioteca\/wp-json\/wp\/v2\/types\/product"}],"replies":[{"embeddable":true,"href":"https:\/\/tavapy.gov.py\/biblioteca\/wp-json\/wp\/v2\/comments?post=4993"}],"wp:featuredmedia":[{"embeddable":true,"href":"https:\/\/tavapy.gov.py\/biblioteca\/wp-json\/wp\/v2\/media\/4900"}],"wp:attachment":[{"href":"https:\/\/tavapy.gov.py\/biblioteca\/wp-json\/wp\/v2\/media?parent=4993"}],"wp:term":[{"taxonomy":"product_cat","embeddable":true,"href":"https:\/\/tavapy.gov.py\/biblioteca\/wp-json\/wp\/v2\/product_cat?post=4993"},{"taxonomy":"product_tag","embeddable":true,"href":"https:\/\/tavapy.gov.py\/biblioteca\/wp-json\/wp\/v2\/product_tag?post=4993"}],"curies":[{"name":"wp","href":"https:\/\/api.w.org\/{rel}","templated":true}]}}