{"id":4994,"date":"2022-05-09T22:07:58","date_gmt":"2022-05-09T22:07:58","guid":{"rendered":"https:\/\/tavapy.gov.py\/biblioteca\/?post_type=product&#038;p=4994"},"modified":"2022-05-09T22:07:58","modified_gmt":"2022-05-09T22:07:58","slug":"los-viajes-en-el-tiempo","status":"publish","type":"product","link":"https:\/\/tavapy.gov.py\/biblioteca\/product\/los-viajes-en-el-tiempo\/","title":{"rendered":"LOS VIAJES EN EL TIEMPO."},"content":{"rendered":"","protected":false},"excerpt":{"rendered":"<p>En el universo newtoniano, el viaje en el tiempo era una fantas\u00eda inconcebible. Sin embargo, en determinadas condiciones, en el universo de Einstein esta paradoja puede hacerse realidad. Richard Gott, astrof\u00edsico de la Universidad de Princeton y uno de los m\u00e1s destacados investigadores de esta materia, nos acompa\u00f1a en un fascinante periplo hasta los l\u00edmites m\u00e1s sorprendentes de la imaginaci\u00f3n y la ciencia: \u00bfqu\u00e9 har\u00edamos si dispusi\u00e9ramos de una m\u00e1quina del tiempo?, \u00bfnos lanzar\u00edamos a un recorrido tur\u00edstico por los siglos futuros?, \u00bfpodr\u00edamos regresar al pasado y alterar el curso de la historia?<\/p>\n<p>Richard Gott comienza describiendo c\u00f3mo algunas obras cl\u00e1sicas de ciencia-ficci\u00f3n \u2014desde La m\u00e1quina del tiempo de H.G. Wells hasta la serie televisiva Star Trek \u2014 anticiparon, con gran agudeza, algunas propuestas de la f\u00edsica contempor\u00e1nea. Explica a continuaci\u00f3n que los viajes al futuro no s\u00f3lo son posibles (tal como Einstein demostr\u00f3), sino que ya han sucedido realmente, pues los astronautas que hasta ahora han salido al espacio de hecho han envejecido ligeramente menos que el resto de los humanos.<\/p>\n<p>El autor examina despu\u00e9s si, dadas determinadas circunstancias, es posible viajar al pasado. Pero quiz\u00e1 lo m\u00e1s sorprendente de este libro, tan apasionante como riguroso, radica en el hecho de que el estudio de los viajes en el tiempo puede aportar datos para una nueva teor\u00eda sobre el origen del universo.<\/p>\n<p><a href=\"https:\/\/tavapy.gov.py\/biblioteca\/wp-content\/uploads\/2022\/05\/Gott-Los-viajes-en-el-tiempo-y-el-universo.pdf\" target=\"_blank\" rel=\"attachment noopener wp-att-4974\"><img loading=\"lazy\" decoding=\"async\" class=\"size-full wp-image-4974 alignleft\" src=\"https:\/\/tavapy.gov.py\/biblioteca\/wp-content\/uploads\/2022\/05\/icono-PDF-copia.png\" alt=\"\" width=\"121\" height=\"140\" \/><\/a><\/p>\n","protected":false},"featured_media":4898,"comment_status":"open","ping_status":"closed","template":"","meta":{"spay_email":""},"product_cat":[401],"product_tag":[],"class_list":{"0":"post-4994","1":"product","2":"type-product","3":"status-publish","4":"has-post-thumbnail","6":"book_author-john-richard-gott","7":"product_cat-fisica-moderna-cosmologia","8":"entry"},"_links":{"self":[{"href":"https:\/\/tavapy.gov.py\/biblioteca\/wp-json\/wp\/v2\/product\/4994","targetHints":{"allow":["GET"]}}],"collection":[{"href":"https:\/\/tavapy.gov.py\/biblioteca\/wp-json\/wp\/v2\/product"}],"about":[{"href":"https:\/\/tavapy.gov.py\/biblioteca\/wp-json\/wp\/v2\/types\/product"}],"replies":[{"embeddable":true,"href":"https:\/\/tavapy.gov.py\/biblioteca\/wp-json\/wp\/v2\/comments?post=4994"}],"wp:featuredmedia":[{"embeddable":true,"href":"https:\/\/tavapy.gov.py\/biblioteca\/wp-json\/wp\/v2\/media\/4898"}],"wp:attachment":[{"href":"https:\/\/tavapy.gov.py\/biblioteca\/wp-json\/wp\/v2\/media?parent=4994"}],"wp:term":[{"taxonomy":"product_cat","embeddable":true,"href":"https:\/\/tavapy.gov.py\/biblioteca\/wp-json\/wp\/v2\/product_cat?post=4994"},{"taxonomy":"product_tag","embeddable":true,"href":"https:\/\/tavapy.gov.py\/biblioteca\/wp-json\/wp\/v2\/product_tag?post=4994"}],"curies":[{"name":"wp","href":"https:\/\/api.w.org\/{rel}","templated":true}]}}