{"id":4996,"date":"2022-05-09T22:14:53","date_gmt":"2022-05-09T22:14:53","guid":{"rendered":"https:\/\/tavapy.gov.py\/biblioteca\/?post_type=product&#038;p=4996"},"modified":"2022-05-09T22:17:04","modified_gmt":"2022-05-09T22:17:04","slug":"mis-creencias","status":"publish","type":"product","link":"https:\/\/tavapy.gov.py\/biblioteca\/product\/mis-creencias\/","title":{"rendered":"MIS CREENCIAS."},"content":{"rendered":"","protected":false},"excerpt":{"rendered":"<p>Mis creencias\u201d, publicado en 1984, es un libro que recoge m\u00faltiples art\u00edculos, notas, conferencias, discursos y reflexiones filos\u00f3ficas de Albert Einstein, que a veces rozan problemas cient\u00edficos, pero que en su gran mayor\u00eda se refieren a t\u00f3picos candentes de su \u00e9poca.<\/p>\n<p>Estos trabajos, casi todos breves, aunque sustanciosos, unidos por un hilo conductor, el destino del hombre preservado para fines m\u00e1s nobles que la aniquilaci\u00f3n mutua, reflejan las profundas e \u00edntimas conmociones que sacudieron el \u00e1nimo del cient\u00edfico en sus \u00faltimos a\u00f1os, cuando las nubes de otra conflagraci\u00f3n, m\u00e1s cruel que cuantas hubiera soportado la humanidad, se cern\u00edan sobre el horizonte pol\u00edtico mundial:<\/p>\n<p>La segunda guerra mundial y su tr\u00e1gico fin que llev\u00f3 al uso de la bomba at\u00f3mica, anticip\u00e1ndole el enorme peligro que amenazaba al planeta y el camino tenebroso en que hab\u00eda desembocado la ciencia.<\/p>\n<p><a href=\"https:\/\/tavapy.gov.py\/biblioteca\/wp-content\/uploads\/2022\/05\/EinsteinA-Mis-creencias.pdf\" target=\"_blank\" rel=\"attachment noopener wp-att-4974\"><img loading=\"lazy\" decoding=\"async\" class=\"size-full wp-image-4974 alignleft\" src=\"https:\/\/tavapy.gov.py\/biblioteca\/wp-content\/uploads\/2022\/05\/icono-PDF-copia.png\" alt=\"\" width=\"121\" height=\"140\" \/><\/a><\/p>\n","protected":false},"featured_media":4893,"comment_status":"open","ping_status":"closed","template":"","meta":{"spay_email":""},"product_cat":[542],"product_tag":[],"class_list":{"0":"post-4996","1":"product","2":"type-product","3":"status-publish","4":"has-post-thumbnail","6":"book_author-albert-einstein","7":"product_cat-ciencia-religion-filosofia","8":"entry"},"_links":{"self":[{"href":"https:\/\/tavapy.gov.py\/biblioteca\/wp-json\/wp\/v2\/product\/4996","targetHints":{"allow":["GET"]}}],"collection":[{"href":"https:\/\/tavapy.gov.py\/biblioteca\/wp-json\/wp\/v2\/product"}],"about":[{"href":"https:\/\/tavapy.gov.py\/biblioteca\/wp-json\/wp\/v2\/types\/product"}],"replies":[{"embeddable":true,"href":"https:\/\/tavapy.gov.py\/biblioteca\/wp-json\/wp\/v2\/comments?post=4996"}],"wp:featuredmedia":[{"embeddable":true,"href":"https:\/\/tavapy.gov.py\/biblioteca\/wp-json\/wp\/v2\/media\/4893"}],"wp:attachment":[{"href":"https:\/\/tavapy.gov.py\/biblioteca\/wp-json\/wp\/v2\/media?parent=4996"}],"wp:term":[{"taxonomy":"product_cat","embeddable":true,"href":"https:\/\/tavapy.gov.py\/biblioteca\/wp-json\/wp\/v2\/product_cat?post=4996"},{"taxonomy":"product_tag","embeddable":true,"href":"https:\/\/tavapy.gov.py\/biblioteca\/wp-json\/wp\/v2\/product_tag?post=4996"}],"curies":[{"name":"wp","href":"https:\/\/api.w.org\/{rel}","templated":true}]}}