{"id":4997,"date":"2022-05-09T22:20:59","date_gmt":"2022-05-09T22:20:59","guid":{"rendered":"https:\/\/tavapy.gov.py\/biblioteca\/?post_type=product&#038;p=4997"},"modified":"2022-05-09T22:21:00","modified_gmt":"2022-05-09T22:21:00","slug":"el-lenguaje-y-las-instituciones-filosoficas","status":"publish","type":"product","link":"https:\/\/tavapy.gov.py\/biblioteca\/product\/el-lenguaje-y-las-instituciones-filosoficas\/","title":{"rendered":"EL LENGUAJE Y LAS INSTITUCIONES FILOS\u00d3FICAS."},"content":{"rendered":"","protected":false},"excerpt":{"rendered":"<p>Esta obra publicada en 1.995 es un an\u00e1lisis de las relaciones entre la lengua, como condici\u00f3n de posibilidad de la filosof\u00eda, y determinadas instancias institucionales y sus proyecciones hist\u00f3ricas, pol\u00edticas y sociales, en las que se plantean los problemas b\u00e1sicos del concepto de traducci\u00f3n.<\/p>\n<p>La obra se inicia con un estudio de los v\u00ednculos entre el discurso y una lengua concreta, a partir de consideraciones acerca del \u00abDiscurso del M\u00e9todo\u00bb, de Descartes, primera etapa de la normalizaci\u00f3n de la lengua francesa; y finaliza en Schelling, con su cr\u00edtica a la unilateralidad de la perspectiva topol\u00f3gica de Kant y la pretensi\u00f3n de fundar la traducci\u00f3n.<\/p>\n<p><a href=\"https:\/\/tavapy.gov.py\/biblioteca\/wp-content\/uploads\/2022\/05\/DerridaJ-El-lenguaje-y-las-instituciones.pdf\" target=\"_blank\" rel=\"attachment noopener wp-att-4974\"><img loading=\"lazy\" decoding=\"async\" class=\"size-full wp-image-4974 alignleft\" src=\"https:\/\/tavapy.gov.py\/biblioteca\/wp-content\/uploads\/2022\/05\/icono-PDF-copia.png\" alt=\"\" width=\"121\" height=\"140\" \/><\/a><\/p>\n","protected":false},"featured_media":4889,"comment_status":"open","ping_status":"closed","template":"","meta":{"spay_email":""},"product_cat":[355],"product_tag":[],"class_list":{"0":"post-4997","1":"product","2":"type-product","3":"status-publish","4":"has-post-thumbnail","6":"book_author-jacques-derrida","7":"product_cat-filosofia-ensayo","8":"entry"},"_links":{"self":[{"href":"https:\/\/tavapy.gov.py\/biblioteca\/wp-json\/wp\/v2\/product\/4997","targetHints":{"allow":["GET"]}}],"collection":[{"href":"https:\/\/tavapy.gov.py\/biblioteca\/wp-json\/wp\/v2\/product"}],"about":[{"href":"https:\/\/tavapy.gov.py\/biblioteca\/wp-json\/wp\/v2\/types\/product"}],"replies":[{"embeddable":true,"href":"https:\/\/tavapy.gov.py\/biblioteca\/wp-json\/wp\/v2\/comments?post=4997"}],"wp:featuredmedia":[{"embeddable":true,"href":"https:\/\/tavapy.gov.py\/biblioteca\/wp-json\/wp\/v2\/media\/4889"}],"wp:attachment":[{"href":"https:\/\/tavapy.gov.py\/biblioteca\/wp-json\/wp\/v2\/media?parent=4997"}],"wp:term":[{"taxonomy":"product_cat","embeddable":true,"href":"https:\/\/tavapy.gov.py\/biblioteca\/wp-json\/wp\/v2\/product_cat?post=4997"},{"taxonomy":"product_tag","embeddable":true,"href":"https:\/\/tavapy.gov.py\/biblioteca\/wp-json\/wp\/v2\/product_tag?post=4997"}],"curies":[{"name":"wp","href":"https:\/\/api.w.org\/{rel}","templated":true}]}}