{"id":4998,"date":"2022-05-09T22:26:53","date_gmt":"2022-05-09T22:26:53","guid":{"rendered":"https:\/\/tavapy.gov.py\/biblioteca\/?post_type=product&#038;p=4998"},"modified":"2022-05-09T22:26:53","modified_gmt":"2022-05-09T22:26:53","slug":"dilemas-de-la-cultura","status":"publish","type":"product","link":"https:\/\/tavapy.gov.py\/biblioteca\/product\/dilemas-de-la-cultura\/","title":{"rendered":"DILEMAS DE LA CULTURA."},"content":{"rendered":"","protected":false},"excerpt":{"rendered":"<p>Con su propuesta de una \u00abantropolog\u00eda de la antropolog\u00eda\u00bb, el autor de esta obra publicada en 1.995, descubre un dilema que no es exclusivo de los investigadores antrop\u00f3logos, sino que es inherente a toda nuestra cultura.<\/p>\n<p>Vivimos en un mundo en el que se superponen de tal manera diferentes tradiciones, pr\u00e1cticas y sistemas de significaci\u00f3n, que ya no se puede hablar de un punto de vista \u00fanico e id\u00e9ntico ni tampoco de un objeto de estudio \u00abaut\u00e9ntico\u00bb en el sentido cl\u00e1sico. S\u00f3lo se puede estar en la cultura mientras se mira la cultura.<\/p>\n<p>El original an\u00e1lisis de Clifford muestra, por un lado, los profundos dilemas de la lucha de identidad de los indios estadounidenses tal como se reflejan en sus declaraciones en documentos judiciales.<\/p>\n<p>Por otro lado, logra que se perciba bajo una nueva luz la literatura de viajes, las artes primitivistas, las ficciones coloniales de la etnograf\u00eda, las relaciones de poder y di\u00e1logo en el trabajo de campo y las luchas cotidianas de la identidad.<\/p>\n<p><a href=\"https:\/\/tavapy.gov.py\/biblioteca\/wp-content\/uploads\/2022\/05\/Clifford-Dilemas-de-la-cultura.pdf\" target=\"_blank\" rel=\"attachment noopener wp-att-4974\"><img loading=\"lazy\" decoding=\"async\" class=\"size-full wp-image-4974 alignleft\" src=\"https:\/\/tavapy.gov.py\/biblioteca\/wp-content\/uploads\/2022\/05\/icono-PDF-copia.png\" alt=\"\" width=\"121\" height=\"140\" \/><\/a><\/p>\n","protected":false},"featured_media":4887,"comment_status":"open","ping_status":"closed","template":"","meta":{"spay_email":""},"product_cat":[116],"product_tag":[],"class_list":{"0":"post-4998","1":"product","2":"type-product","3":"status-publish","4":"has-post-thumbnail","6":"book_author-james-clifford","7":"product_cat-antropologia-socio-cultural","8":"entry"},"_links":{"self":[{"href":"https:\/\/tavapy.gov.py\/biblioteca\/wp-json\/wp\/v2\/product\/4998","targetHints":{"allow":["GET"]}}],"collection":[{"href":"https:\/\/tavapy.gov.py\/biblioteca\/wp-json\/wp\/v2\/product"}],"about":[{"href":"https:\/\/tavapy.gov.py\/biblioteca\/wp-json\/wp\/v2\/types\/product"}],"replies":[{"embeddable":true,"href":"https:\/\/tavapy.gov.py\/biblioteca\/wp-json\/wp\/v2\/comments?post=4998"}],"wp:featuredmedia":[{"embeddable":true,"href":"https:\/\/tavapy.gov.py\/biblioteca\/wp-json\/wp\/v2\/media\/4887"}],"wp:attachment":[{"href":"https:\/\/tavapy.gov.py\/biblioteca\/wp-json\/wp\/v2\/media?parent=4998"}],"wp:term":[{"taxonomy":"product_cat","embeddable":true,"href":"https:\/\/tavapy.gov.py\/biblioteca\/wp-json\/wp\/v2\/product_cat?post=4998"},{"taxonomy":"product_tag","embeddable":true,"href":"https:\/\/tavapy.gov.py\/biblioteca\/wp-json\/wp\/v2\/product_tag?post=4998"}],"curies":[{"name":"wp","href":"https:\/\/api.w.org\/{rel}","templated":true}]}}