{"id":4999,"date":"2022-05-09T22:31:18","date_gmt":"2022-05-09T22:31:18","guid":{"rendered":"https:\/\/tavapy.gov.py\/biblioteca\/?post_type=product&#038;p=4999"},"modified":"2022-05-09T22:31:18","modified_gmt":"2022-05-09T22:31:18","slug":"ciencia-y-religion-en-el-siglo-xxi-recuperar-el-dialogo","status":"publish","type":"product","link":"https:\/\/tavapy.gov.py\/biblioteca\/product\/ciencia-y-religion-en-el-siglo-xxi-recuperar-el-dialogo\/","title":{"rendered":"CIENCIA Y RELIGI\u00d3N EN EL SIGLO XXI: RECUPERAR EL DI\u00c1LOGO."},"content":{"rendered":"","protected":false},"excerpt":{"rendered":"<p>Esta obra publicada en el 2.012 recoge los temas principales en torno a la relaci\u00f3n entre fe y conocimiento cient\u00edfico que fueron abordados en un simposio internacional celebrado en Madrid, Espa\u00f1a en noviembre del 2.011. Titulado Ciencia y religi\u00f3n en el siglo XXI: \u00bfdi\u00e1logo o confrontaci\u00f3n?, el evento fue organizado por la Fundaci\u00f3n Ram\u00f3n Areces, con la coordinaci\u00f3n cient\u00edfica de Emilio Chuvieco, catedr\u00e1tico de la Universidad de Alcal\u00e1, y Denis Alexander, director del Instituto Faraday de la Universidad de Cambridge.<\/p>\n<p>El simposio se organiz\u00f3 en torno a 12 presentaciones, realizadas por cient\u00edficos de primer nivel en las materias tratadas. En un primer bloque tem\u00e1tico se comentaron algunos aspectos m\u00e1s controvertidos de las relaciones hist\u00f3ricas entre ciencia y religi\u00f3n. El segundo bloque se centr\u00f3 en el inicio y exploraci\u00f3n del universo, el origen de la materia y la evoluci\u00f3n primaria del universo.<\/p>\n<p>El tercer grupo de temas revis\u00f3 las relaciones cerebro y alma, esp\u00edritu y materialidad neurol\u00f3gica. En el cuarto se trat\u00f3 el dise\u00f1o, la evoluci\u00f3n y la finalidad, abord\u00e1ndose el sentido de la aleatoriedad y la finalidad en la ciencia. Finalmente, se abordaron tres conferencias sobre cuestiones \u00e9ticas en la investigaci\u00f3n cient\u00edfica.<\/p>\n<p><a href=\"https:\/\/tavapy.gov.py\/biblioteca\/wp-content\/uploads\/2022\/05\/ChuviecoE-Ciencia-y-religion-en-el-siglo-XXI.pdf\" target=\"_blank\" rel=\"attachment noopener wp-att-4974\"><img loading=\"lazy\" decoding=\"async\" class=\"size-full wp-image-4974 alignleft\" src=\"https:\/\/tavapy.gov.py\/biblioteca\/wp-content\/uploads\/2022\/05\/icono-PDF-copia.png\" alt=\"\" width=\"121\" height=\"140\" \/><\/a><\/p>\n","protected":false},"featured_media":4883,"comment_status":"open","ping_status":"closed","template":"","meta":{"spay_email":""},"product_cat":[419],"product_tag":[],"class_list":{"0":"post-4999","1":"product","2":"type-product","3":"status-publish","4":"has-post-thumbnail","6":"book_author-emilio-chuvieco","7":"product_cat-ciencia-religion","8":"entry"},"_links":{"self":[{"href":"https:\/\/tavapy.gov.py\/biblioteca\/wp-json\/wp\/v2\/product\/4999","targetHints":{"allow":["GET"]}}],"collection":[{"href":"https:\/\/tavapy.gov.py\/biblioteca\/wp-json\/wp\/v2\/product"}],"about":[{"href":"https:\/\/tavapy.gov.py\/biblioteca\/wp-json\/wp\/v2\/types\/product"}],"replies":[{"embeddable":true,"href":"https:\/\/tavapy.gov.py\/biblioteca\/wp-json\/wp\/v2\/comments?post=4999"}],"wp:featuredmedia":[{"embeddable":true,"href":"https:\/\/tavapy.gov.py\/biblioteca\/wp-json\/wp\/v2\/media\/4883"}],"wp:attachment":[{"href":"https:\/\/tavapy.gov.py\/biblioteca\/wp-json\/wp\/v2\/media?parent=4999"}],"wp:term":[{"taxonomy":"product_cat","embeddable":true,"href":"https:\/\/tavapy.gov.py\/biblioteca\/wp-json\/wp\/v2\/product_cat?post=4999"},{"taxonomy":"product_tag","embeddable":true,"href":"https:\/\/tavapy.gov.py\/biblioteca\/wp-json\/wp\/v2\/product_tag?post=4999"}],"curies":[{"name":"wp","href":"https:\/\/api.w.org\/{rel}","templated":true}]}}