{"id":5000,"date":"2022-05-09T22:36:57","date_gmt":"2022-05-09T22:36:57","guid":{"rendered":"https:\/\/tavapy.gov.py\/biblioteca\/?post_type=product&#038;p=5000"},"modified":"2022-05-09T22:36:57","modified_gmt":"2022-05-09T22:36:57","slug":"tu-eres-el-universo","status":"publish","type":"product","link":"https:\/\/tavapy.gov.py\/biblioteca\/product\/tu-eres-el-universo\/","title":{"rendered":"T\u00da ERES EL UNIVERSO."},"content":{"rendered":"","protected":false},"excerpt":{"rendered":"<p>Desbordando el modelo tradicional cient\u00edfico, Chopra y Kafatos muestran aqu\u00ed que todos nosotros somos cocreadores de la realidad y que est\u00e1 a nuestro alcance descubrir que la consciencia es un campo de posibilidades infinitas.<\/p>\n<p>La asombrosa verdad es que el mundo cotidiano de los objetos f\u00edsicos que est\u00e1n \u00abah\u00ed fuera\u00bb esconde una dimensi\u00f3n oculta. Su aut\u00e9ntica y asombrosa realidad aparece cuando incluimos en nuestra investigaci\u00f3n el \u00e1mbito de la consciencia.<\/p>\n<p>T\u00fa eres el universo, obra publicada en el 2.018, \u00a0traza una impactante nueva historia sobre c\u00f3mo llegaron a existir el tiempo, el espacio, la materia y la energ\u00eda, mientras gu\u00eda al lector hasta ese \u00e1mbito en el que cada uno de nosotros dispone de la capacidad de transformar su existencia personal.<\/p>\n<p><a href=\"https:\/\/tavapy.gov.py\/biblioteca\/wp-content\/uploads\/2022\/05\/ChopraD-Tu-eres-el-universo.pdf\" target=\"_blank\" rel=\"attachment noopener wp-att-4974\"><img loading=\"lazy\" decoding=\"async\" class=\"size-full wp-image-4974 alignleft\" src=\"https:\/\/tavapy.gov.py\/biblioteca\/wp-content\/uploads\/2022\/05\/icono-PDF-copia.png\" alt=\"\" width=\"121\" height=\"140\" \/><\/a><\/p>\n","protected":false},"featured_media":4881,"comment_status":"open","ping_status":"closed","template":"","meta":{"spay_email":""},"product_cat":[547],"product_tag":[],"class_list":{"0":"post-5000","1":"product","2":"type-product","3":"status-publish","4":"has-post-thumbnail","6":"book_author-deepak-chopra","7":"product_cat-autoayuda-ciencias-espiritualidad","8":"entry"},"_links":{"self":[{"href":"https:\/\/tavapy.gov.py\/biblioteca\/wp-json\/wp\/v2\/product\/5000","targetHints":{"allow":["GET"]}}],"collection":[{"href":"https:\/\/tavapy.gov.py\/biblioteca\/wp-json\/wp\/v2\/product"}],"about":[{"href":"https:\/\/tavapy.gov.py\/biblioteca\/wp-json\/wp\/v2\/types\/product"}],"replies":[{"embeddable":true,"href":"https:\/\/tavapy.gov.py\/biblioteca\/wp-json\/wp\/v2\/comments?post=5000"}],"wp:featuredmedia":[{"embeddable":true,"href":"https:\/\/tavapy.gov.py\/biblioteca\/wp-json\/wp\/v2\/media\/4881"}],"wp:attachment":[{"href":"https:\/\/tavapy.gov.py\/biblioteca\/wp-json\/wp\/v2\/media?parent=5000"}],"wp:term":[{"taxonomy":"product_cat","embeddable":true,"href":"https:\/\/tavapy.gov.py\/biblioteca\/wp-json\/wp\/v2\/product_cat?post=5000"},{"taxonomy":"product_tag","embeddable":true,"href":"https:\/\/tavapy.gov.py\/biblioteca\/wp-json\/wp\/v2\/product_tag?post=5000"}],"curies":[{"name":"wp","href":"https:\/\/api.w.org\/{rel}","templated":true}]}}