{"id":5001,"date":"2022-05-09T22:42:03","date_gmt":"2022-05-09T22:42:03","guid":{"rendered":"https:\/\/tavapy.gov.py\/biblioteca\/?post_type=product&#038;p=5001"},"modified":"2022-05-09T22:42:04","modified_gmt":"2022-05-09T22:42:04","slug":"avance-de-la-insignificancia","status":"publish","type":"product","link":"https:\/\/tavapy.gov.py\/biblioteca\/product\/avance-de-la-insignificancia\/","title":{"rendered":"AVANCE DE LA INSIGNIFICANCIA."},"content":{"rendered":"","protected":false},"excerpt":{"rendered":"<p>El texto publicado en 1.996 da cauce a la preocupaci\u00f3n del autor respecto a la forma de las sociedades occidentales contempor\u00e1neas: una pseudolibertad sin direcci\u00f3n y un conformismo disfrazado de individualismo que se caracteriza por el repliegue a la esfera de lo privado, adem\u00e1s de la falsa concepci\u00f3n de la democracia como un mero procedimiento que no da cabida a la posibilidad y necesidad de hacerse preguntas respecto a las finalidades de la vida colectiva.<\/p>\n<p>La especificidad de los temas tocados halla su eje en la constataci\u00f3n de que las significaciones imaginarias sociales, se diluyen, pero no hay cuestionamiento ni creaci\u00f3n.<\/p>\n<p>Re\u00fane trabajos que pueden agruparse en relaci\u00f3n con tres grandes ejes: el primero, es un l\u00facido an\u00e1lisis de la compleja crisis (social, pol\u00edtica, econ\u00f3mica, cultural y de sentido) de las sociedades contempor\u00e1neas; el segundo, la compleja cuesti\u00f3n de la articulaci\u00f3n entre la subjetividad y lo hist\u00f3rico-social; el tercero, abordajes generales acerca del imaginario social y reflexiones espec\u00edficas sobre temas clave como la \u00e9tica, la cultura y la democracia.<\/p>\n<p><a href=\"https:\/\/tavapy.gov.py\/biblioteca\/wp-content\/uploads\/2022\/05\/CastoriadisC-El-avance-de-la-insignificancia.pdf\" target=\"_blank\" rel=\"attachment noopener wp-att-4974\"><img loading=\"lazy\" decoding=\"async\" class=\"size-full wp-image-4974 alignleft\" src=\"https:\/\/tavapy.gov.py\/biblioteca\/wp-content\/uploads\/2022\/05\/icono-PDF-copia.png\" alt=\"\" width=\"121\" height=\"140\" \/><\/a><\/p>\n","protected":false},"featured_media":4877,"comment_status":"open","ping_status":"closed","template":"","meta":{"spay_email":""},"product_cat":[549],"product_tag":[],"class_list":{"0":"post-5001","1":"product","2":"type-product","3":"status-publish","4":"has-post-thumbnail","6":"book_author-cornelius-castoriadis","7":"product_cat-ciencias-politicas-y-sociales","8":"entry"},"_links":{"self":[{"href":"https:\/\/tavapy.gov.py\/biblioteca\/wp-json\/wp\/v2\/product\/5001","targetHints":{"allow":["GET"]}}],"collection":[{"href":"https:\/\/tavapy.gov.py\/biblioteca\/wp-json\/wp\/v2\/product"}],"about":[{"href":"https:\/\/tavapy.gov.py\/biblioteca\/wp-json\/wp\/v2\/types\/product"}],"replies":[{"embeddable":true,"href":"https:\/\/tavapy.gov.py\/biblioteca\/wp-json\/wp\/v2\/comments?post=5001"}],"wp:featuredmedia":[{"embeddable":true,"href":"https:\/\/tavapy.gov.py\/biblioteca\/wp-json\/wp\/v2\/media\/4877"}],"wp:attachment":[{"href":"https:\/\/tavapy.gov.py\/biblioteca\/wp-json\/wp\/v2\/media?parent=5001"}],"wp:term":[{"taxonomy":"product_cat","embeddable":true,"href":"https:\/\/tavapy.gov.py\/biblioteca\/wp-json\/wp\/v2\/product_cat?post=5001"},{"taxonomy":"product_tag","embeddable":true,"href":"https:\/\/tavapy.gov.py\/biblioteca\/wp-json\/wp\/v2\/product_tag?post=5001"}],"curies":[{"name":"wp","href":"https:\/\/api.w.org\/{rel}","templated":true}]}}