{"id":5002,"date":"2022-05-09T22:50:00","date_gmt":"2022-05-09T22:50:00","guid":{"rendered":"https:\/\/tavapy.gov.py\/biblioteca\/?post_type=product&#038;p=5002"},"modified":"2022-05-09T22:50:00","modified_gmt":"2022-05-09T22:50:00","slug":"lo-normal-y-lo-patologico","status":"publish","type":"product","link":"https:\/\/tavapy.gov.py\/biblioteca\/product\/lo-normal-y-lo-patologico\/","title":{"rendered":"LO NORMAL Y LO PATOL\u00d3GICO."},"content":{"rendered":"","protected":false},"excerpt":{"rendered":"<p>Un esfuerzo por integrar a la especulaci\u00f3n filos\u00f3fica algunos de los m\u00e9todos y adquisiciones de la medicina, contribuyendo a la renovaci\u00f3n de conceptos metodol\u00f3gicos en la historia de la ciencia.<\/p>\n<p>Cada ciencia tiene su aspecto, su ritmo y su temporalidad espec\u00edfica. Lo importante es reconocer, a trav\u00e9s de la sucesi\u00f3n de las teor\u00edas, la persistencia del problema.<\/p>\n<p>Esta obra de Georges Canguilhem fue publicada en 1.966.<\/p>\n<p><a href=\"https:\/\/tavapy.gov.py\/biblioteca\/wp-content\/uploads\/2022\/05\/Canguilhem_Lo_normal_y_lo_patologico-1.pdf\" target=\"_blank\" rel=\"attachment noopener wp-att-4974\"><img loading=\"lazy\" decoding=\"async\" class=\"size-full wp-image-4974 alignleft\" src=\"https:\/\/tavapy.gov.py\/biblioteca\/wp-content\/uploads\/2022\/05\/icono-PDF-copia.png\" alt=\"\" width=\"121\" height=\"140\" \/><\/a><\/p>\n","protected":false},"featured_media":4875,"comment_status":"open","ping_status":"closed","template":"","meta":{"spay_email":""},"product_cat":[551],"product_tag":[],"class_list":{"0":"post-5002","1":"product","2":"type-product","3":"status-publish","4":"has-post-thumbnail","6":"book_author-georges-canguilhem","7":"product_cat-epistemologia-historia-de-la-ciencia","8":"entry"},"_links":{"self":[{"href":"https:\/\/tavapy.gov.py\/biblioteca\/wp-json\/wp\/v2\/product\/5002","targetHints":{"allow":["GET"]}}],"collection":[{"href":"https:\/\/tavapy.gov.py\/biblioteca\/wp-json\/wp\/v2\/product"}],"about":[{"href":"https:\/\/tavapy.gov.py\/biblioteca\/wp-json\/wp\/v2\/types\/product"}],"replies":[{"embeddable":true,"href":"https:\/\/tavapy.gov.py\/biblioteca\/wp-json\/wp\/v2\/comments?post=5002"}],"wp:featuredmedia":[{"embeddable":true,"href":"https:\/\/tavapy.gov.py\/biblioteca\/wp-json\/wp\/v2\/media\/4875"}],"wp:attachment":[{"href":"https:\/\/tavapy.gov.py\/biblioteca\/wp-json\/wp\/v2\/media?parent=5002"}],"wp:term":[{"taxonomy":"product_cat","embeddable":true,"href":"https:\/\/tavapy.gov.py\/biblioteca\/wp-json\/wp\/v2\/product_cat?post=5002"},{"taxonomy":"product_tag","embeddable":true,"href":"https:\/\/tavapy.gov.py\/biblioteca\/wp-json\/wp\/v2\/product_tag?post=5002"}],"curies":[{"name":"wp","href":"https:\/\/api.w.org\/{rel}","templated":true}]}}