{"id":5003,"date":"2022-05-09T22:53:39","date_gmt":"2022-05-09T22:53:39","guid":{"rendered":"https:\/\/tavapy.gov.py\/biblioteca\/?post_type=product&#038;p=5003"},"modified":"2022-05-09T22:53:39","modified_gmt":"2022-05-09T22:53:39","slug":"antes-del-big-bang-una-historia-completa-del-universo","status":"publish","type":"product","link":"https:\/\/tavapy.gov.py\/biblioteca\/product\/antes-del-big-bang-una-historia-completa-del-universo\/","title":{"rendered":"ANTES DEL BIG BANG: UNA HISTORIA COMPLETA DEL UNIVERSO."},"content":{"rendered":"","protected":false},"excerpt":{"rendered":"<p>En su conocida obra Historia del tiempo, Stephen Hawking afirmaba que preguntar qu\u00e9 hab\u00eda antes del origen del universo es tan absurdo como preguntar qu\u00e9 hay al norte del polo Norte. Desde Einstein, el Big Bang era la \u00faltima frontera que ning\u00fan f\u00edsico se atrev\u00eda a cruzar. Incluso para la teor\u00eda general de la relatividad ese punto ha sido considerado una singularidad que no se puede calcular y cuyas reglas f\u00edsicas no est\u00e1n definidas. Es el punto en que comienza para nosotros el universo.<\/p>\n<p>Pese a todo ello, seguimos haci\u00e9ndonos las mismas preguntas: \u00bfQu\u00e9 hab\u00eda antes del Big Bang? \u00bfC\u00f3mo naci\u00f3 el universo? El joven f\u00edsico Martin Bojowald da respuesta gr\u00e1ficamente y sin f\u00f3rmulas. Sus asombrosos descubrimientos sobre un mundo desconocido y emocionante, con tiempo negativo, inversi\u00f3n de la orientaci\u00f3n espacial y un cosmos que se contrae para expandirse despu\u00e9s del Big Bang actualizan viejos modelos cosmol\u00f3gicos sobre los ciclos de expansi\u00f3n y colapso del universo.<\/p>\n<p>Esta obra de Martin Bojowald fue publicada en el 2.009.<\/p>\n<p><a href=\"https:\/\/tavapy.gov.py\/biblioteca\/wp-content\/uploads\/2022\/05\/BojowaldM-Antes-del-Big-Bang.pdf\" target=\"_blank\" rel=\"attachment noopener wp-att-4974\"><img loading=\"lazy\" decoding=\"async\" class=\"size-full wp-image-4974 alignleft\" src=\"https:\/\/tavapy.gov.py\/biblioteca\/wp-content\/uploads\/2022\/05\/icono-PDF-copia.png\" alt=\"\" width=\"121\" height=\"140\" \/><\/a><\/p>\n","protected":false},"featured_media":4872,"comment_status":"open","ping_status":"closed","template":"","meta":{"spay_email":""},"product_cat":[401],"product_tag":[],"class_list":{"0":"post-5003","1":"product","2":"type-product","3":"status-publish","4":"has-post-thumbnail","6":"book_author-martin-bojowald","7":"product_cat-fisica-moderna-cosmologia","8":"entry"},"_links":{"self":[{"href":"https:\/\/tavapy.gov.py\/biblioteca\/wp-json\/wp\/v2\/product\/5003","targetHints":{"allow":["GET"]}}],"collection":[{"href":"https:\/\/tavapy.gov.py\/biblioteca\/wp-json\/wp\/v2\/product"}],"about":[{"href":"https:\/\/tavapy.gov.py\/biblioteca\/wp-json\/wp\/v2\/types\/product"}],"replies":[{"embeddable":true,"href":"https:\/\/tavapy.gov.py\/biblioteca\/wp-json\/wp\/v2\/comments?post=5003"}],"wp:featuredmedia":[{"embeddable":true,"href":"https:\/\/tavapy.gov.py\/biblioteca\/wp-json\/wp\/v2\/media\/4872"}],"wp:attachment":[{"href":"https:\/\/tavapy.gov.py\/biblioteca\/wp-json\/wp\/v2\/media?parent=5003"}],"wp:term":[{"taxonomy":"product_cat","embeddable":true,"href":"https:\/\/tavapy.gov.py\/biblioteca\/wp-json\/wp\/v2\/product_cat?post=5003"},{"taxonomy":"product_tag","embeddable":true,"href":"https:\/\/tavapy.gov.py\/biblioteca\/wp-json\/wp\/v2\/product_tag?post=5003"}],"curies":[{"name":"wp","href":"https:\/\/api.w.org\/{rel}","templated":true}]}}