{"id":5004,"date":"2022-05-09T22:59:06","date_gmt":"2022-05-09T22:59:06","guid":{"rendered":"https:\/\/tavapy.gov.py\/biblioteca\/?post_type=product&#038;p=5004"},"modified":"2022-05-09T22:59:06","modified_gmt":"2022-05-09T22:59:06","slug":"cultura-y-simulacro","status":"publish","type":"product","link":"https:\/\/tavapy.gov.py\/biblioteca\/product\/cultura-y-simulacro\/","title":{"rendered":"CULTURA Y SIMULACRO."},"content":{"rendered":"","protected":false},"excerpt":{"rendered":"<p>Jean Baudrillard se ha convertido en el soci\u00f3logo por antonomasia de la era \u00abpost-marxista\u00bb. Sus an\u00e1lisis sobre el mundo de los signos, el fin de lo social, el delirio de explicarlo todo, se han hecho c\u00e9lebres. Un atentado terrorista, \u00bfes una farsa pol\u00edtica? La b\u00fasqueda de pruebas \u00abobjetivas\u00bb se pierde en el v\u00e9rtigo interpretativo. El caso es que nos enfrentamos con una l\u00f3gica de la simulaci\u00f3n que no tiene ya nada que ver con la l\u00f3gica de los hechos.<\/p>\n<p>La simulaci\u00f3n se caracteriza por la precesi\u00f3n del modelo sobre el hecho. El mundo entero ya no es real sino que pertenece al orden de lo hiperreal y de la simulaci\u00f3n. No se trata ya de interpretar falsamente la realidad (ideolog\u00eda) sino de ocultar que la realidad ya no es necesaria. Las masas absorben toda la electricidad de lo social y de lo pol\u00edtico; la neutralizan sin retorno. Las masas no son buenas conductoras, no irradian sino que, al contrario, absorben toda la radiaci\u00f3n de la Historia, de la Cultura, del Sentido.<\/p>\n<p>Las masas son inercia; son el poder de lo neutro, un fen\u00f3meno altamente implosivo. Con una prosa nerviosa y sincopada, con un aliento cuasi prof\u00e9tico, con una sensibilidad ya post-moderna, Jean Baudrillard va desarrollando sus m\u00e1s provocativas ideas a lo largo de los ensayos que componen este libro.<\/p>\n<p><a href=\"https:\/\/tavapy.gov.py\/biblioteca\/wp-content\/uploads\/2022\/05\/BaudrillardJ-Culturaysimulacro.pdf\" target=\"_blank\" rel=\"attachment noopener wp-att-4974\"><img loading=\"lazy\" decoding=\"async\" class=\"size-full wp-image-4974 alignleft\" src=\"https:\/\/tavapy.gov.py\/biblioteca\/wp-content\/uploads\/2022\/05\/icono-PDF-copia.png\" alt=\"\" width=\"121\" height=\"140\" \/><\/a><\/p>\n","protected":false},"featured_media":4870,"comment_status":"open","ping_status":"closed","template":"","meta":{"spay_email":""},"product_cat":[355],"product_tag":[],"class_list":{"0":"post-5004","1":"product","2":"type-product","3":"status-publish","4":"has-post-thumbnail","6":"book_author-jean-baudrillard","7":"product_cat-filosofia-ensayo","8":"entry"},"_links":{"self":[{"href":"https:\/\/tavapy.gov.py\/biblioteca\/wp-json\/wp\/v2\/product\/5004","targetHints":{"allow":["GET"]}}],"collection":[{"href":"https:\/\/tavapy.gov.py\/biblioteca\/wp-json\/wp\/v2\/product"}],"about":[{"href":"https:\/\/tavapy.gov.py\/biblioteca\/wp-json\/wp\/v2\/types\/product"}],"replies":[{"embeddable":true,"href":"https:\/\/tavapy.gov.py\/biblioteca\/wp-json\/wp\/v2\/comments?post=5004"}],"wp:featuredmedia":[{"embeddable":true,"href":"https:\/\/tavapy.gov.py\/biblioteca\/wp-json\/wp\/v2\/media\/4870"}],"wp:attachment":[{"href":"https:\/\/tavapy.gov.py\/biblioteca\/wp-json\/wp\/v2\/media?parent=5004"}],"wp:term":[{"taxonomy":"product_cat","embeddable":true,"href":"https:\/\/tavapy.gov.py\/biblioteca\/wp-json\/wp\/v2\/product_cat?post=5004"},{"taxonomy":"product_tag","embeddable":true,"href":"https:\/\/tavapy.gov.py\/biblioteca\/wp-json\/wp\/v2\/product_tag?post=5004"}],"curies":[{"name":"wp","href":"https:\/\/api.w.org\/{rel}","templated":true}]}}