{"id":5005,"date":"2022-05-09T23:02:33","date_gmt":"2022-05-09T23:02:33","guid":{"rendered":"https:\/\/tavapy.gov.py\/biblioteca\/?post_type=product&#038;p=5005"},"modified":"2022-05-09T23:02:33","modified_gmt":"2022-05-09T23:02:33","slug":"meditaciones","status":"publish","type":"product","link":"https:\/\/tavapy.gov.py\/biblioteca\/product\/meditaciones\/","title":{"rendered":"MEDITACIONES."},"content":{"rendered":"","protected":false},"excerpt":{"rendered":"<p>Considerado uno de los grandes pensadores del estoicismo romano, el emperador Marco Aurelio (121-180 d.C.) escribi\u00f3 hacia el final de su vida estas singulares \u00bb Meditaciones \u00ab: notas y apuntes tomados al hilo de las circunstancias y de los caprichos de la imaginaci\u00f3n que se articulan en p\u00e1rrafos generalmente breves y desconectados entre s\u00ed.<\/p>\n<p>Dividido en doce libros, este manual de los principios de psicolog\u00eda y de moral del \u00faltimo representante del estoicismo romano reflexiona sobre la inevitabilidad de las cosas, la b\u00fasqueda de la virtud y la indiferencia del sabio ante los bienes y los males, principios que influir\u00edan despu\u00e9s tanto sobre la moral cristiana como sobre el humanismo secularizado.<\/p>\n<p>Fue originalmente redactada en griego entre los a\u00f1os 170 y 180. La obra, en doce tomos, es \u00fanica en su g\u00e9nero, y parece recorrer los \u00faltimos a\u00f1os de la vida interior de este emperador.<\/p>\n<p><a href=\"https:\/\/tavapy.gov.py\/biblioteca\/wp-content\/uploads\/2022\/05\/AurelioM-Meditaciones.pdf\" target=\"_blank\" rel=\"attachment noopener wp-att-4974\"><img loading=\"lazy\" decoding=\"async\" class=\"size-full wp-image-4974 alignleft\" src=\"https:\/\/tavapy.gov.py\/biblioteca\/wp-content\/uploads\/2022\/05\/icono-PDF-copia.png\" alt=\"\" width=\"121\" height=\"140\" \/><\/a><\/p>\n","protected":false},"featured_media":4865,"comment_status":"open","ping_status":"closed","template":"","meta":{"spay_email":""},"product_cat":[59],"product_tag":[],"class_list":{"0":"post-5005","1":"product","2":"type-product","3":"status-publish","4":"has-post-thumbnail","6":"book_author-marco-aurelio","7":"product_cat-filosofia","8":"entry"},"_links":{"self":[{"href":"https:\/\/tavapy.gov.py\/biblioteca\/wp-json\/wp\/v2\/product\/5005","targetHints":{"allow":["GET"]}}],"collection":[{"href":"https:\/\/tavapy.gov.py\/biblioteca\/wp-json\/wp\/v2\/product"}],"about":[{"href":"https:\/\/tavapy.gov.py\/biblioteca\/wp-json\/wp\/v2\/types\/product"}],"replies":[{"embeddable":true,"href":"https:\/\/tavapy.gov.py\/biblioteca\/wp-json\/wp\/v2\/comments?post=5005"}],"wp:featuredmedia":[{"embeddable":true,"href":"https:\/\/tavapy.gov.py\/biblioteca\/wp-json\/wp\/v2\/media\/4865"}],"wp:attachment":[{"href":"https:\/\/tavapy.gov.py\/biblioteca\/wp-json\/wp\/v2\/media?parent=5005"}],"wp:term":[{"taxonomy":"product_cat","embeddable":true,"href":"https:\/\/tavapy.gov.py\/biblioteca\/wp-json\/wp\/v2\/product_cat?post=5005"},{"taxonomy":"product_tag","embeddable":true,"href":"https:\/\/tavapy.gov.py\/biblioteca\/wp-json\/wp\/v2\/product_tag?post=5005"}],"curies":[{"name":"wp","href":"https:\/\/api.w.org\/{rel}","templated":true}]}}