{"id":5006,"date":"2022-05-10T03:40:43","date_gmt":"2022-05-10T03:40:43","guid":{"rendered":"https:\/\/tavapy.gov.py\/biblioteca\/?post_type=product&#038;p=5006"},"modified":"2022-05-10T03:40:43","modified_gmt":"2022-05-10T03:40:43","slug":"el-hombre-bicentenario","status":"publish","type":"product","link":"https:\/\/tavapy.gov.py\/biblioteca\/product\/el-hombre-bicentenario\/","title":{"rendered":"EL HOMBRE BICENTENARIO."},"content":{"rendered":"","protected":false},"excerpt":{"rendered":"<p>\u00abEsta historia, que apareci\u00f3 por primera vez en 1976, fue mi exposici\u00f3n m\u00e1s clarividente del desarrollo de los robots. Trataba del deseo de un robot de convertirse en hombre y la forma en que realizaba este deseo, paso a paso. No ten\u00eda intenci\u00f3n de escribir esta historia cuando la empec\u00e9, se escribi\u00f3 sola, y se traz\u00f3 y entrelaz\u00f3 en la m\u00e1quina de escribir. Acab\u00f3 siendo la tercera de mis historias favoritas, entre todas las escritas.\u00bb<\/p>\n<p>El hombre bicentenario, merecedora de los prestigiosos premios Hugo y Nebula, fue escrita originalmente por encargo para una antolog\u00eda de relatos conmemorativa del bicentenario de la independencia de Estados Unidos que nunca se public\u00f3.<\/p>\n<p><a href=\"https:\/\/tavapy.gov.py\/biblioteca\/wp-content\/uploads\/2022\/05\/AsimovI-El-hombre-bicentenario.pdf\" target=\"_blank\" rel=\"attachment noopener wp-att-4974\"><img loading=\"lazy\" decoding=\"async\" class=\"size-full wp-image-4974 alignleft\" src=\"https:\/\/tavapy.gov.py\/biblioteca\/wp-content\/uploads\/2022\/05\/icono-PDF-copia.png\" alt=\"\" width=\"121\" height=\"140\" \/><\/a><\/p>\n","protected":false},"featured_media":4863,"comment_status":"open","ping_status":"closed","template":"","meta":{"spay_email":""},"product_cat":[556],"product_tag":[],"class_list":{"0":"post-5006","1":"product","2":"type-product","3":"status-publish","4":"has-post-thumbnail","6":"book_author-isaac-asimov","7":"product_cat-cuento-ciencia-ficcion","8":"entry"},"_links":{"self":[{"href":"https:\/\/tavapy.gov.py\/biblioteca\/wp-json\/wp\/v2\/product\/5006","targetHints":{"allow":["GET"]}}],"collection":[{"href":"https:\/\/tavapy.gov.py\/biblioteca\/wp-json\/wp\/v2\/product"}],"about":[{"href":"https:\/\/tavapy.gov.py\/biblioteca\/wp-json\/wp\/v2\/types\/product"}],"replies":[{"embeddable":true,"href":"https:\/\/tavapy.gov.py\/biblioteca\/wp-json\/wp\/v2\/comments?post=5006"}],"wp:featuredmedia":[{"embeddable":true,"href":"https:\/\/tavapy.gov.py\/biblioteca\/wp-json\/wp\/v2\/media\/4863"}],"wp:attachment":[{"href":"https:\/\/tavapy.gov.py\/biblioteca\/wp-json\/wp\/v2\/media?parent=5006"}],"wp:term":[{"taxonomy":"product_cat","embeddable":true,"href":"https:\/\/tavapy.gov.py\/biblioteca\/wp-json\/wp\/v2\/product_cat?post=5006"},{"taxonomy":"product_tag","embeddable":true,"href":"https:\/\/tavapy.gov.py\/biblioteca\/wp-json\/wp\/v2\/product_tag?post=5006"}],"curies":[{"name":"wp","href":"https:\/\/api.w.org\/{rel}","templated":true}]}}